{"id":374,"date":"2025-02-21T16:23:29","date_gmt":"2025-02-21T15:23:29","guid":{"rendered":"https:\/\/gradient.webgiantdemo.se\/hem\/"},"modified":"2025-11-18T16:32:02","modified_gmt":"2025-11-18T15:32:02","slug":"hem","status":"publish","type":"page","link":"https:\/\/gradient-benchmark.com\/da\/","title":{"rendered":"Hem"},"content":{"rendered":"<h1>F\u00f8rende i &#8220;Customer Benchmarking&#8221; i Norden<\/h1>\n<div>\n<p>Velkommen til Gradient Benchmark A\/S &#8211; Vi tilbyder benchmarking-tjenester, der hj\u00e6lper organisationer med effektivt at sammenligne og forbedre deres ydeevne inden for kundebehandling og relaterede omr\u00e5der.<\/p>\n<\/div>\n<p><p>\n        <a href=\"\/da\/kontakt\/\">Kontakt<\/a>\n    <\/p>\n<\/p>\n<p><img decoding=\"async\" src=\"\/wp-content\/uploads\/2025\/11\/Team-Rynkeby-sponsor-bannere-2026-1348x260px_Gold_SE.jpg\" alt=\"\"><\/p>\n<div><span class=\"uk-text-primary\">Med vores dybe branchekendskab og avancerede analyser af b\u00e5de interne og eksterne data, hj\u00e6lper vi dig med at forst\u00e5, hvordan du ligger i forhold til konkurrenter og branchestandarder. Ved at identificere styrker og udviklingsmuligheder<\/span> giver vi dig den indsigt, du beh\u00f8ver for at effektivisere processer, optimere ressourcer og forbedre kundeoplevelsen. Med vores ekspertise inden for benchmarking kan du hurtigt og nemt identificere forbedringsomr\u00e5der og s\u00e6tte strategiske tiltag for at n\u00e5 dine forretningsm\u00e5l. Kontakt os i dag for at opdage, hvordan vi kan st\u00f8tte din rejse mod h\u00f8jere pr\u00e6station og konkurrencefordele!<\/div>\n<p><p>\n        <a href=\"\/da\/kontakt\/\">Kontakt<\/a>\n    <\/p>\n<\/p>\n<p><img decoding=\"async\" src=\"\/wp-content\/uploads\/2025\/02\/img_hand.png\" alt=\"\"><\/p>\n<h2>Attitudes Impact Business<\/h2>\n<div>\n<p>En faktabaseret viden om forholdet mellem detailakt\u00f8r og leverand\u00f8r er en vigtig foruds\u00e6tning for at opretholde og udvide samarbejdet effektivt. Relationer pr\u00e6ges af opfattelser og holdninger &#8211; og det er n\u00f8dvendigt at kende disse opfattelser for at kunne \u00e6ndre dem i den \u00f8nskede retning.<\/p>\n<p>At afl\u00e6se et salgsresultat i virksomheden giver kun svar p\u00e5, hvad der er sket \u2013 men ikke hvorfor det skete. Med vores model for kundebenchmarking f\u00e5r hver akt\u00f8r sine unikke svar p\u00e5 de bagvedliggende forklaringsfaktorer i deres samarbejde med detail\/leverand\u00f8rer.<\/p>\n<p>Ved at besvare unders\u00f8gelserne &#8211; frit og fuldst\u00e6ndigt &#8211; giver man sine samarbejdspartnere en feedback, som g\u00f8r, at de kan forts\u00e6tte med de rigtige satsninger, og samtidig afhj\u00e6lpe de mangler, der kan findes i samarbejdet.<\/p>\n<p>Det vil alle vinde p\u00e5. Og de gensidige evalueringer giver tilsvarende feedback tilbage<\/p>\n<\/div>\n<h2>Hvad giver kundebenchmarking?<\/h2>\n<ul>\n<li>\n<p>&bull; L\u00e6s<\/p>\n<div>Forbedret l\u00f8nsomhed gennem en <br \/>forbedret f\u00e6lles forst\u00e5else med forretningspartneren<\/div>\n<\/li>\n<li>\n<p>&bull; L\u00e6s<\/p>\n<div>Forbedret l\u00f8nsomhed gennem en <br \/>forbedret f\u00e6lles forst\u00e5else med forretningspartneren<\/div>\n<\/li>\n<li>\n<p>&bull; L\u00e6s<\/p>\n<div>En forst\u00e5else for udviklingen i <br \/>trends og pr\u00e6station over tid<\/div>\n<\/li>\n<li>\n<p>&bull; L\u00e6s<\/p>\n<div>\n<p>Et objektivt billede af, hvordan forretningspartnere<br \/>oplever samarbejdet<\/p>\n<\/div>\n<\/li>\n<li>\n<p>&bull; L\u00e6s<\/p>\n<div>En benchmark af organisationens pr\u00e6station i <br \/>sammenligning med konkurrenter i kategorien<\/div>\n<\/li>\n<\/ul>\n<h2>Integritet og h\u00e5ndtering<br \/> af information<\/h2>\n<p><p>\n        <a href=\"\/da\/kontakt\/\">Kontakt<\/a>\n    <\/p>\n<\/p>\n<div>\n<p><span class=\"uk-text-primary\">At agere som en uafh\u00e6ngig akt\u00f8r mellem detail- og leverand\u00f8rled er en<\/span> opgave, der forpligter.<\/p>\n<p>Vores omfattende erfaring og overblik giver en unik mulighed for at r\u00e5dgive forskellige akt\u00f8rer omkring resultaterne i evalueringerne. Samtidig g\u00e5r vi aldrig p\u00e5 kompromis med vores integritet omkring den enkelte akt\u00f8rs resultater og situation. Alle svar behandles strengt anonymt og fortroligt. Ingen enkeltperson eller virksomhed kan identificeres eller knyttes til de svar, der er afgivet.<\/p>\n<\/div>\n<p><!--more--><br \/>\n<!-- {\"type\":\"layout\",\"children\":[{\"type\":\"section\",\"props\":{\"animation\":\"fade\",\"animation_delay\":\"100\",\"css\":\".el-section .uk-background-cover{\\n\\tbackground-position: center -2px ;\\n background-color: #0E1419;\\n}\",\"height\":\"viewport\",\"height_viewport\":80,\"image\":\"wp-content\\\/uploads\\\/2025\\\/02\\\/img_hero_bg.png\",\"image_position\":\"top-center\",\"image_size\":\"cover\",\"style\":\"default\",\"text_color\":\"light\",\"title_breakpoint\":\"xl\",\"title_position\":\"top-left\",\"title_rotation\":\"left\",\"vertical_align\":\"middle\",\"width\":\"default\"},\"children\":[{\"type\":\"row\",\"children\":[{\"type\":\"column\",\"props\":{\"image_position\":\"center-center\",\"position_sticky_breakpoint\":\"m\"},\"children\":[{\"type\":\"headline\",\"props\":{\"content\":\"F\\u00f8rende i \\\"Customer Benchmarking\\\" i Norden\",\"text_align\":\"center\",\"title_element\":\"h1\"}},{\"type\":\"text\",\"props\":{\"block_align\":\"center\",\"column_breakpoint\":\"m\",\"content\":\"\n\n<p>Velkommen til Gradient Benchmark A\\\/S - Vi tilbyder benchmarking-tjenester, der hj\\u00e6lper organisationer med effektivt at sammenligne og forbedre deres ydeevne inden for kundebehandling og relaterede omr\\u00e5der.<\\\/p>\",\"margin\":\"default\",\"maxwidth\":\"xlarge\",\"text_align\":\"center\"}},{\"type\":\"button\",\"props\":{\"grid_column_gap\":\"small\",\"grid_row_gap\":\"small\",\"margin\":\"default\",\"text_align\":\"center\"},\"children\":[{\"type\":\"button_item\",\"props\":{\"button_style\":\"primary\",\"content\":\"Kontakt\",\"dialog_layout\":\"modal\",\"dialog_offcanvas_flip\":true,\"icon_align\":\"left\",\"link\":\"da\\\/kontakt\\\/\"}}]},{\"type\":\"image\",\"props\":{\"image\":\"wp-content\\\/uploads\\\/2025\\\/11\\\/Team-Rynkeby-sponsor-bannere-2026-1348x260px_Gold_SE.jpg\",\"image_border\":\"pill\",\"image_svg_color\":\"emphasis\",\"image_width\":500,\"margin\":\"default\",\"position\":\"relative\",\"position_left\":\"330\"}}]}]}]},{\"type\":\"section\",\"props\":{\"animation\":\"slide-bottom-small\",\"animation_delay\":\"200\",\"image_position\":\"center-center\",\"style\":\"default\",\"title_breakpoint\":\"xl\",\"title_position\":\"top-left\",\"title_rotation\":\"left\",\"vertical_align\":\"middle\",\"width\":\"large\"},\"children\":[{\"type\":\"row\",\"props\":{\"layout\":\"5-6,1-6|4-5,1-5\"},\"children\":[{\"type\":\"column\",\"props\":{\"image_position\":\"center-center\",\"position_sticky_breakpoint\":\"m\",\"width_medium\":\"5-6\",\"width_small\":\"4-5\"},\"children\":[{\"type\":\"text\",\"props\":{\"column_breakpoint\":\"m\",\"content\":\"<span class=\\\"uk-text-primary\\\">Med vores dybe branchekendskab og avancerede analyser af b\\u00e5de interne og eksterne data, hj\\u00e6lper vi dig med at forst\\u00e5, hvordan du ligger i forhold til konkurrenter og branchestandarder. Ved at identificere styrker og udviklingsmuligheder<\\\/span> giver vi dig den indsigt, du beh\\u00f8ver for at effektivisere processer, optimere ressourcer og forbedre kundeoplevelsen. Med vores ekspertise inden for benchmarking kan du hurtigt og nemt identificere forbedringsomr\\u00e5der og s\\u00e6tte strategiske tiltag for at n\\u00e5 dine forretningsm\\u00e5l. Kontakt os i dag for at opdage, hvordan vi kan st\\u00f8tte din rejse mod h\\u00f8jere pr\\u00e6station og konkurrencefordele!\",\"margin\":\"default\",\"text_style\":\"large\"}},{\"type\":\"button\",\"props\":{\"grid_column_gap\":\"small\",\"grid_row_gap\":\"small\",\"margin\":\"medium\"},\"children\":[{\"type\":\"button_item\",\"props\":{\"button_style\":\"primary\",\"content\":\"Kontakt\",\"dialog_layout\":\"modal\",\"dialog_offcanvas_flip\":true,\"icon_align\":\"left\",\"link\":\"da\\\/kontakt\\\/\"}}]}]},{\"type\":\"column\",\"props\":{\"image_position\":\"center-center\",\"position_sticky_breakpoint\":\"m\",\"width_medium\":\"1-6\",\"width_small\":\"1-5\"}}]}]},{\"type\":\"section\",\"props\":{\"animation\":\"slide-bottom-small\",\"animation_delay\":\"100\",\"image_position\":\"center-center\",\"style\":\"default\",\"title_breakpoint\":\"xl\",\"title_position\":\"top-left\",\"title_rotation\":\"left\",\"vertical_align\":\"middle\",\"width\":\"large\"},\"children\":[{\"type\":\"row\",\"children\":[{\"type\":\"column\",\"props\":{\"class\":\"wg-card-default\",\"image_position\":\"center-center\",\"padding\":\"large\",\"position_sticky_breakpoint\":\"m\",\"style\":\"card-default\"},\"children\":[{\"type\":\"fragment\",\"props\":{\"margin\":\"default\"},\"children\":[{\"type\":\"row\",\"props\":{\"layout\":\"1-2,1-2\"},\"children\":[{\"type\":\"column\",\"props\":{\"image_position\":\"center-center\",\"position_sticky_breakpoint\":\"m\",\"width_medium\":\"1-2\"},\"children\":[{\"type\":\"image\",\"props\":{\"image\":\"wp-content\\\/uploads\\\/2025\\\/02\\\/img_hand.png\",\"image_border\":\"rounded\",\"image_svg_color\":\"emphasis\",\"image_width\":540,\"margin\":\"default\",\"text_align\":\"left\",\"text_align_breakpoint\":\"s\",\"text_align_fallback\":\"center\"}}]},{\"type\":\"column\",\"props\":{\"image_position\":\"center-center\",\"position_sticky_breakpoint\":\"m\",\"width_medium\":\"1-2\"},\"children\":[{\"type\":\"headline\",\"props\":{\"content\":\"Attitudes Impact Business\",\"margin\":\"default\",\"margin_remove_top\":false,\"title_element\":\"h2\"}},{\"type\":\"text\",\"props\":{\"class\":\"wg-p-text-color\",\"column_breakpoint\":\"m\",\"content\":\"\n\n<p>En faktabaseret viden om forholdet mellem detailakt\\u00f8r og leverand\\u00f8r er en vigtig foruds\\u00e6tning for at opretholde og udvide samarbejdet effektivt. Relationer pr\\u00e6ges af opfattelser og holdninger - og det er n\\u00f8dvendigt at kende disse opfattelser for at kunne \\u00e6ndre dem i den \\u00f8nskede retning.<\\\/p>\\n\n\n<p>At afl\\u00e6se et salgsresultat i virksomheden giver kun svar p\\u00e5, hvad der er sket \\u2013 men ikke hvorfor det skete. Med vores model for kundebenchmarking f\\u00e5r hver akt\\u00f8r sine unikke svar p\\u00e5 de bagvedliggende forklaringsfaktorer i deres samarbejde med detail\\\/leverand\\u00f8rer.<\\\/p>\\n\n\n<p>Ved at besvare unders\\u00f8gelserne - frit og fuldst\\u00e6ndigt - giver man sine samarbejdspartnere en feedback, som g\\u00f8r, at de kan forts\\u00e6tte med de rigtige satsninger, og samtidig afhj\\u00e6lpe de mangler, der kan findes i samarbejdet.<\\\/p>\\n\n\n<p>Det vil alle vinde p\\u00e5. Og de gensidige evalueringer giver tilsvarende feedback tilbage<\\\/p>\",\"margin\":\"medium\"}}]}]}]}]}]}],\"name\":\"Attitude\"},{\"type\":\"section\",\"props\":{\"animation\":\"slide-bottom-small\",\"animation_delay\":\"100\",\"image_position\":\"center-center\",\"style\":\"default\",\"title_breakpoint\":\"xl\",\"title_position\":\"top-left\",\"title_rotation\":\"left\",\"vertical_align\":\"middle\",\"width\":\"large\"},\"children\":[{\"type\":\"row\",\"children\":[{\"type\":\"column\",\"props\":{\"class\":\"uk-light\",\"image\":\"wp-content\\\/uploads\\\/2025\\\/02\\\/img_coil.png\",\"image_position\":\"bottom-right\",\"media_visibility\":\"m\",\"padding\":\"large\",\"position_sticky_breakpoint\":\"m\",\"style\":\"card-primary\"},\"children\":[{\"type\":\"fragment\",\"props\":{\"margin\":\"default\"},\"children\":[{\"type\":\"row\",\"props\":{\"layout\":\"2-3,1-3\"},\"children\":[{\"type\":\"column\",\"props\":{\"image_position\":\"center-center\",\"position_sticky_breakpoint\":\"m\",\"width_medium\":\"2-3\"},\"children\":[{\"type\":\"headline\",\"props\":{\"content\":\"Hvad giver kundebenchmarking?\",\"title_element\":\"h2\",\"title_style\":\"h1\"}},{\"type\":\"grid\",\"props\":{\"content_column_breakpoint\":\"m\",\"content_margin\":\"small\",\"css\":\".el-element .uk-card-default{\\n\\tborder: 2px solid var(--p-text, #414A55);\\n padding: 20px;\\n border-radius: 20px;\\n background: transparent;\\n color: #FEFEFE;\\n}\\n.el-meta{\\n\\tfont-size: 10px;\\n color: var(--blue, #0028A6);\\n text-transform: inherit;\\n letter-spacing: -0.2px;\\n}\\n@media screen and (max-width: 680px){\\n .el-content br{\\n \\tdisplay:none;\\n }\\n}\",\"filter_align\":\"left\",\"filter_all\":true,\"filter_grid_breakpoint\":\"m\",\"filter_grid_width\":\"auto\",\"filter_position\":\"top\",\"filter_style\":\"tab\",\"grid_column_gap\":\"medium\",\"grid_default\":\"1\",\"grid_masonry\":\"next\",\"grid_medium\":\"auto\",\"grid_row_gap\":\"medium\",\"icon_width\":80,\"image_align\":\"top\",\"image_grid_breakpoint\":\"m\",\"image_grid_width\":\"1-2\",\"image_svg_color\":\"emphasis\",\"item_animation\":true,\"lightbox_bg_close\":true,\"link_style\":\"default\",\"link_text\":\"Read more\",\"margin\":\"large\",\"maxwidth\":\"2xlarge\",\"meta_align\":\"below-title\",\"meta_element\":\"div\",\"meta_style\":\"text-meta\",\"panel_padding\":\"small\",\"panel_style\":\"card-default\",\"show_content\":true,\"show_hover_image\":true,\"show_hover_video\":true,\"show_image\":true,\"show_link\":true,\"show_meta\":true,\"show_title\":true,\"show_video\":true,\"title_align\":\"top\",\"title_element\":\"h3\",\"title_grid_breakpoint\":\"m\",\"title_grid_width\":\"1-2\",\"title_hover_style\":\"reset\"},\"children\":[{\"type\":\"grid_item\",\"props\":{\"content\":\"Forbedret l\\u00f8nsomhed gennem en <br\\\/>forbedret f\\u00e6lles forst\\u00e5else med forretningspartneren\",\"meta\":\"&bull; L\\u00e6s\"}},{\"type\":\"grid_item\",\"props\":{\"content\":\"Forbedret l\\u00f8nsomhed gennem en <br\\\/>forbedret f\\u00e6lles forst\\u00e5else med forretningspartneren\",\"meta\":\"&bull; L\\u00e6s\"}},{\"type\":\"grid_item\",\"props\":{\"content\":\"En forst\\u00e5else for udviklingen i <br\\\/>trends og pr\\u00e6station over tid\",\"meta\":\"&bull; L\\u00e6s\"}},{\"type\":\"grid_item\",\"props\":{\"content\":\"\n\n<p>Et objektivt billede af, hvordan forretningspartnere<br \\\/>oplever samarbejdet<\\\/p>\",\"meta\":\"&bull; L\\u00e6s\"}},{\"type\":\"grid_item\",\"props\":{\"content\":\"En benchmark af organisationens pr\\u00e6station i <br\\\/>sammenligning med konkurrenter i kategorien\",\"meta\":\"&bull; L\\u00e6s\"}}]}]},{\"type\":\"column\",\"props\":{\"image_position\":\"center-center\",\"position_sticky_breakpoint\":\"m\",\"width_medium\":\"1-3\"}}]}]}]}]}]},{\"type\":\"section\",\"props\":{\"animation\":\"slide-right-medium\",\"animation_delay\":\"100\",\"image_position\":\"center-center\",\"style\":\"default\",\"title_breakpoint\":\"xl\",\"title_position\":\"top-left\",\"title_rotation\":\"left\",\"vertical_align\":\"middle\",\"width\":\"large\"},\"children\":[{\"type\":\"row\",\"props\":{\"layout\":\"1-2,1-2\"},\"children\":[{\"type\":\"column\",\"props\":{\"image_position\":\"center-center\",\"position_sticky_breakpoint\":\"m\",\"width_medium\":\"1-2\"},\"children\":[{\"type\":\"headline\",\"props\":{\"content\":\"Integritet og h\\u00e5ndtering<br\\\/> af information\",\"title_element\":\"h2\"}},{\"type\":\"button\",\"props\":{\"grid_column_gap\":\"small\",\"grid_row_gap\":\"small\",\"margin\":\"medium\"},\"children\":[{\"type\":\"button_item\",\"props\":{\"button_style\":\"primary\",\"content\":\"Kontakt\",\"dialog_layout\":\"modal\",\"dialog_offcanvas_flip\":true,\"icon_align\":\"left\",\"link\":\"da\\\/kontakt\\\/\"}}]}]},{\"type\":\"column\",\"props\":{\"image_position\":\"center-center\",\"position_sticky_breakpoint\":\"m\",\"width_medium\":\"1-2\"},\"children\":[{\"type\":\"text\",\"props\":{\"column_breakpoint\":\"m\",\"content\":\"\n\n<p><span class=\\\"uk-text-primary\\\">At agere som en uafh\\u00e6ngig akt\\u00f8r mellem detail- og leverand\\u00f8rled er en<\\\/span> opgave, der forpligter.<\\\/p>\\n\n\n<p>Vores omfattende erfaring og overblik giver en unik mulighed for at r\\u00e5dgive forskellige akt\\u00f8rer omkring resultaterne i evalueringerne. Samtidig g\\u00e5r vi aldrig p\\u00e5 kompromis med vores integritet omkring den enkelte akt\\u00f8rs resultater og situation. Alle svar behandles strengt anonymt og fortroligt. Ingen enkeltperson eller virksomhed kan identificeres eller knyttes til de svar, der er afgivet.<\\\/p>\",\"margin\":\"default\",\"text_style\":\"large\"}}]}]}]}],\"version\":\"4.5.6\"} --><\/p>\n","protected":false},"excerpt":{"rendered":"<p>F\u00f8rende i &#8220;Customer Benchmarking&#8221; i Norden Velkommen til Gradient Benchmark A\/S &#8211; Vi tilbyder benchmarking-tjenester, der hj\u00e6lper organisationer med effektivt at sammenligne og forbedre deres ydeevne inden for kundebehandling og relaterede omr\u00e5der. Kontakt Med vores dybe branchekendskab og avancerede analyser af b\u00e5de interne og eksterne data, hj\u00e6lper vi dig med at forst\u00e5, hvordan du ligger [&hellip;]<\/p>\n","protected":false},"author":1,"featured_media":0,"parent":0,"menu_order":0,"comment_status":"closed","ping_status":"open","template":"","meta":{"footnotes":""},"class_list":["post-374","page","type-page","status-publish","hentry"],"_links":{"self":[{"href":"https:\/\/gradient-benchmark.com\/da\/wp-json\/wp\/v2\/pages\/374","targetHints":{"allow":["GET"]}}],"collection":[{"href":"https:\/\/gradient-benchmark.com\/da\/wp-json\/wp\/v2\/pages"}],"about":[{"href":"https:\/\/gradient-benchmark.com\/da\/wp-json\/wp\/v2\/types\/page"}],"author":[{"embeddable":true,"href":"https:\/\/gradient-benchmark.com\/da\/wp-json\/wp\/v2\/users\/1"}],"replies":[{"embeddable":true,"href":"https:\/\/gradient-benchmark.com\/da\/wp-json\/wp\/v2\/comments?post=374"}],"version-history":[{"count":11,"href":"https:\/\/gradient-benchmark.com\/da\/wp-json\/wp\/v2\/pages\/374\/revisions"}],"predecessor-version":[{"id":776,"href":"https:\/\/gradient-benchmark.com\/da\/wp-json\/wp\/v2\/pages\/374\/revisions\/776"}],"wp:attachment":[{"href":"https:\/\/gradient-benchmark.com\/da\/wp-json\/wp\/v2\/media?parent=374"}],"curies":[{"name":"wp","href":"https:\/\/api.w.org\/{rel}","templated":true}]}}