{"id":486,"date":"2025-02-21T18:57:11","date_gmt":"2025-02-21T17:57:11","guid":{"rendered":"https:\/\/gradient.webgiantdemo.se\/modell\/"},"modified":"2025-02-27T20:50:02","modified_gmt":"2025-02-27T19:50:02","slug":"modell","status":"publish","type":"page","link":"https:\/\/gradient-benchmark.com\/da\/modell\/","title":{"rendered":"Model"},"content":{"rendered":"<h1>Model<\/h1>\n<div>\n<p><span>Vores unikke og dokumenterede analysemodel bygger p\u00e5:<\/span><\/p>\n<\/div>\n<p><img decoding=\"async\" src=\"\/wp-content\/uploads\/photo-1541415286727-ec04aff492bf-scaled.jpg\" alt=\"\"><\/p>\n<ul>\n<li>\n<div>\n<p>Skr\u00e6ddersyet og kraftfuld IT-platform<\/p>\n<\/div>\n<\/li>\n<li>\n<div>\n<p>Koordineret unders\u00f8gelsesopl\u00e6g mellem leverand\u00f8rer og detailk\u00e6der<\/p>\n<\/div>\n<\/li>\n<li>\n<div>\n<p>L\u00f8bende udvikling af sp\u00f8rgsm\u00e5l\/ evalueringsparametre<\/p>\n<\/div>\n<\/li>\n<li>\n<div>\n<p>Forankret gennemf\u00f8relsesproces med alle akt\u00f8rled<\/p>\n<\/div>\n<\/li>\n<li>\n<div>\n<p>Kvalitetssikringsmodel hele vejen fra indsamlingsmetodik til datamodellering<\/p>\n<\/div>\n<\/li>\n<li>\n<div>\n<p>Kvalificeret r\u00e5dgivning om informationsindhold, fortolkning og analyse<\/p>\n<\/div>\n<\/li>\n<li>\n<div>\n<p>Unik informationsdatabase\/historik, der giver adgang til historiske data i over &gt;20 \u00e5r<\/p>\n<\/div>\n<\/li>\n<\/ul>\n<div><span class=\"uk-text-primary\">B2B Kundebenchmarking er brancheomfattende evalueringer, hvor leverand\u00f8rerne og detailk\u00e6derne, inden for definerede<\/span> vareomr\u00e5der og sektorer, gensidigt og samtidigt vurderer hinandens pr\u00e6stationer inden for rammerne af deres samarbejde<\/div>\n<p><p>\n        <a href=\"\/da\/kontakt\/\">Kontakt<\/a>\n    <\/p>\n<\/p>\n<p><img decoding=\"async\" src=\"\/wp-content\/uploads\/photo-1614028674026-a65e31bfd27c-scaled.jpg\" alt=\"\"><\/p>\n<div>\n    <span class=\"uk-label\">Bem\u00e6rk<\/span>\n<\/div>\n<div>\n<p>Vores model indeb\u00e6rer, at hvert enkelt samarbejde mellem leverand\u00f8r og handelsakt\u00f8r evalueres i dybden \u2013 en evaluering kan ofte d\u00e6kke mere end 40 forskellige forretningskritiske parametre. De anvendte evalueringsparametre er udformet til at d\u00e6kke alle relevante aspekter af samarbejdet og er forankret hos akt\u00f8rerne.<\/p>\n<p>Resultaterne af evalueringerne leveres b\u00e5de gennem vores overskuelige og kraftfulde digitale rapporteringsv\u00e6rkt\u00f8j samt gennem vores forretningskonsulenters dybdeg\u00e5ende analyse og pr\u00e6sentation af resultaterne til opdragsgiveren.<\/p>\n<\/div>\n<p><!--more--><br \/>\n<!-- {\"type\":\"layout\",\"children\":[{\"type\":\"section\",\"props\":{\"animation\":\"slide-bottom-small\",\"animation_delay\":\"100\",\"image_position\":\"center-center\",\"style\":\"default\",\"title_breakpoint\":\"xl\",\"title_position\":\"top-left\",\"title_rotation\":\"left\",\"vertical_align\":\"middle\",\"width\":\"large\"},\"children\":[{\"type\":\"row\",\"children\":[{\"type\":\"column\",\"props\":{\"class\":\"wg-card-default\",\"css\":\".el-column .uk-card{\\n\\tpadding-bottom: 0;\\n}\",\"image_position\":\"center-center\",\"position_sticky_breakpoint\":\"m\",\"style\":\"card-default\"},\"children\":[{\"type\":\"headline\",\"props\":{\"content\":\"Model\",\"title_element\":\"h1\"}},{\"type\":\"text\",\"props\":{\"column_breakpoint\":\"m\",\"content\":\"\n\n<p><span>Vores unikke og dokumenterede analysemodel bygger p\\u00e5:<\\\/span><\\\/p>\",\"margin\":\"default\",\"text_color\":\"emphasis\"}},{\"type\":\"image\",\"props\":{\"css\":\".el-element img{\\n\\tborder-radius: 0 40px 0 0;\\n}\\n\",\"image\":\"wp-content\\\/uploads\\\/photo-1541415286727-ec04aff492bf-scaled.jpg\",\"image_border\":\"rounded\",\"image_height\":800,\"image_svg_color\":\"emphasis\",\"image_width\":1920,\"margin\":\"default\"}}]}]}]},{\"type\":\"section\",\"props\":{\"animation\":\"fade\",\"animation_delay\":\"100\",\"image_position\":\"center-center\",\"padding\":\"small\",\"padding_remove_bottom\":false,\"padding_remove_top\":true,\"style\":\"default\",\"title_breakpoint\":\"xl\",\"title_position\":\"top-left\",\"title_rotation\":\"left\",\"vertical_align\":\"middle\",\"width\":\"large\"},\"children\":[{\"type\":\"row\",\"children\":[{\"type\":\"column\",\"props\":{\"image_position\":\"center-center\",\"position_sticky_breakpoint\":\"m\"},\"children\":[{\"type\":\"grid\",\"props\":{\"block_align\":\"center\",\"content_column_breakpoint\":\"m\",\"content_margin\":\"small\",\"filter_align\":\"left\",\"filter_all\":true,\"filter_grid_breakpoint\":\"m\",\"filter_grid_width\":\"auto\",\"filter_position\":\"top\",\"filter_style\":\"tab\",\"grid_column_gap\":\"medium\",\"grid_default\":\"1\",\"grid_divider\":true,\"grid_large\":\"3\",\"grid_medium\":\"auto\",\"grid_row_gap\":\"medium\",\"icon_width\":80,\"image_align\":\"top\",\"image_grid_breakpoint\":\"m\",\"image_grid_width\":\"1-2\",\"image_svg_color\":\"emphasis\",\"item_animation\":true,\"lightbox_bg_close\":true,\"link_style\":\"default\",\"link_text\":\"Read more\",\"margin\":\"large\",\"meta_align\":\"below-title\",\"meta_element\":\"div\",\"meta_style\":\"text-meta\",\"panel_padding\":\"small\",\"panel_style\":\"card-secondary\",\"show_content\":true,\"show_hover_image\":true,\"show_hover_video\":true,\"show_image\":true,\"show_link\":true,\"show_meta\":true,\"show_title\":true,\"show_video\":true,\"text_align\":\"center\",\"title_align\":\"top\",\"title_element\":\"h3\",\"title_grid_breakpoint\":\"m\",\"title_grid_width\":\"1-2\",\"title_hover_style\":\"reset\"},\"children\":[{\"type\":\"grid_item\",\"props\":{\"content\":\"\n\n<p>Skr\\u00e6ddersyet og kraftfuld IT-platform<\\\/p>\",\"meta\":\"\"}},{\"type\":\"grid_item\",\"props\":{\"content\":\"\n\n<p>Koordineret unders\\u00f8gelsesopl\\u00e6g mellem leverand\\u00f8rer og detailk\\u00e6der<\\\/p>\",\"meta\":\"\"}},{\"type\":\"grid_item\",\"props\":{\"content\":\"\n\n<p>L\\u00f8bende udvikling af sp\\u00f8rgsm\\u00e5l\\\/ evalueringsparametre<\\\/p>\",\"meta\":\"\"}},{\"type\":\"grid_item\",\"props\":{\"content\":\"\n\n<p>Forankret gennemf\\u00f8relsesproces med alle akt\\u00f8rled<\\\/p>\",\"meta\":\"\"}},{\"type\":\"grid_item\",\"props\":{\"content\":\"\n\n<p>Kvalitetssikringsmodel hele vejen fra indsamlingsmetodik til datamodellering<\\\/p>\",\"meta\":\"\"}},{\"type\":\"grid_item\",\"props\":{\"content\":\"\n\n<p>Kvalificeret r\\u00e5dgivning om informationsindhold, fortolkning og analyse<\\\/p>\"}},{\"type\":\"grid_item\",\"props\":{\"content\":\"\n\n<p>Unik informationsdatabase\\\/historik, der giver adgang til historiske data i over &gt;20 \\u00e5r<\\\/p>\"}}],\"name\":\"GRD\"},{\"type\":\"text\",\"props\":{\"column_breakpoint\":\"m\",\"content\":\"<span class=\\\"uk-text-primary\\\">B2B Kundebenchmarking er brancheomfattende evalueringer, hvor leverand\\u00f8rerne og detailk\\u00e6derne, inden for definerede<\\\/span> vareomr\\u00e5der og sektorer, gensidigt og samtidigt vurderer hinandens pr\\u00e6stationer inden for rammerne af deres samarbejde\",\"margin\":\"default\",\"text_style\":\"large\"}},{\"type\":\"button\",\"props\":{\"grid_column_gap\":\"small\",\"grid_row_gap\":\"small\",\"margin\":\"medium\"},\"children\":[{\"type\":\"button_item\",\"props\":{\"button_style\":\"primary\",\"content\":\"Kontakt\",\"dialog_layout\":\"modal\",\"dialog_offcanvas_flip\":true,\"icon_align\":\"left\",\"link\":\"index.php\\\/kontakt\\\/\"}}]}]}]}]},{\"type\":\"section\",\"props\":{\"animation\":\"slide-bottom-small\",\"animation_delay\":\"100\",\"image_position\":\"center-center\",\"style\":\"default\",\"title_breakpoint\":\"xl\",\"title_position\":\"top-left\",\"title_rotation\":\"left\",\"vertical_align\":\"middle\",\"width\":\"large\"},\"children\":[{\"type\":\"row\",\"children\":[{\"type\":\"column\",\"props\":{\"class\":\"wg-card-default\",\"image_position\":\"center-center\",\"padding\":\"large\",\"position_sticky_breakpoint\":\"m\",\"style\":\"card-primary\"},\"children\":[{\"type\":\"fragment\",\"props\":{\"margin\":\"default\"},\"children\":[{\"type\":\"row\",\"props\":{\"layout\":\"1-2,1-2\"},\"children\":[{\"type\":\"column\",\"props\":{\"image_position\":\"center-center\",\"position_sticky_breakpoint\":\"m\",\"width_medium\":\"1-2\"},\"children\":[{\"type\":\"image\",\"props\":{\"image\":\"wp-content\\\/uploads\\\/photo-1614028674026-a65e31bfd27c-scaled.jpg\",\"image_border\":\"rounded\",\"image_height\":500,\"image_svg_color\":\"emphasis\",\"image_width\":540,\"margin\":\"default\",\"text_align\":\"left\",\"text_align_breakpoint\":\"s\",\"text_align_fallback\":\"center\"}}]},{\"type\":\"column\",\"props\":{\"image_position\":\"center-center\",\"position_sticky_breakpoint\":\"m\",\"vertical_align\":\"middle\",\"width_medium\":\"1-2\"},\"children\":[{\"type\":\"html\",\"props\":{\"content\":\"<span class=\\\\\\\"uk-label\\\\\\\">Bem\\u00e6rk<\\\/span>\"}},{\"type\":\"text\",\"props\":{\"class\":\"wg-p-text-color\",\"column_breakpoint\":\"m\",\"content\":\"\n\n<p>Vores model indeb\\u00e6rer, at hvert enkelt samarbejde mellem leverand\\u00f8r og handelsakt\\u00f8r evalueres i dybden \\u2013 en evaluering kan ofte d\\u00e6kke mere end 40 forskellige forretningskritiske parametre. De anvendte evalueringsparametre er udformet til at d\\u00e6kke alle relevante aspekter af samarbejdet og er forankret hos akt\\u00f8rerne.<\\\/p>\\n\n\n<p>Resultaterne af evalueringerne leveres b\\u00e5de gennem vores overskuelige og kraftfulde digitale rapporteringsv\\u00e6rkt\\u00f8j samt gennem vores forretningskonsulenters dybdeg\\u00e5ende analyse og pr\\u00e6sentation af resultaterne til opdragsgiveren.<\\\/p>\",\"margin\":\"medium\",\"text_color\":\"emphasis\"}}]}]}]}]}]}],\"name\":\"INFO\"}],\"version\":\"4.5.6\"} --><\/p>\n","protected":false},"excerpt":{"rendered":"<p>Model Vores unikke og dokumenterede analysemodel bygger p\u00e5: Skr\u00e6ddersyet og kraftfuld IT-platform Koordineret unders\u00f8gelsesopl\u00e6g mellem leverand\u00f8rer og detailk\u00e6der L\u00f8bende udvikling af sp\u00f8rgsm\u00e5l\/ evalueringsparametre Forankret gennemf\u00f8relsesproces med alle akt\u00f8rled Kvalitetssikringsmodel hele vejen fra indsamlingsmetodik til datamodellering Kvalificeret r\u00e5dgivning om informationsindhold, fortolkning og analyse Unik informationsdatabase\/historik, der giver adgang til historiske data i over &gt;20 \u00e5r B2B [&hellip;]<\/p>\n","protected":false},"author":1,"featured_media":0,"parent":0,"menu_order":0,"comment_status":"closed","ping_status":"closed","template":"","meta":{"footnotes":""},"class_list":["post-486","page","type-page","status-publish","hentry"],"_links":{"self":[{"href":"https:\/\/gradient-benchmark.com\/da\/wp-json\/wp\/v2\/pages\/486","targetHints":{"allow":["GET"]}}],"collection":[{"href":"https:\/\/gradient-benchmark.com\/da\/wp-json\/wp\/v2\/pages"}],"about":[{"href":"https:\/\/gradient-benchmark.com\/da\/wp-json\/wp\/v2\/types\/page"}],"author":[{"embeddable":true,"href":"https:\/\/gradient-benchmark.com\/da\/wp-json\/wp\/v2\/users\/1"}],"replies":[{"embeddable":true,"href":"https:\/\/gradient-benchmark.com\/da\/wp-json\/wp\/v2\/comments?post=486"}],"version-history":[{"count":2,"href":"https:\/\/gradient-benchmark.com\/da\/wp-json\/wp\/v2\/pages\/486\/revisions"}],"predecessor-version":[{"id":542,"href":"https:\/\/gradient-benchmark.com\/da\/wp-json\/wp\/v2\/pages\/486\/revisions\/542"}],"wp:attachment":[{"href":"https:\/\/gradient-benchmark.com\/da\/wp-json\/wp\/v2\/media?parent=486"}],"curies":[{"name":"wp","href":"https:\/\/api.w.org\/{rel}","templated":true}]}}