{"id":488,"date":"2025-02-21T18:56:59","date_gmt":"2025-02-21T17:56:59","guid":{"rendered":"https:\/\/gradient.webgiantdemo.se\/fackhandel\/"},"modified":"2025-02-27T20:48:22","modified_gmt":"2025-02-27T19:48:22","slug":"fackhandel","status":"publish","type":"page","link":"https:\/\/gradient-benchmark.com\/da\/fackhandel\/","title":{"rendered":"Faghandel"},"content":{"rendered":"<h1>Faghandel<\/h1>\n<h2>Se mere om vores tjenester inden for forskellige markedsomr\u00e5der<\/h2>\n<ul>\n<li>\n        <a href=\"https:\/\/gradient-benchmark.com\/da\/dagligvaruhandel\/\">Dagligvarehandel<\/a>\n    <\/li>\n<li>\n        <a href=\"https:\/\/gradient-benchmark.com\/da\/servicehandel\/\">Servicehandel<\/a>\n    <\/li>\n<li>\n        <a href=\"https:\/\/gradient-benchmark.com\/da\/restaurang-storhushall\/\">Restaurant &#038; Stork\u00f8kken<\/a>\n    <\/li>\n<li>\n        <a href=\"https:\/\/gradient-benchmark.com\/da\/fackhandel\/\">Faghandel<\/a>\n    <\/li>\n<\/ul>\n<div>\n<p>Faghandlen best\u00e5r af mange forskellige varegrupper s\u00e5som forbrugerelektronik, t\u00f8j, sportsartikler og l\u00e6gemidler. Samarbejdsformerne, og hvordan k\u00e6derne, butikkerne og leverand\u00f8rerne kommunikerer med hinanden, varierer mellem de forskellige sektorer.<\/p>\n<p>Vi d\u00e6kker i dag blandt andet forbrugerelektronik, byggeri og apotekssektorerne.<\/p>\n<p>Kontakt os gerne for mere detaljeret information om vores unders\u00f8gelser for faghandlen.<\/p>\n<\/div>\n<p><img decoding=\"async\" src=\"\/wp-content\/uploads\/photo-1491438590914-bc09fcaaf77a-scaled.jpg\" alt=\"\"><\/p>\n<p><!--more--><br \/>\n<!-- {\"type\":\"layout\",\"children\":[{\"type\":\"section\",\"props\":{\"animation\":\"slide-bottom-small\",\"animation_delay\":\"100\",\"image_position\":\"center-center\",\"style\":\"default\",\"title_breakpoint\":\"xl\",\"title_position\":\"top-left\",\"title_rotation\":\"left\",\"vertical_align\":\"middle\",\"width\":\"large\"},\"children\":[{\"type\":\"row\",\"children\":[{\"type\":\"column\",\"props\":{\"class\":\"wg-card-default\",\"css\":\".el-column .uk-card{\\n\\tpadding-bottom: 0;\\n}\",\"image_position\":\"center-center\",\"position_sticky_breakpoint\":\"m\",\"style\":\"card-default\"},\"children\":[{\"type\":\"headline\",\"props\":{\"content\":\"Faghandel\",\"title_element\":\"h1\"}},{\"type\":\"headline\",\"props\":{\"content\":\"Se mere om vores tjenester inden for forskellige markedsomr\\u00e5der\",\"title_element\":\"h2\",\"title_style\":\"h3\"}},{\"name\":\"Subnav Style Pill\",\"type\":\"subnav\",\"children\":[{\"type\":\"subnav_item\",\"props\":{\"active\":false,\"content\":\"Dagligvarehandel\",\"link\":\"\\\/da\\\/Dagligvaruhandel\"}},{\"type\":\"subnav_item\",\"props\":{\"content\":\"Servicehandel\",\"link\":\"\\\/da\\\/Servicehandel\"}},{\"type\":\"subnav_item\",\"props\":{\"content\":\"Restaurant & Stork\\u00f8kken\",\"link\":\"\\\/da\\\/restaurang-storhushall\"}},{\"type\":\"subnav_item\",\"props\":{\"active\":true,\"content\":\"Faghandel\",\"link\":\"\\\/da\\\/Fackhandel\"}}],\"props\":{\"margin\":\"default\",\"subnav_style\":\"pill\"}},{\"type\":\"text\",\"props\":{\"column_breakpoint\":\"m\",\"content\":\"\n\n<p>Faghandlen best\\u00e5r af mange forskellige varegrupper s\\u00e5som forbrugerelektronik, t\\u00f8j, sportsartikler og l\\u00e6gemidler. Samarbejdsformerne, og hvordan k\\u00e6derne, butikkerne og leverand\\u00f8rerne kommunikerer med hinanden, varierer mellem de forskellige sektorer.<\\\/p>\\n\n\n<p>Vi d\\u00e6kker i dag blandt andet forbrugerelektronik, byggeri og apotekssektorerne.<\\\/p>\\n\n\n<p>Kontakt os gerne for mere detaljeret information om vores unders\\u00f8gelser for faghandlen.<\\\/p>\",\"margin\":\"default\",\"text_color\":\"emphasis\"}},{\"type\":\"image\",\"props\":{\"css\":\".el-element img{\\n\\tborder-radius: 0 40px 0 0;\\n}\\n\",\"image\":\"wp-content\\\/uploads\\\/photo-1491438590914-bc09fcaaf77a-scaled.jpg\",\"image_border\":\"rounded\",\"image_height\":800,\"image_svg_color\":\"emphasis\",\"image_width\":1920,\"margin\":\"default\"}}]}]}]}],\"version\":\"4.5.6\"} --><\/p>\n","protected":false},"excerpt":{"rendered":"<p>Faghandel Se mere om vores tjenester inden for forskellige markedsomr\u00e5der Dagligvarehandel Servicehandel Restaurant &#038; Stork\u00f8kken Faghandel Faghandlen best\u00e5r af mange forskellige varegrupper s\u00e5som forbrugerelektronik, t\u00f8j, sportsartikler og l\u00e6gemidler. Samarbejdsformerne, og hvordan k\u00e6derne, butikkerne og leverand\u00f8rerne kommunikerer med hinanden, varierer mellem de forskellige sektorer. Vi d\u00e6kker i dag blandt andet forbrugerelektronik, byggeri og apotekssektorerne. Kontakt os [&hellip;]<\/p>\n","protected":false},"author":1,"featured_media":0,"parent":0,"menu_order":0,"comment_status":"closed","ping_status":"closed","template":"","meta":{"footnotes":""},"class_list":["post-488","page","type-page","status-publish","hentry"],"_links":{"self":[{"href":"https:\/\/gradient-benchmark.com\/da\/wp-json\/wp\/v2\/pages\/488","targetHints":{"allow":["GET"]}}],"collection":[{"href":"https:\/\/gradient-benchmark.com\/da\/wp-json\/wp\/v2\/pages"}],"about":[{"href":"https:\/\/gradient-benchmark.com\/da\/wp-json\/wp\/v2\/types\/page"}],"author":[{"embeddable":true,"href":"https:\/\/gradient-benchmark.com\/da\/wp-json\/wp\/v2\/users\/1"}],"replies":[{"embeddable":true,"href":"https:\/\/gradient-benchmark.com\/da\/wp-json\/wp\/v2\/comments?post=488"}],"version-history":[{"count":1,"href":"https:\/\/gradient-benchmark.com\/da\/wp-json\/wp\/v2\/pages\/488\/revisions"}],"predecessor-version":[{"id":530,"href":"https:\/\/gradient-benchmark.com\/da\/wp-json\/wp\/v2\/pages\/488\/revisions\/530"}],"wp:attachment":[{"href":"https:\/\/gradient-benchmark.com\/da\/wp-json\/wp\/v2\/media?parent=488"}],"curies":[{"name":"wp","href":"https:\/\/api.w.org\/{rel}","templated":true}]}}