{"id":490,"date":"2025-02-21T18:56:49","date_gmt":"2025-02-21T17:56:49","guid":{"rendered":"https:\/\/gradient.webgiantdemo.se\/restaurang-storhushall\/"},"modified":"2025-02-27T20:51:09","modified_gmt":"2025-02-27T19:51:09","slug":"restaurang-storhushall","status":"publish","type":"page","link":"https:\/\/gradient-benchmark.com\/da\/restaurang-storhushall\/","title":{"rendered":"Restaurant &amp; Stork\u00f8kken"},"content":{"rendered":"<h1>Restaurant &amp; Stork\u00f8kken<\/h1>\n<h2>Se mere om vores tjenester inden for forskellige markedsomr\u00e5der<\/h2>\n<ul>\n<li>\n        <a href=\"https:\/\/gradient-benchmark.com\/da\/dagligvaruhandel\/\">Dagligvarehandel<\/a>\n    <\/li>\n<li>\n        <a href=\"https:\/\/gradient-benchmark.com\/da\/servicehandel\/\">Servicehandel<\/a>\n    <\/li>\n<li>\n        <a href=\"https:\/\/gradient-benchmark.com\/da\/restaurang-storhushall\/\">Restaurant &#038; Stork\u00f8kken<\/a>\n    <\/li>\n<li>\n        <a href=\"https:\/\/gradient-benchmark.com\/da\/fackhandel\/\">Faghandel<\/a>\n    <\/li>\n<\/ul>\n<div>\n<p>Kundernes behov og prioriteringer adskiller sig markant inden for restaurant- &amp; stork\u00f8kkensektoren sammenlignet med dagligvarehandlen. Den offentlige sektor \u2013 kommuner og regioner \u2013 har stor indflydelse og stiller specifikke krav til produkter og tjenester. Restauranter eftersp\u00f8rger inspiration til deres menuer og har behov for st\u00f8tte i beregning af rentabiliteten af en bestemt ret eller menu.<\/p>\n<p>Vi hj\u00e6lper leverand\u00f8rer, restaurantgrossister, restaurantk\u00e6der samt kommuner og regioner med at f\u00e5 en bedre forst\u00e5else af hinandens specifikke behov og prioriteringer, p\u00e5 en m\u00e5de som er konkret og direkte anvendelig for den enkelte akt\u00f8r.<\/p>\n<p>Vores forskellige evalueringer d\u00e6kker relationen mellem leverand\u00f8rerne samt restaurantgrossisterne, restaurantk\u00e6derne, kost- og udbudsansvarlige inden for kommuner og regioner samt de enkelte restaurantenheder og barer p\u00e5 markedet.<\/p>\n<p>Kontakt os gerne for mere detaljeret information om vores unders\u00f8gelser for restaurant &amp; stork\u00f8kken.<\/p>\n<\/div>\n<p><img decoding=\"async\" src=\"\/wp-content\/uploads\/photo-1556741533-974f8e62a92d-scaled.jpg\" alt=\"\"><\/p>\n<p><!--more--><br \/>\n<!-- {\"type\":\"layout\",\"children\":[{\"type\":\"section\",\"props\":{\"animation\":\"slide-bottom-small\",\"animation_delay\":\"100\",\"image_position\":\"center-center\",\"style\":\"default\",\"title_breakpoint\":\"xl\",\"title_position\":\"top-left\",\"title_rotation\":\"left\",\"vertical_align\":\"middle\",\"width\":\"large\"},\"children\":[{\"type\":\"row\",\"children\":[{\"type\":\"column\",\"props\":{\"class\":\"wg-card-default\",\"css\":\".el-column .uk-card{\\n\\tpadding-bottom: 0;\\n}\",\"image_position\":\"center-center\",\"position_sticky_breakpoint\":\"m\",\"style\":\"card-default\"},\"children\":[{\"type\":\"headline\",\"props\":{\"content\":\"Restaurant &amp; Stork\\u00f8kken\",\"title_element\":\"h1\"}},{\"type\":\"headline\",\"props\":{\"content\":\"Se mere om vores tjenester inden for forskellige markedsomr\\u00e5der\",\"title_element\":\"h2\",\"title_style\":\"h3\"}},{\"name\":\"Subnav Style Pill\",\"type\":\"subnav\",\"children\":[{\"type\":\"subnav_item\",\"props\":{\"active\":false,\"content\":\"Dagligvarehandel\",\"link\":\"\\\/da\\\/Dagligvaruhandel\"}},{\"type\":\"subnav_item\",\"props\":{\"content\":\"Servicehandel\",\"link\":\"\\\/da\\\/Servicehandel\"}},{\"type\":\"subnav_item\",\"props\":{\"active\":true,\"content\":\"Restaurant & Stork\\u00f8kken\",\"link\":\"\\\/da\\\/restaurang-storhushall\"}},{\"type\":\"subnav_item\",\"props\":{\"content\":\"Faghandel\",\"link\":\"\\\/da\\\/Fackhandel\"}}],\"props\":{\"margin\":\"default\",\"subnav_style\":\"pill\"}},{\"type\":\"text\",\"props\":{\"column_breakpoint\":\"m\",\"content\":\"\n\n<p>Kundernes behov og prioriteringer adskiller sig markant inden for restaurant- &amp; stork\\u00f8kkensektoren sammenlignet med dagligvarehandlen. Den offentlige sektor \\u2013 kommuner og regioner \\u2013 har stor indflydelse og stiller specifikke krav til produkter og tjenester. Restauranter eftersp\\u00f8rger inspiration til deres menuer og har behov for st\\u00f8tte i beregning af rentabiliteten af en bestemt ret eller menu.<\\\/p>\\n\n\n<p>Vi hj\\u00e6lper leverand\\u00f8rer, restaurantgrossister, restaurantk\\u00e6der samt kommuner og regioner med at f\\u00e5 en bedre forst\\u00e5else af hinandens specifikke behov og prioriteringer, p\\u00e5 en m\\u00e5de som er konkret og direkte anvendelig for den enkelte akt\\u00f8r.<\\\/p>\\n\n\n<p>Vores forskellige evalueringer d\\u00e6kker relationen mellem leverand\\u00f8rerne samt restaurantgrossisterne, restaurantk\\u00e6derne, kost- og udbudsansvarlige inden for kommuner og regioner samt de enkelte restaurantenheder og barer p\\u00e5 markedet.<\\\/p>\\n\n\n<p>Kontakt os gerne for mere detaljeret information om vores unders\\u00f8gelser for restaurant &amp; stork\\u00f8kken.<\\\/p>\",\"margin\":\"default\",\"text_color\":\"emphasis\"}},{\"type\":\"image\",\"props\":{\"css\":\".el-element img{\\n\\tborder-radius: 0 40px 0 0;\\n}\\n\",\"image\":\"wp-content\\\/uploads\\\/photo-1556741533-974f8e62a92d-scaled.jpg\",\"image_border\":\"rounded\",\"image_height\":800,\"image_svg_color\":\"emphasis\",\"image_width\":1920,\"margin\":\"default\"}}]}]}]}],\"version\":\"4.5.6\"} --><\/p>\n","protected":false},"excerpt":{"rendered":"<p>Restaurant &amp; Stork\u00f8kken Se mere om vores tjenester inden for forskellige markedsomr\u00e5der Dagligvarehandel Servicehandel Restaurant &#038; Stork\u00f8kken Faghandel Kundernes behov og prioriteringer adskiller sig markant inden for restaurant- &amp; stork\u00f8kkensektoren sammenlignet med dagligvarehandlen. Den offentlige sektor \u2013 kommuner og regioner \u2013 har stor indflydelse og stiller specifikke krav til produkter og tjenester. Restauranter eftersp\u00f8rger inspiration [&hellip;]<\/p>\n","protected":false},"author":1,"featured_media":0,"parent":0,"menu_order":0,"comment_status":"closed","ping_status":"closed","template":"","meta":{"footnotes":""},"class_list":["post-490","page","type-page","status-publish","hentry"],"_links":{"self":[{"href":"https:\/\/gradient-benchmark.com\/da\/wp-json\/wp\/v2\/pages\/490","targetHints":{"allow":["GET"]}}],"collection":[{"href":"https:\/\/gradient-benchmark.com\/da\/wp-json\/wp\/v2\/pages"}],"about":[{"href":"https:\/\/gradient-benchmark.com\/da\/wp-json\/wp\/v2\/types\/page"}],"author":[{"embeddable":true,"href":"https:\/\/gradient-benchmark.com\/da\/wp-json\/wp\/v2\/users\/1"}],"replies":[{"embeddable":true,"href":"https:\/\/gradient-benchmark.com\/da\/wp-json\/wp\/v2\/comments?post=490"}],"version-history":[{"count":1,"href":"https:\/\/gradient-benchmark.com\/da\/wp-json\/wp\/v2\/pages\/490\/revisions"}],"predecessor-version":[{"id":551,"href":"https:\/\/gradient-benchmark.com\/da\/wp-json\/wp\/v2\/pages\/490\/revisions\/551"}],"wp:attachment":[{"href":"https:\/\/gradient-benchmark.com\/da\/wp-json\/wp\/v2\/media?parent=490"}],"curies":[{"name":"wp","href":"https:\/\/api.w.org\/{rel}","templated":true}]}}