{"id":492,"date":"2025-02-21T18:56:31","date_gmt":"2025-02-21T17:56:31","guid":{"rendered":"https:\/\/gradient.webgiantdemo.se\/servicehandel\/"},"modified":"2025-02-27T20:51:37","modified_gmt":"2025-02-27T19:51:37","slug":"servicehandel","status":"publish","type":"page","link":"https:\/\/gradient-benchmark.com\/da\/servicehandel\/","title":{"rendered":"Servicehandel"},"content":{"rendered":"<h1>Servicehandel<\/h1>\n<h2>Se mere om vores tjenester inden for forskellige markedsomr\u00e5der<\/h2>\n<ul>\n<li>\n        <a href=\"https:\/\/gradient-benchmark.com\/da\/dagligvaruhandel\/\">Dagligvarehandel<\/a>\n    <\/li>\n<li>\n        <a href=\"https:\/\/gradient-benchmark.com\/da\/servicehandel\/\">Servicehandel<\/a>\n    <\/li>\n<li>\n        <a href=\"https:\/\/gradient-benchmark.com\/da\/restaurang-storhushall\/\">Restaurant &#038; Stork\u00f8kken<\/a>\n    <\/li>\n<li>\n        <a href=\"https:\/\/gradient-benchmark.com\/da\/fackhandel\/\">Faghandel<\/a>\n    <\/li>\n<\/ul>\n<div>\n<p>Mens dagligvarehandlen best\u00e5r af nogle f\u00e5 store supermarkedsk\u00e6der, har servicehandlen en mere varieret struktur, hvor mange forskellige typer akt\u00f8rer \u2013 k\u00e6der s\u00e5vel som selvst\u00e6ndige butikker og kiosker \u2013 indg\u00e5r.<\/p>\n<p>Trods omfattende k\u00e6dedannelse i sektoren drives servicehandel stadig i h\u00f8j grad af selvst\u00e6ndige k\u00f8bm\u00e6nd og har andre foruds\u00e6tninger, blandt andet for sortiment, pris og lagerf\u00f8ring, sammenlignet med dagligvarehandlen.<\/p>\n<p>Dermed er det vigtigt, at leverand\u00f8rer f\u00e5r mulighed for at f\u00e5 upartisk og kvalitativ information om b\u00e5de de enkelte servicehandleres, k\u00e6dernes og grossisternes behov og holdninger over for leverand\u00f8rer.<\/p>\n<p>Vores forskellige evalueringer d\u00e6kker relationen mellem leverand\u00f8rerne samt butikkerne, k\u00e6derne, servicehandelsgrossisterne og salgsorganisationerne.<\/p>\n<p>Kontakt os gerne for mere detaljeret information om vores unders\u00f8gelser for servicehandlen.<\/p>\n<\/div>\n<p><img decoding=\"async\" src=\"\/wp-content\/uploads\/photo-1517048676732-d65bc937f952-scaled.jpg\" alt=\"\"><\/p>\n<p><!--more--><br \/>\n<!-- {\"type\":\"layout\",\"children\":[{\"type\":\"section\",\"props\":{\"animation\":\"slide-bottom-small\",\"animation_delay\":\"100\",\"image_position\":\"center-center\",\"style\":\"default\",\"title_breakpoint\":\"xl\",\"title_position\":\"top-left\",\"title_rotation\":\"left\",\"vertical_align\":\"middle\",\"width\":\"large\"},\"children\":[{\"type\":\"row\",\"children\":[{\"type\":\"column\",\"props\":{\"class\":\"wg-card-default\",\"css\":\".el-column .uk-card{\\n\\tpadding-bottom: 0;\\n}\",\"image_position\":\"center-center\",\"position_sticky_breakpoint\":\"m\",\"style\":\"card-default\"},\"children\":[{\"type\":\"headline\",\"props\":{\"content\":\"Servicehandel\",\"title_element\":\"h1\"}},{\"type\":\"headline\",\"props\":{\"content\":\"Se mere om vores tjenester inden for forskellige markedsomr\\u00e5der\",\"title_element\":\"h2\",\"title_style\":\"h3\"}},{\"name\":\"Subnav Style Pill\",\"type\":\"subnav\",\"children\":[{\"type\":\"subnav_item\",\"props\":{\"active\":false,\"content\":\"Dagligvarehandel\",\"link\":\"\\\/da\\\/Dagligvaruhandel\"}},{\"type\":\"subnav_item\",\"props\":{\"active\":true,\"content\":\"Servicehandel\",\"link\":\"\\\/da\\\/Servicehandel\"}},{\"type\":\"subnav_item\",\"props\":{\"content\":\"Restaurant & Stork\\u00f8kken\",\"link\":\"\\\/da\\\/restaurang-storhushall\"}},{\"type\":\"subnav_item\",\"props\":{\"content\":\"Faghandel\",\"link\":\"\\\/da\\\/Fackhandel\"}}],\"props\":{\"margin\":\"default\",\"subnav_style\":\"pill\"}},{\"type\":\"text\",\"props\":{\"column_breakpoint\":\"m\",\"content\":\"\n\n<p>Mens dagligvarehandlen best\\u00e5r af nogle f\\u00e5 store supermarkedsk\\u00e6der, har servicehandlen en mere varieret struktur, hvor mange forskellige typer akt\\u00f8rer \\u2013 k\\u00e6der s\\u00e5vel som selvst\\u00e6ndige butikker og kiosker \\u2013 indg\\u00e5r.<\\\/p>\\n\n\n<p>Trods omfattende k\\u00e6dedannelse i sektoren drives servicehandel stadig i h\\u00f8j grad af selvst\\u00e6ndige k\\u00f8bm\\u00e6nd og har andre foruds\\u00e6tninger, blandt andet for sortiment, pris og lagerf\\u00f8ring, sammenlignet med dagligvarehandlen.<\\\/p>\\n\n\n<p>Dermed er det vigtigt, at leverand\\u00f8rer f\\u00e5r mulighed for at f\\u00e5 upartisk og kvalitativ information om b\\u00e5de de enkelte servicehandleres, k\\u00e6dernes og grossisternes behov og holdninger over for leverand\\u00f8rer.<\\\/p>\\n\n\n<p>Vores forskellige evalueringer d\\u00e6kker relationen mellem leverand\\u00f8rerne samt butikkerne, k\\u00e6derne, servicehandelsgrossisterne og salgsorganisationerne.<\\\/p>\\n\n\n<p>Kontakt os gerne for mere detaljeret information om vores unders\\u00f8gelser for servicehandlen.<\\\/p>\",\"margin\":\"default\",\"text_color\":\"emphasis\"}},{\"type\":\"image\",\"props\":{\"css\":\".el-element img{\\n\\tborder-radius: 0 40px 0 0;\\n}\\n\",\"image\":\"wp-content\\\/uploads\\\/photo-1517048676732-d65bc937f952-scaled.jpg\",\"image_border\":\"rounded\",\"image_height\":800,\"image_svg_color\":\"emphasis\",\"image_width\":1920,\"margin\":\"default\"}}]}]}]}],\"version\":\"4.5.6\"} --><\/p>\n","protected":false},"excerpt":{"rendered":"<p>Servicehandel Se mere om vores tjenester inden for forskellige markedsomr\u00e5der Dagligvarehandel Servicehandel Restaurant &#038; Stork\u00f8kken Faghandel Mens dagligvarehandlen best\u00e5r af nogle f\u00e5 store supermarkedsk\u00e6der, har servicehandlen en mere varieret struktur, hvor mange forskellige typer akt\u00f8rer \u2013 k\u00e6der s\u00e5vel som selvst\u00e6ndige butikker og kiosker \u2013 indg\u00e5r. Trods omfattende k\u00e6dedannelse i sektoren drives servicehandel stadig i h\u00f8j [&hellip;]<\/p>\n","protected":false},"author":1,"featured_media":0,"parent":0,"menu_order":0,"comment_status":"closed","ping_status":"closed","template":"","meta":{"footnotes":""},"class_list":["post-492","page","type-page","status-publish","hentry"],"_links":{"self":[{"href":"https:\/\/gradient-benchmark.com\/da\/wp-json\/wp\/v2\/pages\/492","targetHints":{"allow":["GET"]}}],"collection":[{"href":"https:\/\/gradient-benchmark.com\/da\/wp-json\/wp\/v2\/pages"}],"about":[{"href":"https:\/\/gradient-benchmark.com\/da\/wp-json\/wp\/v2\/types\/page"}],"author":[{"embeddable":true,"href":"https:\/\/gradient-benchmark.com\/da\/wp-json\/wp\/v2\/users\/1"}],"replies":[{"embeddable":true,"href":"https:\/\/gradient-benchmark.com\/da\/wp-json\/wp\/v2\/comments?post=492"}],"version-history":[{"count":2,"href":"https:\/\/gradient-benchmark.com\/da\/wp-json\/wp\/v2\/pages\/492\/revisions"}],"predecessor-version":[{"id":557,"href":"https:\/\/gradient-benchmark.com\/da\/wp-json\/wp\/v2\/pages\/492\/revisions\/557"}],"wp:attachment":[{"href":"https:\/\/gradient-benchmark.com\/da\/wp-json\/wp\/v2\/media?parent=492"}],"curies":[{"name":"wp","href":"https:\/\/api.w.org\/{rel}","templated":true}]}}