{"id":500,"date":"2025-02-21T18:55:44","date_gmt":"2025-02-21T17:55:44","guid":{"rendered":"https:\/\/gradient.webgiantdemo.se\/om-oss\/"},"modified":"2025-08-14T08:56:33","modified_gmt":"2025-08-14T07:56:33","slug":"om-oss","status":"publish","type":"page","link":"https:\/\/gradient-benchmark.com\/da\/om-oss\/","title":{"rendered":"Om os"},"content":{"rendered":"<h1>Om os<\/h1>\n<div>\n<p>Gradient Benchmark hj\u00e6lper din virksomhed med at \u00f8ge engagementet i jeres forretningsrelationer og udvikle bedre samarbejder gennem data, indsigter og handlingsplanl\u00e6gning.<\/p>\n<\/div>\n<p><img decoding=\"async\" src=\"\/wp-content\/uploads\/photo-1551590192-8070a16d9f67-scaled.jpg\" alt=\"\"><\/p>\n<div>\n<p>Vores model har v\u00e6ret etableret p\u00e5 det nordiske marked siden 90\u2019erne, og vi er i dag f\u00f8rende i Norden inden for det, vi kalder &#8220;customer benchmarking&#8221;. Med hj\u00e6lp fra indsigterne i vores evalueringer udvikler b\u00e5de handelsakt\u00f8rerne og leverand\u00f8rerne deres forretningsrelationer og samarbejder!<\/p>\n<p>Hvorfor Gradient Benchmark?<\/p>\n<p>Eksternt perspektiv \u2013 P\u00e5 hvordan vi pr\u00e6sterer inden for forskellige omr\u00e5der.<\/p>\n<p>Benchmark \u2013 Over hvordan vi forholder os til &#8220;de bedste i klassen&#8221;.<\/p>\n<p>Prioritering \u2013 Sikre fokus p\u00e5 det, som vores kunder finder vigtigst.<\/p>\n<p>F\u00f8lg op over tid \u2013 F\u00f8lg op over tid og skab kontinuerlige forbedringer! <\/p>\n<p>Vi er aktive i alle nordiske lande inden for flere forskellige handelssektorer og gennemf\u00f8rer hvert \u00e5r omkring 70 forskellige typer evalueringer. Vores kunder er indsigtsfulde leverand\u00f8rvirksomheder, b\u00e5de nationale og internationale, store som sm\u00e5.<\/p>\n<p>Vores &#8220;Benchmark&#8221;-grupper indeholder allerede data for hundreder af forskellige leverand\u00f8r- og handelsvirksomheder inden for flere forskellige sektorer, for eksempel dagligvarehandel, HORECA, apoteker, forbrugerelektronik og byggemarked.<\/p>\n<\/div>\n<p><p>\n        <a href=\"\/index.php\/kontakt\/\">Kontakt<\/a>\n    <\/p>\n<\/p>\n<p><!--more--><br \/>\n<!-- {\"type\":\"layout\",\"children\":[{\"type\":\"section\",\"props\":{\"animation\":\"slide-bottom-small\",\"animation_delay\":\"100\",\"image_position\":\"center-center\",\"style\":\"default\",\"title_breakpoint\":\"xl\",\"title_position\":\"top-left\",\"title_rotation\":\"left\",\"vertical_align\":\"middle\",\"width\":\"large\"},\"children\":[{\"type\":\"row\",\"children\":[{\"type\":\"column\",\"props\":{\"class\":\"wg-card-default\",\"css\":\".el-column .uk-card{\\n\\tpadding-bottom: 0;\\n}\",\"image_position\":\"center-center\",\"position_sticky_breakpoint\":\"m\",\"style\":\"card-default\"},\"children\":[{\"type\":\"headline\",\"props\":{\"content\":\"Om os\",\"title_element\":\"h1\"}},{\"type\":\"text\",\"props\":{\"column_breakpoint\":\"m\",\"content\":\"\n\n<p>Gradient Benchmark hj\\u00e6lper din virksomhed med at \\u00f8ge engagementet i jeres forretningsrelationer og udvikle bedre samarbejder gennem data, indsigter og handlingsplanl\\u00e6gning.<\\\/p>\",\"margin\":\"default\",\"text_color\":\"emphasis\"}},{\"type\":\"image\",\"props\":{\"css\":\".el-element img{\\n\\tborder-radius: 0 40px 0 0;\\n}\\n\",\"image\":\"wp-content\\\/uploads\\\/photo-1551590192-8070a16d9f67-scaled.jpg\",\"image_border\":\"rounded\",\"image_height\":800,\"image_svg_color\":\"emphasis\",\"image_width\":1920,\"margin\":\"default\"}}]}]}]},{\"type\":\"section\",\"props\":{\"animation\":\"slide-top-small\",\"animation_delay\":\"100\",\"image_position\":\"center-center\",\"padding\":\"small\",\"padding_remove_bottom\":false,\"padding_remove_top\":true,\"style\":\"default\",\"title_breakpoint\":\"xl\",\"title_position\":\"top-left\",\"title_rotation\":\"left\",\"vertical_align\":\"middle\",\"width\":\"large\"},\"children\":[{\"type\":\"row\",\"children\":[{\"type\":\"column\",\"props\":{\"image_position\":\"center-center\",\"position_sticky_breakpoint\":\"m\"},\"children\":[{\"type\":\"text\",\"props\":{\"column_breakpoint\":\"m\",\"content\":\"\n\n<p>Vores model har v\\u00e6ret etableret p\\u00e5 det nordiske marked siden 90\\u2019erne, og vi er i dag f\\u00f8rende i Norden inden for det, vi kalder \\\"customer benchmarking\\\". Med hj\\u00e6lp fra indsigterne i vores evalueringer udvikler b\\u00e5de handelsakt\\u00f8rerne og leverand\\u00f8rerne deres forretningsrelationer og samarbejder!<br \\\/><br \\\/>Hvorfor Gradient Benchmark?<br \\\/><br \\\/>Eksternt perspektiv \\u2013 P\\u00e5 hvordan vi pr\\u00e6sterer inden for forskellige omr\\u00e5der.<br \\\/><br \\\/>Benchmark \\u2013 Over hvordan vi forholder os til \\\"de bedste i klassen\\\".<br \\\/><br \\\/>Prioritering \\u2013 Sikre fokus p\\u00e5 det, som vores kunder finder vigtigst.<br \\\/><br \\\/>F\\u00f8lg op over tid \\u2013 F\\u00f8lg op over tid og skab kontinuerlige forbedringer! <br \\\/><br \\\/>Vi er aktive i alle nordiske lande inden for flere forskellige handelssektorer og gennemf\\u00f8rer hvert \\u00e5r omkring 70 forskellige typer evalueringer. Vores kunder er indsigtsfulde leverand\\u00f8rvirksomheder, b\\u00e5de nationale og internationale, store som sm\\u00e5.<br \\\/><br \\\/>Vores \\\"Benchmark\\\"-grupper indeholder allerede data for hundreder af forskellige leverand\\u00f8r- og handelsvirksomheder inden for flere forskellige sektorer, for eksempel dagligvarehandel, HORECA, apoteker, forbrugerelektronik og byggemarked.<\\\/p>\",\"margin\":\"default\",\"text_style\":\"large\"}},{\"type\":\"button\",\"props\":{\"grid_column_gap\":\"small\",\"grid_row_gap\":\"small\",\"margin\":\"medium\"},\"children\":[{\"type\":\"button_item\",\"props\":{\"button_style\":\"primary\",\"content\":\"Kontakt\",\"dialog_layout\":\"modal\",\"dialog_offcanvas_flip\":true,\"icon_align\":\"left\",\"link\":\"\\\/da\\\/kontakt\\\/\"}}]}]}]}]}],\"version\":\"4.5.6\"} --><\/p>\n","protected":false},"excerpt":{"rendered":"<p>Om os Gradient Benchmark hj\u00e6lper din virksomhed med at \u00f8ge engagementet i jeres forretningsrelationer og udvikle bedre samarbejder gennem data, indsigter og handlingsplanl\u00e6gning. Vores model har v\u00e6ret etableret p\u00e5 det nordiske marked siden 90\u2019erne, og vi er i dag f\u00f8rende i Norden inden for det, vi kalder &#8220;customer benchmarking&#8221;. Med hj\u00e6lp fra indsigterne i vores [&hellip;]<\/p>\n","protected":false},"author":1,"featured_media":0,"parent":0,"menu_order":0,"comment_status":"closed","ping_status":"closed","template":"","meta":{"footnotes":""},"class_list":["post-500","page","type-page","status-publish","hentry"],"_links":{"self":[{"href":"https:\/\/gradient-benchmark.com\/da\/wp-json\/wp\/v2\/pages\/500","targetHints":{"allow":["GET"]}}],"collection":[{"href":"https:\/\/gradient-benchmark.com\/da\/wp-json\/wp\/v2\/pages"}],"about":[{"href":"https:\/\/gradient-benchmark.com\/da\/wp-json\/wp\/v2\/types\/page"}],"author":[{"embeddable":true,"href":"https:\/\/gradient-benchmark.com\/da\/wp-json\/wp\/v2\/users\/1"}],"replies":[{"embeddable":true,"href":"https:\/\/gradient-benchmark.com\/da\/wp-json\/wp\/v2\/comments?post=500"}],"version-history":[{"count":4,"href":"https:\/\/gradient-benchmark.com\/da\/wp-json\/wp\/v2\/pages\/500\/revisions"}],"predecessor-version":[{"id":590,"href":"https:\/\/gradient-benchmark.com\/da\/wp-json\/wp\/v2\/pages\/500\/revisions\/590"}],"wp:attachment":[{"href":"https:\/\/gradient-benchmark.com\/da\/wp-json\/wp\/v2\/media?parent=500"}],"curies":[{"name":"wp","href":"https:\/\/api.w.org\/{rel}","templated":true}]}}