{"id":504,"date":"2025-02-21T18:55:18","date_gmt":"2025-02-21T17:55:18","guid":{"rendered":"https:\/\/gradient.webgiantdemo.se\/benchmarking\/"},"modified":"2025-09-14T12:31:57","modified_gmt":"2025-09-14T11:31:57","slug":"benchmarking","status":"publish","type":"page","link":"https:\/\/gradient-benchmark.com\/da\/benchmarking\/","title":{"rendered":"Benchmarking"},"content":{"rendered":"<h1>Benchmarking<\/h1>\n<div>Vi tilbyder B2B Kundebenchmarking inden for alle de store detailsektorer i Norden.<\/div>\n<p><img decoding=\"async\" src=\"\/wp-content\/uploads\/pexels-photo-7948063-scaled.jpeg\" alt=\"\"><\/p>\n<div>\n<p>\u201dBenchmarking\u201d er processen med at sammenligne din virksomheds resultater med andre i din branche.<\/p>\n<p>Dette kan hj\u00e6lpe dig med at identificere omr\u00e5der, hvor du udm\u00e6rker dig, og dem hvor du har brug for forbedring.<\/p>\n<\/p>\n<p>\u201dBenchmarking\u201d af dit tilbud giver dig et overblik over produktiviteten, effektiviteten og succesraten for din kundebearbejdning, og hvor du har dine konkurrencefordele.<\/p>\n<\/div>\n<p><p>\n        <a href=\"\/da\/kontakt\/\">Kontakt<\/a>\n    <\/p>\n<\/p>\n<p><img decoding=\"async\" src=\"\/wp-content\/uploads\/photo-1614028674026-a65e31bfd27c-scaled.jpg\" alt=\"\"><\/p>\n<div>\n<p>    <span class=\\\"uk-label\\\">Bem\u00e6rk<\/span>\n<\/div>\n<div>\n<p>Vores n\u00f8je udvalgte sp\u00f8rgsm\u00e5l har til form\u00e5l at m\u00e5le b\u00e5de kundetilfredshed og kundeloyalitet, som er to forskellige, men st\u00e6rkt forbundne begreber, der ofte forveksles eller behandles som synonymer.<\/p>\n<ul>\n<li>Tilfredshed er n\u00f8dvendigt, men ikke tilstr\u00e6kkeligt \u2013 ingen bygger et st\u00e6rkt brand alene p\u00e5 at &#8220;ikke g\u00f8re fejl&#8221;.<\/li>\n<li>Loyalitet er d\u00e9r, hvor konkurrencekraften ligger \u2013 det skaber en robust kunderelation, der ikke s\u00e5 let p\u00e5virkes af fx pris eller midlertidige fejl.<\/li>\n<\/ul>\n<p>Strategisk implikation: Tilfredshed er hygiene, loyalitet er differentiering.<\/p>\n<\/p>\n<\/div>\n<p><!--more--><br \/>\n<!-- {\"type\":\"layout\",\"children\":[{\"type\":\"section\",\"props\":{\"animation\":\"slide-bottom-small\",\"animation_delay\":\"100\",\"image_position\":\"center-center\",\"style\":\"default\",\"title_breakpoint\":\"xl\",\"title_position\":\"top-left\",\"title_rotation\":\"left\",\"vertical_align\":\"middle\",\"width\":\"large\"},\"children\":[{\"type\":\"row\",\"children\":[{\"type\":\"column\",\"props\":{\"class\":\"wg-card-default\",\"css\":\".el-column .uk-card{\\n\\tpadding-bottom: 0;\\n}\",\"image_position\":\"center-center\",\"position_sticky_breakpoint\":\"m\",\"style\":\"card-default\"},\"children\":[{\"type\":\"headline\",\"props\":{\"content\":\"Benchmarking\",\"title_element\":\"h1\"}},{\"type\":\"text\",\"props\":{\"column_breakpoint\":\"m\",\"content\":\"Vi tilbyder B2B Kundebenchmarking inden for alle de store detailsektorer i Norden.\",\"margin\":\"default\",\"text_color\":\"emphasis\"}},{\"type\":\"image\",\"props\":{\"css\":\".el-element img{\\n\\tborder-radius: 0 40px 0 0;\\n}\\n\",\"image\":\"wp-content\\\/uploads\\\/pexels-photo-7948063-scaled.jpeg\",\"image_border\":\"rounded\",\"image_height\":800,\"image_svg_color\":\"emphasis\",\"image_width\":1920,\"margin\":\"default\"}}]}]}]},{\"type\":\"section\",\"props\":{\"animation\":\"fade\",\"animation_delay\":\"100\",\"image_position\":\"center-center\",\"padding\":\"small\",\"padding_remove_bottom\":false,\"padding_remove_top\":true,\"style\":\"default\",\"title_breakpoint\":\"xl\",\"title_position\":\"top-left\",\"title_rotation\":\"left\",\"vertical_align\":\"middle\",\"width\":\"large\"},\"children\":[{\"type\":\"row\",\"children\":[{\"type\":\"column\",\"props\":{\"image_position\":\"center-center\",\"position_sticky_breakpoint\":\"m\"},\"children\":[{\"type\":\"text\",\"props\":{\"column_breakpoint\":\"m\",\"content\":\"\n\n<p>\\u201dBenchmarking\\u201d er processen med at sammenligne din virksomheds resultater med andre i din branche.<\\\/p>\\n\n\n<p>Dette kan hj\\u00e6lpe dig med at identificere omr\\u00e5der, hvor du udm\\u00e6rker dig, og dem hvor du har brug for forbedring.<\\\/p>\\n\n\n<p><\\\/p>\\n\n\n<p>\\u201dBenchmarking\\u201d af dit tilbud giver dig et overblik over produktiviteten, effektiviteten og succesraten for din kundebearbejdning, og hvor du har dine konkurrencefordele.<\\\/p>\",\"margin\":\"default\",\"text_style\":\"large\"}},{\"type\":\"button\",\"props\":{\"grid_column_gap\":\"small\",\"grid_row_gap\":\"small\",\"margin\":\"medium\"},\"children\":[{\"type\":\"button_item\",\"props\":{\"button_style\":\"primary\",\"content\":\"Kontakt\",\"dialog_layout\":\"modal\",\"dialog_offcanvas_flip\":true,\"icon_align\":\"left\",\"link\":\"\\\/da\\\/kontakt\\\/\"}}]}]}]}]},{\"type\":\"section\",\"props\":{\"animation\":\"slide-bottom-small\",\"animation_delay\":\"100\",\"image_position\":\"center-center\",\"style\":\"default\",\"title_breakpoint\":\"xl\",\"title_position\":\"top-left\",\"title_rotation\":\"left\",\"vertical_align\":\"middle\",\"width\":\"large\"},\"children\":[{\"type\":\"row\",\"children\":[{\"type\":\"column\",\"props\":{\"class\":\"wg-card-default\",\"image_position\":\"center-center\",\"padding\":\"large\",\"position_sticky_breakpoint\":\"m\",\"style\":\"card-primary\"},\"children\":[{\"type\":\"fragment\",\"props\":{\"margin\":\"default\"},\"children\":[{\"type\":\"row\",\"props\":{\"layout\":\"1-2,1-2\"},\"children\":[{\"type\":\"column\",\"props\":{\"image_position\":\"center-center\",\"position_sticky_breakpoint\":\"m\",\"width_medium\":\"1-2\"},\"children\":[{\"type\":\"image\",\"props\":{\"image\":\"wp-content\\\/uploads\\\/photo-1614028674026-a65e31bfd27c-scaled.jpg\",\"image_border\":\"rounded\",\"image_height\":500,\"image_svg_color\":\"emphasis\",\"image_width\":540,\"margin\":\"default\",\"text_align\":\"left\",\"text_align_breakpoint\":\"s\",\"text_align_fallback\":\"center\"}}]},{\"type\":\"column\",\"props\":{\"image_position\":\"center-center\",\"position_sticky_breakpoint\":\"m\",\"vertical_align\":\"middle\",\"width_medium\":\"1-2\"},\"children\":[{\"type\":\"html\",\"props\":{\"content\":\"<span class=\\\\\\\"uk-label\\\\\\\">Bem\\u00e6rk<\\\/span>\"}},{\"type\":\"text\",\"props\":{\"class\":\"wg-p-text-color\",\"column_breakpoint\":\"m\",\"content\":\"\n\n<p>Vores n\\u00f8je udvalgte sp\\u00f8rgsm\\u00e5l har til form\\u00e5l at m\\u00e5le b\\u00e5de kundetilfredshed og kundeloyalitet, som er to forskellige, men st\\u00e6rkt forbundne begreber, der ofte forveksles eller behandles som synonymer.<\\\/p>\\n\n\n<ul>\\n\n\n<li>Tilfredshed er n\\u00f8dvendigt, men ikke tilstr\\u00e6kkeligt \\u2013 ingen bygger et st\\u00e6rkt brand alene p\\u00e5 at \\\"ikke g\\u00f8re fejl\\\".<\\\/li>\\n\n\n<li>Loyalitet er d\\u00e9r, hvor konkurrencekraften ligger \\u2013 det skaber en robust kunderelation, der ikke s\\u00e5 let p\\u00e5virkes af fx pris eller midlertidige fejl.<\\\/li>\\n<\\\/ul>\\n\n\n<p>Strategisk implikation: Tilfredshed er hygiene, loyalitet er differentiering.<\\\/p>\\n\n\n<p><\\\/p>\",\"margin\":\"medium\",\"text_color\":\"emphasis\"}}]}]}]}]}]}],\"name\":\"INFO\"},{\"type\":\"section\",\"props\":{\"animation\":\"slide-bottom-small\",\"animation_delay\":\"100\",\"image_position\":\"center-center\",\"style\":\"default\",\"title_breakpoint\":\"xl\",\"title_position\":\"top-left\",\"title_rotation\":\"left\",\"vertical_align\":\"middle\",\"width\":\"large\"},\"children\":[{\"type\":\"row\",\"children\":[{\"type\":\"column\",\"props\":{\"image_position\":\"center-center\",\"position_sticky_breakpoint\":\"m\"}}]},{\"type\":\"row\",\"props\":{\"layout\":\"1-2,1-2\",\"row_gap\":\"large\"},\"children\":[{\"type\":\"column\",\"props\":{\"image_position\":\"center-center\",\"position_sticky_breakpoint\":\"m\",\"width_medium\":\"1-2\"}},{\"type\":\"column\",\"props\":{\"image_position\":\"center-center\",\"position_sticky_breakpoint\":\"m\",\"width_medium\":\"1-2\"}}]},{\"type\":\"row\",\"children\":[{\"type\":\"column\",\"props\":{\"image_position\":\"center-center\",\"position_sticky_breakpoint\":\"m\"}}]}]}],\"version\":\"4.5.6\"} --><\/p>\n","protected":false},"excerpt":{"rendered":"<p>Benchmarking Vi tilbyder B2B Kundebenchmarking inden for alle de store detailsektorer i Norden. \u201dBenchmarking\u201d er processen med at sammenligne din virksomheds resultater med andre i din branche. Dette kan hj\u00e6lpe dig med at identificere omr\u00e5der, hvor du udm\u00e6rker dig, og dem hvor du har brug for forbedring. \u201dBenchmarking\u201d af dit tilbud giver dig et overblik [&hellip;]<\/p>\n","protected":false},"author":1,"featured_media":0,"parent":0,"menu_order":0,"comment_status":"closed","ping_status":"closed","template":"","meta":{"footnotes":""},"class_list":["post-504","page","type-page","status-publish","hentry"],"_links":{"self":[{"href":"https:\/\/gradient-benchmark.com\/da\/wp-json\/wp\/v2\/pages\/504","targetHints":{"allow":["GET"]}}],"collection":[{"href":"https:\/\/gradient-benchmark.com\/da\/wp-json\/wp\/v2\/pages"}],"about":[{"href":"https:\/\/gradient-benchmark.com\/da\/wp-json\/wp\/v2\/types\/page"}],"author":[{"embeddable":true,"href":"https:\/\/gradient-benchmark.com\/da\/wp-json\/wp\/v2\/users\/1"}],"replies":[{"embeddable":true,"href":"https:\/\/gradient-benchmark.com\/da\/wp-json\/wp\/v2\/comments?post=504"}],"version-history":[{"count":11,"href":"https:\/\/gradient-benchmark.com\/da\/wp-json\/wp\/v2\/pages\/504\/revisions"}],"predecessor-version":[{"id":694,"href":"https:\/\/gradient-benchmark.com\/da\/wp-json\/wp\/v2\/pages\/504\/revisions\/694"}],"wp:attachment":[{"href":"https:\/\/gradient-benchmark.com\/da\/wp-json\/wp\/v2\/media?parent=504"}],"curies":[{"name":"wp","href":"https:\/\/api.w.org\/{rel}","templated":true}]}}