{"id":379,"date":"2025-02-21T16:23:29","date_gmt":"2025-02-21T15:23:29","guid":{"rendered":"https:\/\/gradient.webgiantdemo.se\/hem\/"},"modified":"2025-11-20T13:53:21","modified_gmt":"2025-11-20T12:53:21","slug":"hem","status":"publish","type":"page","link":"https:\/\/gradient-benchmark.com\/fi\/","title":{"rendered":"Hem"},"content":{"rendered":"<h1>Johtava \u201dCustomer Benchmarking\u201d toimija Pohjoismaissa<\/h1>\n<div>\n<p>Gradient Benchmark on johtava toimija B2B-verrokkitutkimuksissa Pohjoismaissa. Finfact Oy toimii Gradient Benchmarkin tyt\u00e4ryrityksen\u00e4 ja edustaa sen palveluja Suomessa. Autamme yrityst\u00e4nne varmistamaan tyytyv\u00e4iset asiakkaat, lis\u00e4\u00e4m\u00e4\u00e4n asiakkaiden sitoutumista ja kehitt\u00e4m\u00e4\u00e4n parempaa ja vahvempaa yhteisty\u00f6t\u00e4 datan, oivallusten ja toimenpidesuunnittelun avulla.<\/p>\n<\/div>\n<p><p>\n        <a href=\"\/fi\/kontakt\/\">Yhteystiedot<\/a>\n    <\/p>\n<\/p>\n<p><img decoding=\"async\" src=\"\/wp-content\/uploads\/2025\/11\/Team-Rynkeby-sponsor-bannere-2026-1348x260px_Gold_SE.jpg\" alt=\"\"><\/p>\n<div><span class=\"uk-text-primary\">Syv\u00e4llisen toimialaosaamisemme ja sek\u00e4 sis\u00e4isen ett\u00e4 ulkoisen datan edistyksellisen analysoinnin avulla autamme sinua ymm\u00e4rt\u00e4m\u00e4\u00e4n, miten sijoitut kilpailijoihin ja alan standardeihin n\u00e4hden. Tunnistamalla vahvuudet ja kehitysmahdollisuudet<\/span> annamme sinulle ne oivallukset, joita tarvitset prosessien tehostamiseen, resurssien optimointiin ja asiakaskokemuksen parantamiseen. Asiantuntemuksemme benchmarkingissa auttaa sinua nopeasti ja helposti tunnistamaan parannuskohteet ja asettamaan strategiset toimenpiteet liiketoimintasi tavoitteiden saavuttamiseksi. Ota yhteytt\u00e4 jo t\u00e4n\u00e4\u00e4n ja selvit\u00e4, miten voimme tukea matkaasi kohti korkeampaa suorituskyky\u00e4 ja kilpailuetua!<\/div>\n<p><p>\n        <a href=\"\/fi\/kontakt\/\">Yhteystiedot<\/a>\n    <\/p>\n<\/p>\n<p><img decoding=\"async\" src=\"\/wp-content\/uploads\/2025\/02\/img_hand.png\" alt=\"\"><\/p>\n<h2>Asenteet vaikuttavat liiketoimintaan<\/h2>\n<div>\n<p>Faktoihin perustuva tieto kaupan toimijan ja tavarantoimittajan v\u00e4lisest\u00e4 suhteesta on t\u00e4rke\u00e4 edellytys yhteisty\u00f6n tehokkaalle yll\u00e4pit\u00e4miselle ja laajentamiselle. Suhteita m\u00e4\u00e4ritt\u00e4v\u00e4t k\u00e4sitykset ja asenteet \u2013 ja on v\u00e4ltt\u00e4m\u00e4t\u00f6nt\u00e4 tuntea n\u00e4m\u00e4, jotta niit\u00e4 voidaan muuttaa haluttuun suuntaan.<\/p>\n<p>Pelkk\u00e4 myynnin tuloksen tarkastelu antaa vastauksen vain siihen, mit\u00e4 on tapahtunut \u2013 mutta ei miksi se on tapahtunut. Verrokkitutkimuksemme avulla jokainen toimija saa omat ainutlaatuiset vastauksensa yhteisty\u00f6n taustalla oleviin selitt\u00e4viin tekij\u00f6ihin kaupan\/toimittajien kanssa.<\/p>\n<p>Tutkimuksissa kannattaa antaa yhteisty\u00f6kumppaneilleen palautetta avoimesti ja t\u00e4ydellisesti. T\u00e4m\u00e4 mahdollistaa oikeiden panostusten jatkamisen ja samalla yhteisty\u00f6ss\u00e4 mahdollisesti olevien puutteiden korjaamisen.<\/p>\n<p>Tutkimuksemme perustuu kaksisuuntaiseen palautteeseen \u2013 tavarantoimittajat antavat palautetta v\u00e4hitt\u00e4iskaupalle ja v\u00e4hitt\u00e4iskauppa antaa palautta tavarantoimittajille \u2013 ja t\u00e4st\u00e4 hy\u00f6tyv\u00e4t molemmat osapuolet.<\/p>\n<\/div>\n<h2>Luottamuksellisuus ja tiedon hallinta<\/h2>\n<p><p>\n        <a href=\"\/fi\/kontakt\/\">Yhteystiedot<\/a>\n    <\/p>\n<\/p>\n<div>\n<p><span class=\"uk-text-primary\">Olemme riippumaton toimija kaupan ja tavarantoimittajan v\u00e4lill\u00e4 <\/span> ja se on teht\u00e4v\u00e4, joka velvoittaa.<\/p>\n<p>Laaja kokemuksemme ja n\u00e4kemyksemme antavat meille ainutlaatuisen mahdollisuuden neuvoa tutkimuksiin liittyvi\u00e4 tuloksia. Samalla emme koskaan tingi luottamuksellisuudesta yksitt\u00e4isen toimijan tuloksiin ja tilanteeseen liittyen. Kaikki vastaukset k\u00e4sitell\u00e4\u00e4n tiukasti anonyymisti ja luottamuksellisesti. Yksitt\u00e4ist\u00e4 henkil\u00f6\u00e4 tai yrityst\u00e4 ei voida tunnistaa tai yhdist\u00e4\u00e4 annettuihin vastauksiin.<\/p>\n<\/div>\n<p><!--more--><br \/>\n<!-- {\"type\":\"layout\",\"children\":[{\"type\":\"section\",\"props\":{\"animation\":\"fade\",\"animation_delay\":\"100\",\"css\":\".el-section .uk-background-cover{\\n\\tbackground-position: center -2px ;\\n    background-color: #0E1419;\\n}\",\"height\":\"viewport\",\"height_viewport\":80,\"image\":\"wp-content\\\/uploads\\\/2025\\\/02\\\/img_hero_bg.png\",\"image_position\":\"top-center\",\"image_size\":\"cover\",\"style\":\"default\",\"text_color\":\"light\",\"title_breakpoint\":\"xl\",\"title_position\":\"top-left\",\"title_rotation\":\"left\",\"vertical_align\":\"middle\",\"width\":\"default\"},\"children\":[{\"type\":\"row\",\"children\":[{\"type\":\"column\",\"props\":{\"image_position\":\"center-center\",\"position_sticky_breakpoint\":\"m\"},\"children\":[{\"type\":\"headline\",\"props\":{\"content\":\"Johtava \\u201dCustomer Benchmarking\\u201d toimija Pohjoismaissa\",\"text_align\":\"center\",\"title_element\":\"h1\"}},{\"type\":\"text\",\"props\":{\"block_align\":\"center\",\"column_breakpoint\":\"m\",\"content\":\"\n\n<p>Gradient Benchmark on johtava toimija B2B-verrokkitutkimuksissa Pohjoismaissa. Finfact Oy toimii Gradient Benchmarkin tyt\\u00e4ryrityksen\\u00e4 ja edustaa sen palveluja Suomessa. Autamme yrityst\\u00e4nne varmistamaan tyytyv\\u00e4iset asiakkaat, lis\\u00e4\\u00e4m\\u00e4\\u00e4n asiakkaiden sitoutumista ja kehitt\\u00e4m\\u00e4\\u00e4n parempaa ja vahvempaa yhteisty\\u00f6t\\u00e4 datan, oivallusten ja toimenpidesuunnittelun avulla.<\\\/p>\",\"margin\":\"default\",\"maxwidth\":\"xlarge\",\"text_align\":\"center\"}},{\"type\":\"button\",\"props\":{\"grid_column_gap\":\"small\",\"grid_row_gap\":\"small\",\"margin\":\"default\",\"text_align\":\"center\"},\"children\":[{\"type\":\"button_item\",\"props\":{\"button_style\":\"primary\",\"content\":\"Yhteystiedot\",\"dialog_layout\":\"modal\",\"dialog_offcanvas_flip\":true,\"icon_align\":\"left\",\"link\":\"fi\\\/kontakt\\\/\"}}]},{\"type\":\"image\",\"props\":{\"image\":\"wp-content\\\/uploads\\\/2025\\\/11\\\/Team-Rynkeby-sponsor-bannere-2026-1348x260px_Gold_SE.jpg\",\"image_border\":\"pill\",\"image_svg_color\":\"emphasis\",\"image_width\":500,\"margin\":\"default\",\"position\":\"relative\",\"position_left\":\"330\"}}]}]}]},{\"type\":\"section\",\"props\":{\"animation\":\"slide-bottom-small\",\"animation_delay\":\"200\",\"image_position\":\"center-center\",\"style\":\"default\",\"title_breakpoint\":\"xl\",\"title_position\":\"top-left\",\"title_rotation\":\"left\",\"vertical_align\":\"middle\",\"width\":\"large\"},\"children\":[{\"type\":\"row\",\"props\":{\"layout\":\"5-6,1-6|4-5,1-5\"},\"children\":[{\"type\":\"column\",\"props\":{\"image_position\":\"center-center\",\"position_sticky_breakpoint\":\"m\",\"width_medium\":\"5-6\",\"width_small\":\"4-5\"},\"children\":[{\"type\":\"text\",\"props\":{\"column_breakpoint\":\"m\",\"content\":\"<span class=\\\"uk-text-primary\\\">Syv\\u00e4llisen toimialaosaamisemme ja sek\\u00e4 sis\\u00e4isen ett\\u00e4 ulkoisen datan edistyksellisen analysoinnin avulla autamme sinua ymm\\u00e4rt\\u00e4m\\u00e4\\u00e4n, miten sijoitut kilpailijoihin ja alan standardeihin n\\u00e4hden. Tunnistamalla vahvuudet ja kehitysmahdollisuudet<\\\/span> annamme sinulle ne oivallukset, joita tarvitset prosessien tehostamiseen, resurssien optimointiin ja asiakaskokemuksen parantamiseen. Asiantuntemuksemme benchmarkingissa auttaa sinua nopeasti ja helposti tunnistamaan parannuskohteet ja asettamaan strategiset toimenpiteet liiketoimintasi tavoitteiden saavuttamiseksi. Ota yhteytt\\u00e4 jo t\\u00e4n\\u00e4\\u00e4n ja selvit\\u00e4, miten voimme tukea matkaasi kohti korkeampaa suorituskyky\\u00e4 ja kilpailuetua!\",\"margin\":\"default\",\"text_style\":\"large\"}},{\"type\":\"button\",\"props\":{\"grid_column_gap\":\"small\",\"grid_row_gap\":\"small\",\"margin\":\"medium\"},\"children\":[{\"type\":\"button_item\",\"props\":{\"button_style\":\"primary\",\"content\":\"Yhteystiedot\",\"dialog_layout\":\"modal\",\"dialog_offcanvas_flip\":true,\"icon_align\":\"left\",\"link\":\"fi\\\/kontakt\\\/\"}}]}]},{\"type\":\"column\",\"props\":{\"image_position\":\"center-center\",\"position_sticky_breakpoint\":\"m\",\"width_medium\":\"1-6\",\"width_small\":\"1-5\"}}]}]},{\"type\":\"section\",\"props\":{\"animation\":\"slide-bottom-small\",\"animation_delay\":\"100\",\"image_position\":\"center-center\",\"style\":\"default\",\"title_breakpoint\":\"xl\",\"title_position\":\"top-left\",\"title_rotation\":\"left\",\"vertical_align\":\"middle\",\"width\":\"large\"},\"children\":[{\"type\":\"row\",\"children\":[{\"type\":\"column\",\"props\":{\"class\":\"wg-card-default\",\"image_position\":\"center-center\",\"padding\":\"large\",\"position_sticky_breakpoint\":\"m\",\"style\":\"card-default\"},\"children\":[{\"type\":\"fragment\",\"props\":{\"margin\":\"default\"},\"children\":[{\"type\":\"row\",\"props\":{\"layout\":\"1-2,1-2\"},\"children\":[{\"type\":\"column\",\"props\":{\"image_position\":\"center-center\",\"position_sticky_breakpoint\":\"m\",\"width_medium\":\"1-2\"},\"children\":[{\"type\":\"image\",\"props\":{\"image\":\"wp-content\\\/uploads\\\/2025\\\/02\\\/img_hand.png\",\"image_border\":\"rounded\",\"image_svg_color\":\"emphasis\",\"image_width\":540,\"margin\":\"default\",\"text_align\":\"left\",\"text_align_breakpoint\":\"s\",\"text_align_fallback\":\"center\"}}]},{\"type\":\"column\",\"props\":{\"image_position\":\"center-center\",\"position_sticky_breakpoint\":\"m\",\"width_medium\":\"1-2\"},\"children\":[{\"type\":\"headline\",\"props\":{\"content\":\"Asenteet vaikuttavat liiketoimintaan\",\"margin\":\"default\",\"margin_remove_top\":false,\"title_element\":\"h2\"}},{\"type\":\"text\",\"props\":{\"class\":\"wg-p-text-color\",\"column_breakpoint\":\"m\",\"content\":\"\n\n<p>Faktoihin perustuva tieto kaupan toimijan ja tavarantoimittajan v\\u00e4lisest\\u00e4 suhteesta on t\\u00e4rke\\u00e4 edellytys yhteisty\\u00f6n tehokkaalle yll\\u00e4pit\\u00e4miselle ja laajentamiselle. Suhteita m\\u00e4\\u00e4ritt\\u00e4v\\u00e4t k\\u00e4sitykset ja asenteet \\u2013 ja on v\\u00e4ltt\\u00e4m\\u00e4t\\u00f6nt\\u00e4 tuntea n\\u00e4m\\u00e4, jotta niit\\u00e4 voidaan muuttaa haluttuun suuntaan.<\\\/p>\\n\n\n<p>Pelkk\\u00e4 myynnin tuloksen tarkastelu antaa vastauksen vain siihen, mit\\u00e4 on tapahtunut \\u2013 mutta ei miksi se on tapahtunut. Verrokkitutkimuksemme avulla jokainen toimija saa omat ainutlaatuiset vastauksensa yhteisty\\u00f6n taustalla oleviin selitt\\u00e4viin tekij\\u00f6ihin kaupan\\\/toimittajien kanssa.<\\\/p>\\n\n\n<p>Tutkimuksissa kannattaa antaa yhteisty\\u00f6kumppaneilleen palautetta avoimesti ja t\\u00e4ydellisesti. T\\u00e4m\\u00e4 mahdollistaa oikeiden panostusten jatkamisen ja samalla yhteisty\\u00f6ss\\u00e4 mahdollisesti olevien puutteiden korjaamisen.<\\\/p>\\n\n\n<p>Tutkimuksemme perustuu kaksisuuntaiseen palautteeseen \\u2013 tavarantoimittajat antavat palautetta v\\u00e4hitt\\u00e4iskaupalle ja v\\u00e4hitt\\u00e4iskauppa antaa palautta tavarantoimittajille \\u2013 ja t\\u00e4st\\u00e4 hy\\u00f6tyv\\u00e4t molemmat osapuolet.<\\\/p>\",\"margin\":\"medium\"}}]}]}]}]}]}],\"name\":\"Attitude\"},{\"type\":\"section\",\"props\":{\"animation\":\"slide-right-medium\",\"animation_delay\":\"100\",\"image_position\":\"center-center\",\"style\":\"default\",\"title_breakpoint\":\"xl\",\"title_position\":\"top-left\",\"title_rotation\":\"left\",\"vertical_align\":\"middle\",\"width\":\"large\"},\"children\":[{\"type\":\"row\",\"props\":{\"layout\":\"1-2,1-2\"},\"children\":[{\"type\":\"column\",\"props\":{\"image_position\":\"center-center\",\"position_sticky_breakpoint\":\"m\",\"width_medium\":\"1-2\"},\"children\":[{\"type\":\"headline\",\"props\":{\"content\":\"Luottamuksellisuus ja tiedon hallinta\",\"title_element\":\"h2\"}},{\"type\":\"button\",\"props\":{\"grid_column_gap\":\"small\",\"grid_row_gap\":\"small\",\"margin\":\"medium\"},\"children\":[{\"type\":\"button_item\",\"props\":{\"button_style\":\"primary\",\"content\":\"Yhteystiedot\",\"dialog_layout\":\"modal\",\"dialog_offcanvas_flip\":true,\"icon_align\":\"left\",\"link\":\"fi\\\/kontakt\\\/\"}}]}]},{\"type\":\"column\",\"props\":{\"image_position\":\"center-center\",\"position_sticky_breakpoint\":\"m\",\"width_medium\":\"1-2\"},\"children\":[{\"type\":\"text\",\"props\":{\"column_breakpoint\":\"m\",\"content\":\"\n\n<p><span class=\\\"uk-text-primary\\\">Olemme riippumaton toimija kaupan ja tavarantoimittajan v\\u00e4lill\\u00e4 <\\\/span> ja se on teht\\u00e4v\\u00e4, joka velvoittaa.<\\\/p>\\n\n\n<p>Laaja kokemuksemme ja n\\u00e4kemyksemme antavat meille ainutlaatuisen mahdollisuuden neuvoa tutkimuksiin liittyvi\\u00e4 tuloksia. Samalla emme koskaan tingi luottamuksellisuudesta yksitt\\u00e4isen toimijan tuloksiin ja tilanteeseen liittyen. Kaikki vastaukset k\\u00e4sitell\\u00e4\\u00e4n tiukasti anonyymisti ja luottamuksellisesti. Yksitt\\u00e4ist\\u00e4 henkil\\u00f6\\u00e4 tai yrityst\\u00e4 ei voida tunnistaa tai yhdist\\u00e4\\u00e4 annettuihin vastauksiin.<\\\/p>\",\"margin\":\"default\",\"text_style\":\"large\"}}]}]}]}],\"version\":\"4.5.6\"} --><\/p>\n","protected":false},"excerpt":{"rendered":"<p>Johtava \u201dCustomer Benchmarking\u201d toimija Pohjoismaissa Gradient Benchmark on johtava toimija B2B-verrokkitutkimuksissa Pohjoismaissa. Finfact Oy toimii Gradient Benchmarkin tyt\u00e4ryrityksen\u00e4 ja edustaa sen palveluja Suomessa. Autamme yrityst\u00e4nne varmistamaan tyytyv\u00e4iset asiakkaat, lis\u00e4\u00e4m\u00e4\u00e4n asiakkaiden sitoutumista ja kehitt\u00e4m\u00e4\u00e4n parempaa ja vahvempaa yhteisty\u00f6t\u00e4 datan, oivallusten ja toimenpidesuunnittelun avulla. Yhteystiedot Syv\u00e4llisen toimialaosaamisemme ja sek\u00e4 sis\u00e4isen ett\u00e4 ulkoisen datan edistyksellisen analysoinnin avulla autamme [&hellip;]<\/p>\n","protected":false},"author":1,"featured_media":0,"parent":0,"menu_order":0,"comment_status":"closed","ping_status":"open","template":"","meta":{"footnotes":""},"class_list":["post-379","page","type-page","status-publish","hentry"],"_links":{"self":[{"href":"https:\/\/gradient-benchmark.com\/fi\/wp-json\/wp\/v2\/pages\/379","targetHints":{"allow":["GET"]}}],"collection":[{"href":"https:\/\/gradient-benchmark.com\/fi\/wp-json\/wp\/v2\/pages"}],"about":[{"href":"https:\/\/gradient-benchmark.com\/fi\/wp-json\/wp\/v2\/types\/page"}],"author":[{"embeddable":true,"href":"https:\/\/gradient-benchmark.com\/fi\/wp-json\/wp\/v2\/users\/1"}],"replies":[{"embeddable":true,"href":"https:\/\/gradient-benchmark.com\/fi\/wp-json\/wp\/v2\/comments?post=379"}],"version-history":[{"count":7,"href":"https:\/\/gradient-benchmark.com\/fi\/wp-json\/wp\/v2\/pages\/379\/revisions"}],"predecessor-version":[{"id":780,"href":"https:\/\/gradient-benchmark.com\/fi\/wp-json\/wp\/v2\/pages\/379\/revisions\/780"}],"wp:attachment":[{"href":"https:\/\/gradient-benchmark.com\/fi\/wp-json\/wp\/v2\/media?parent=379"}],"curies":[{"name":"wp","href":"https:\/\/api.w.org\/{rel}","templated":true}]}}