{"id":487,"date":"2025-02-21T18:57:11","date_gmt":"2025-02-21T17:57:11","guid":{"rendered":"https:\/\/gradient.webgiantdemo.se\/modell\/"},"modified":"2025-11-20T14:34:05","modified_gmt":"2025-11-20T13:34:05","slug":"modell","status":"publish","type":"page","link":"https:\/\/gradient-benchmark.com\/fi\/modell\/","title":{"rendered":"Malli"},"content":{"rendered":"<h1>Malli<\/h1>\n<div>\n<p><span>Uniikki ja todistetusti toimiva analyysimallimme perustuu:<\/span><\/p>\n<\/div>\n<p><img decoding=\"async\" src=\"\/wp-content\/uploads\/photo-1541415286727-ec04aff492bf-scaled.jpg\" alt=\"\"><\/p>\n<ul>\n<li>\n<div>\n<p>R\u00e4\u00e4t\u00e4l\u00f6ity ja tehokas IT-alusta<\/p>\n<\/div>\n<\/li>\n<li>\n<div>\n<p>Yhdenmukainen tutkimus tavarantoimittajien ja v\u00e4hitt\u00e4iskaupan v\u00e4lill\u00e4<\/p>\n<\/div>\n<\/li>\n<li>\n<div>\n<p>Kysymysten\/arviointiparametrien jatkuva kehitt\u00e4minen<\/p>\n<\/div>\n<\/li>\n<li>\n<div>\n<p>Vakiintunut toteutusprosessi<\/p>\n<\/div>\n<\/li>\n<li>\n<div>\n<p>Laatuvarmistusmalli aina tiedonkeruumenetelm\u00e4st\u00e4 datamallinnukseen saakka<\/p>\n<\/div>\n<\/li>\n<li>\n<div>\n<p>P\u00e4tev\u00e4 neuvonta tiedon sis\u00e4ll\u00f6st\u00e4, tulkinnasta ja analyysista<\/p>\n<\/div>\n<\/li>\n<li>\n<div>\n<p>Uniikki tietokanta\/historia, joka tarjoaa p\u00e4\u00e4syn historiallisiiin taustatietoihin yli 20 vuoden ajalta<\/p>\n<\/div>\n<\/li>\n<\/ul>\n<div>B2B- verrokkitutkimus on koko alan kattava arviointi, joissa toimittajat ja kauppaketjut m\u00e4\u00e4ritellyill\u00e4 tuotealueilla ja sektoreilla arvioivat vastavuoroisesti ja samanaikaisesti toistensa suorituksia yhteisty\u00f6ns\u00e4 puitteissa<\/div>\n<p><p>\n        <a href=\"\/fi\/kontakt\/\">Yhteystiedot<\/a>\n    <\/p>\n<\/p>\n<p><img decoding=\"async\" src=\"\/wp-content\/uploads\/photo-1614028674026-a65e31bfd27c-scaled.jpg\" alt=\"\"><\/p>\n<div>\n<p>Mallimme tarkoittaa, ett\u00e4 jokainen yksitt\u00e4inen yhteisty\u00f6 tavarantoimittajan ja kaupan toimijan v\u00e4lill\u00e4 arvioidaan perusteellisesti \u2013 arviointi voi usein kattaa yli 40 erilaista liiketoimintakriittist\u00e4 parametria. K\u00e4ytett\u00e4v\u00e4t arviointiparametrit on suunniteltu kattamaan kaikki yhteisty\u00f6n kannalta olennaiset n\u00e4k\u00f6kulmat ja ne on vahvistettu toimijoiden kanssa.<\/p>\n<p>Tutkimuksen tulokset toimitetaan sek\u00e4 selke\u00e4n ja tehokkaan digitaalisen raportointity\u00f6kalumme kautta ett\u00e4 liiketoimintakonsulttiemme tekem\u00e4n syv\u00e4llisen analyysin ja tulosten esittelyn kautta toimeksiantajalle.<\/p>\n<\/div>\n<p><!--more--><br \/>\n<!-- {\"type\":\"layout\",\"children\":[{\"type\":\"section\",\"props\":{\"animation\":\"slide-bottom-small\",\"animation_delay\":\"100\",\"image_position\":\"center-center\",\"style\":\"default\",\"title_breakpoint\":\"xl\",\"title_position\":\"top-left\",\"title_rotation\":\"left\",\"vertical_align\":\"middle\",\"width\":\"large\"},\"children\":[{\"type\":\"row\",\"children\":[{\"type\":\"column\",\"props\":{\"class\":\"wg-card-default\",\"css\":\".el-column .uk-card{\\n\\tpadding-bottom: 0;\\n}\",\"image_position\":\"center-center\",\"position_sticky_breakpoint\":\"m\",\"style\":\"card-default\"},\"children\":[{\"type\":\"headline\",\"props\":{\"content\":\"Malli\",\"title_element\":\"h1\"}},{\"type\":\"text\",\"props\":{\"column_breakpoint\":\"m\",\"content\":\"\n\n<p><span>Uniikki ja todistetusti toimiva analyysimallimme perustuu:<\\\/span><\\\/p>\",\"margin\":\"default\",\"text_color\":\"emphasis\"}},{\"type\":\"image\",\"props\":{\"css\":\".el-element img{\\n\\tborder-radius: 0 40px 0 0;\\n}\\n\",\"image\":\"wp-content\\\/uploads\\\/photo-1541415286727-ec04aff492bf-scaled.jpg\",\"image_border\":\"rounded\",\"image_height\":800,\"image_svg_color\":\"emphasis\",\"image_width\":1920,\"margin\":\"default\"}}]}]}]},{\"type\":\"section\",\"props\":{\"animation\":\"fade\",\"animation_delay\":\"100\",\"image_position\":\"center-center\",\"padding\":\"small\",\"padding_remove_bottom\":false,\"padding_remove_top\":true,\"style\":\"default\",\"title_breakpoint\":\"xl\",\"title_position\":\"top-left\",\"title_rotation\":\"left\",\"vertical_align\":\"middle\",\"width\":\"large\"},\"children\":[{\"type\":\"row\",\"children\":[{\"type\":\"column\",\"props\":{\"image_position\":\"center-center\",\"position_sticky_breakpoint\":\"m\"},\"children\":[{\"type\":\"grid\",\"props\":{\"block_align\":\"center\",\"content_column_breakpoint\":\"m\",\"content_margin\":\"small\",\"filter_align\":\"left\",\"filter_all\":true,\"filter_grid_breakpoint\":\"m\",\"filter_grid_width\":\"auto\",\"filter_position\":\"top\",\"filter_style\":\"tab\",\"grid_column_gap\":\"medium\",\"grid_default\":\"1\",\"grid_divider\":true,\"grid_large\":\"3\",\"grid_medium\":\"auto\",\"grid_row_gap\":\"medium\",\"icon_width\":80,\"image_align\":\"top\",\"image_grid_breakpoint\":\"m\",\"image_grid_width\":\"1-2\",\"image_svg_color\":\"emphasis\",\"item_animation\":true,\"lightbox_bg_close\":true,\"link_style\":\"default\",\"link_text\":\"Read more\",\"margin\":\"large\",\"meta_align\":\"below-title\",\"meta_element\":\"div\",\"meta_style\":\"text-meta\",\"panel_padding\":\"small\",\"panel_style\":\"card-secondary\",\"show_content\":true,\"show_hover_image\":true,\"show_hover_video\":true,\"show_image\":true,\"show_link\":true,\"show_meta\":true,\"show_title\":true,\"show_video\":true,\"text_align\":\"center\",\"title_align\":\"top\",\"title_element\":\"h3\",\"title_grid_breakpoint\":\"m\",\"title_grid_width\":\"1-2\",\"title_hover_style\":\"reset\"},\"children\":[{\"type\":\"grid_item\",\"props\":{\"content\":\"\n\n<p>R\\u00e4\\u00e4t\\u00e4l\\u00f6ity ja tehokas IT-alusta<\\\/p>\",\"meta\":\"\"}},{\"type\":\"grid_item\",\"props\":{\"content\":\"\n\n<p>Yhdenmukainen tutkimus tavarantoimittajien ja v\\u00e4hitt\\u00e4iskaupan v\\u00e4lill\\u00e4<\\\/p>\",\"meta\":\"\"}},{\"type\":\"grid_item\",\"props\":{\"content\":\"\n\n<p>Kysymysten\\\/arviointiparametrien jatkuva kehitt\\u00e4minen<\\\/p>\",\"meta\":\"\"}},{\"type\":\"grid_item\",\"props\":{\"content\":\"\n\n<p>Vakiintunut toteutusprosessi<\\\/p>\",\"meta\":\"\"}},{\"type\":\"grid_item\",\"props\":{\"content\":\"\n\n<p>Laatuvarmistusmalli aina tiedonkeruumenetelm\\u00e4st\\u00e4 datamallinnukseen saakka<\\\/p>\",\"meta\":\"\"}},{\"type\":\"grid_item\",\"props\":{\"content\":\"\n\n<p>P\\u00e4tev\\u00e4 neuvonta tiedon sis\\u00e4ll\\u00f6st\\u00e4, tulkinnasta ja analyysista<\\\/p>\"}},{\"type\":\"grid_item\",\"props\":{\"content\":\"\n\n<p>Uniikki tietokanta\\\/historia, joka tarjoaa p\\u00e4\\u00e4syn historiallisiiin taustatietoihin yli 20 vuoden ajalta<\\\/p>\"}}],\"name\":\"GRD\"},{\"type\":\"text\",\"props\":{\"column_breakpoint\":\"m\",\"content\":\"B2B- verrokkitutkimus on koko alan kattava arviointi, joissa toimittajat ja kauppaketjut m\\u00e4\\u00e4ritellyill\\u00e4 tuotealueilla ja sektoreilla arvioivat vastavuoroisesti ja samanaikaisesti toistensa suorituksia yhteisty\\u00f6ns\\u00e4 puitteissa\",\"margin\":\"default\",\"text_style\":\"large\"}},{\"type\":\"button\",\"props\":{\"grid_column_gap\":\"small\",\"grid_row_gap\":\"small\",\"margin\":\"medium\"},\"children\":[{\"type\":\"button_item\",\"props\":{\"button_style\":\"primary\",\"content\":\"Yhteystiedot\",\"dialog_layout\":\"modal\",\"dialog_offcanvas_flip\":true,\"icon_align\":\"left\",\"link\":\"\\\/fi\\\/kontakt\\\/\"}}]}]}]}]},{\"type\":\"section\",\"props\":{\"animation\":\"slide-bottom-small\",\"animation_delay\":\"100\",\"image_position\":\"center-center\",\"style\":\"default\",\"title_breakpoint\":\"xl\",\"title_position\":\"top-left\",\"title_rotation\":\"left\",\"vertical_align\":\"middle\",\"width\":\"large\"},\"children\":[{\"type\":\"row\",\"children\":[{\"type\":\"column\",\"props\":{\"class\":\"wg-card-default\",\"image_position\":\"center-center\",\"padding\":\"large\",\"position_sticky_breakpoint\":\"m\",\"style\":\"card-primary\"},\"children\":[{\"type\":\"fragment\",\"props\":{\"margin\":\"default\"},\"children\":[{\"type\":\"row\",\"props\":{\"layout\":\"1-2,1-2\"},\"children\":[{\"type\":\"column\",\"props\":{\"image_position\":\"center-center\",\"position_sticky_breakpoint\":\"m\",\"width_medium\":\"1-2\"},\"children\":[{\"type\":\"image\",\"props\":{\"image\":\"wp-content\\\/uploads\\\/photo-1614028674026-a65e31bfd27c-scaled.jpg\",\"image_border\":\"rounded\",\"image_height\":500,\"image_svg_color\":\"emphasis\",\"image_width\":540,\"margin\":\"default\",\"text_align\":\"left\",\"text_align_breakpoint\":\"s\",\"text_align_fallback\":\"center\"}}]},{\"type\":\"column\",\"props\":{\"image_position\":\"center-center\",\"position_sticky_breakpoint\":\"m\",\"vertical_align\":\"middle\",\"width_medium\":\"1-2\"},\"children\":[{\"type\":\"text\",\"props\":{\"class\":\"wg-p-text-color\",\"column_breakpoint\":\"m\",\"content\":\"\n\n<p>Mallimme tarkoittaa, ett\\u00e4 jokainen yksitt\\u00e4inen yhteisty\\u00f6 tavarantoimittajan ja kaupan toimijan v\\u00e4lill\\u00e4 arvioidaan perusteellisesti \\u2013 arviointi voi usein kattaa yli 40 erilaista liiketoimintakriittist\\u00e4 parametria. K\\u00e4ytett\\u00e4v\\u00e4t arviointiparametrit on suunniteltu kattamaan kaikki yhteisty\\u00f6n kannalta olennaiset n\\u00e4k\\u00f6kulmat ja ne on vahvistettu toimijoiden kanssa.<\\\/p>\\n\n\n<p>Tutkimuksen tulokset toimitetaan sek\\u00e4 selke\\u00e4n ja tehokkaan digitaalisen raportointity\\u00f6kalumme kautta ett\\u00e4 liiketoimintakonsulttiemme tekem\\u00e4n syv\\u00e4llisen analyysin ja tulosten esittelyn kautta toimeksiantajalle.<\\\/p>\",\"margin\":\"medium\",\"text_color\":\"emphasis\"}}]}]}]}]}]}],\"name\":\"INFO\"}],\"version\":\"4.5.6\"} --><\/p>\n","protected":false},"excerpt":{"rendered":"<p>Malli Uniikki ja todistetusti toimiva analyysimallimme perustuu: R\u00e4\u00e4t\u00e4l\u00f6ity ja tehokas IT-alusta Yhdenmukainen tutkimus tavarantoimittajien ja v\u00e4hitt\u00e4iskaupan v\u00e4lill\u00e4 Kysymysten\/arviointiparametrien jatkuva kehitt\u00e4minen Vakiintunut toteutusprosessi Laatuvarmistusmalli aina tiedonkeruumenetelm\u00e4st\u00e4 datamallinnukseen saakka P\u00e4tev\u00e4 neuvonta tiedon sis\u00e4ll\u00f6st\u00e4, tulkinnasta ja analyysista Uniikki tietokanta\/historia, joka tarjoaa p\u00e4\u00e4syn historiallisiiin taustatietoihin yli 20 vuoden ajalta B2B- verrokkitutkimus on koko alan kattava arviointi, joissa toimittajat ja [&hellip;]<\/p>\n","protected":false},"author":1,"featured_media":0,"parent":0,"menu_order":0,"comment_status":"closed","ping_status":"closed","template":"","meta":{"footnotes":""},"class_list":["post-487","page","type-page","status-publish","hentry"],"_links":{"self":[{"href":"https:\/\/gradient-benchmark.com\/fi\/wp-json\/wp\/v2\/pages\/487","targetHints":{"allow":["GET"]}}],"collection":[{"href":"https:\/\/gradient-benchmark.com\/fi\/wp-json\/wp\/v2\/pages"}],"about":[{"href":"https:\/\/gradient-benchmark.com\/fi\/wp-json\/wp\/v2\/types\/page"}],"author":[{"embeddable":true,"href":"https:\/\/gradient-benchmark.com\/fi\/wp-json\/wp\/v2\/users\/1"}],"replies":[{"embeddable":true,"href":"https:\/\/gradient-benchmark.com\/fi\/wp-json\/wp\/v2\/comments?post=487"}],"version-history":[{"count":6,"href":"https:\/\/gradient-benchmark.com\/fi\/wp-json\/wp\/v2\/pages\/487\/revisions"}],"predecessor-version":[{"id":797,"href":"https:\/\/gradient-benchmark.com\/fi\/wp-json\/wp\/v2\/pages\/487\/revisions\/797"}],"wp:attachment":[{"href":"https:\/\/gradient-benchmark.com\/fi\/wp-json\/wp\/v2\/media?parent=487"}],"curies":[{"name":"wp","href":"https:\/\/api.w.org\/{rel}","templated":true}]}}