{"id":491,"date":"2025-02-21T18:56:49","date_gmt":"2025-02-21T17:56:49","guid":{"rendered":"https:\/\/gradient.webgiantdemo.se\/restaurang-storhushall\/"},"modified":"2025-11-20T14:23:23","modified_gmt":"2025-11-20T13:23:23","slug":"restaurang-storhushall","status":"publish","type":"page","link":"https:\/\/gradient-benchmark.com\/fi\/restaurang-storhushall\/","title":{"rendered":"FOODSERVICE"},"content":{"rendered":"<h1>Foodservice<\/h1>\n<h2>Tutustu tarkemmin palveluihimme eri markkina-alueilla<\/h2>\n<ul>\n<li>\n        <a href=\"\/fi\/Dagligvaruhandel\">P\u00c4IVITT\u00c4ISTAVARAKAUPPA<\/a>\n    <\/li>\n<li>\n        <a href=\"\/fi\/Servicehandel\">Convenience<\/a>\n    <\/li>\n<li>\n        <a href=\"\/fi\/restaurang-storhushall\">Foodservice<\/a>\n    <\/li>\n<li>\n        <a href=\"\/fi\/Fackhandel\">Erikoiskauppa<\/a>\n    <\/li>\n<\/ul>\n<div>\n<p>Asiakkaiden tarpeet ja prioriteetit eroavat merkitt\u00e4v\u00e4sti Foodservice-kanavassa verrattuna p\u00e4ivitt\u00e4istavarakauppaan. Julkisella sektorilla \u2013 kunnilla ja hyvinvointialueilla \u2013 on suuri vaikutusvalta, ja ne asettavat erityisi\u00e4 vaatimuksia tuotteille ja palveluille. Ravintolat puolestaan kaipaavat inspiraatiota ruokalistoihinsa ja tarvitsevat tukea tietyn annoksen tai menun kannattavuuden laskennassa.<\/p>\n<p>Autamme tavarantoimittajia, ravintolatukkuliikkeit\u00e4, ravintolaketjuja sek\u00e4 kuntia ja hyvinvointialueita saamaan paremman ymm\u00e4rryksen toistensa erityisist\u00e4 tarpeista ja prioriteeteista, tavalla, joka on konkreettinen ja suoraan sovellettavissa yksitt\u00e4iselle toimijalle.<\/p>\n<p>Tutkimuksemme kattavat tavarantoimittajien sek\u00e4 ravintolatukkuliikkeiden, ravintolaketjujen, kuntien ja hyvinvointialueiden ruokahuollosta ja tarjouksista vastaavien sek\u00e4 yksitt\u00e4isten ravintolayksik\u00f6iden ja baarien v\u00e4liset suhteet.<\/p>\n<p>Ota meihin yhteytt\u00e4 saadaksesi tarkempaa tietoa tutkimuksistamme Foodservice-kanavassa.<\/p>\n<\/div>\n<p><img decoding=\"async\" src=\"\/wp-content\/uploads\/photo-1556741533-974f8e62a92d-scaled.jpg\" alt=\"\"><\/p>\n<p><!--more--><br \/>\n<!-- {\"type\":\"layout\",\"children\":[{\"type\":\"section\",\"props\":{\"animation\":\"slide-bottom-small\",\"animation_delay\":\"100\",\"image_position\":\"center-center\",\"style\":\"default\",\"title_breakpoint\":\"xl\",\"title_position\":\"top-left\",\"title_rotation\":\"left\",\"vertical_align\":\"middle\",\"width\":\"large\"},\"children\":[{\"type\":\"row\",\"children\":[{\"type\":\"column\",\"props\":{\"class\":\"wg-card-default\",\"css\":\".el-column .uk-card{\\n\\tpadding-bottom: 0;\\n}\",\"image_position\":\"center-center\",\"position_sticky_breakpoint\":\"m\",\"style\":\"card-default\"},\"children\":[{\"type\":\"headline\",\"props\":{\"content\":\"Foodservice\",\"title_element\":\"h1\"}},{\"type\":\"headline\",\"props\":{\"content\":\"Tutustu tarkemmin palveluihimme eri markkina-alueilla\",\"title_element\":\"h2\",\"title_style\":\"h3\"}},{\"name\":\"Subnav Style Pill\",\"type\":\"subnav\",\"children\":[{\"type\":\"subnav_item\",\"props\":{\"active\":false,\"content\":\"P\\u00c4IVITT\\u00c4ISTAVARAKAUPPA\",\"link\":\"\\\/fi\\\/Dagligvaruhandel\"}},{\"type\":\"subnav_item\",\"props\":{\"content\":\"Convenience\",\"link\":\"\\\/fi\\\/Servicehandel\"}},{\"type\":\"subnav_item\",\"props\":{\"active\":true,\"content\":\"Foodservice\",\"link\":\"\\\/fi\\\/restaurang-storhushall\"}},{\"type\":\"subnav_item\",\"props\":{\"content\":\"Erikoiskauppa\",\"link\":\"\\\/fi\\\/Fackhandel\"}}],\"props\":{\"margin\":\"default\",\"subnav_style\":\"pill\"}},{\"type\":\"text\",\"props\":{\"column_breakpoint\":\"m\",\"content\":\"\n\n<p>Asiakkaiden tarpeet ja prioriteetit eroavat merkitt\\u00e4v\\u00e4sti Foodservice-kanavassa verrattuna p\\u00e4ivitt\\u00e4istavarakauppaan. Julkisella sektorilla \\u2013 kunnilla ja hyvinvointialueilla \\u2013 on suuri vaikutusvalta, ja ne asettavat erityisi\\u00e4 vaatimuksia tuotteille ja palveluille. Ravintolat puolestaan kaipaavat inspiraatiota ruokalistoihinsa ja tarvitsevat tukea tietyn annoksen tai menun kannattavuuden laskennassa.<\\\/p>\\n\n\n<p>Autamme tavarantoimittajia, ravintolatukkuliikkeit\\u00e4, ravintolaketjuja sek\\u00e4 kuntia ja hyvinvointialueita saamaan paremman ymm\\u00e4rryksen toistensa erityisist\\u00e4 tarpeista ja prioriteeteista, tavalla, joka on konkreettinen ja suoraan sovellettavissa yksitt\\u00e4iselle toimijalle.<\\\/p>\\n\n\n<p>Tutkimuksemme kattavat tavarantoimittajien sek\\u00e4 ravintolatukkuliikkeiden, ravintolaketjujen, kuntien ja hyvinvointialueiden ruokahuollosta ja tarjouksista vastaavien sek\\u00e4 yksitt\\u00e4isten ravintolayksik\\u00f6iden ja baarien v\\u00e4liset suhteet.<\\\/p>\\n\n\n<p>Ota meihin yhteytt\\u00e4 saadaksesi tarkempaa tietoa tutkimuksistamme Foodservice-kanavassa.<\\\/p>\",\"margin\":\"default\",\"text_color\":\"emphasis\"}},{\"type\":\"image\",\"props\":{\"css\":\".el-element img{\\n\\tborder-radius: 0 40px 0 0;\\n}\\n\",\"image\":\"wp-content\\\/uploads\\\/photo-1556741533-974f8e62a92d-scaled.jpg\",\"image_border\":\"rounded\",\"image_height\":800,\"image_svg_color\":\"emphasis\",\"image_width\":1920,\"margin\":\"default\"}}]}]}]}],\"version\":\"4.5.6\"} --><\/p>\n","protected":false},"excerpt":{"rendered":"<p>Foodservice Tutustu tarkemmin palveluihimme eri markkina-alueilla P\u00c4IVITT\u00c4ISTAVARAKAUPPA Convenience Foodservice Erikoiskauppa Asiakkaiden tarpeet ja prioriteetit eroavat merkitt\u00e4v\u00e4sti Foodservice-kanavassa verrattuna p\u00e4ivitt\u00e4istavarakauppaan. Julkisella sektorilla \u2013 kunnilla ja hyvinvointialueilla \u2013 on suuri vaikutusvalta, ja ne asettavat erityisi\u00e4 vaatimuksia tuotteille ja palveluille. Ravintolat puolestaan kaipaavat inspiraatiota ruokalistoihinsa ja tarvitsevat tukea tietyn annoksen tai menun kannattavuuden laskennassa. Autamme tavarantoimittajia, ravintolatukkuliikkeit\u00e4, ravintolaketjuja [&hellip;]<\/p>\n","protected":false},"author":1,"featured_media":0,"parent":0,"menu_order":0,"comment_status":"closed","ping_status":"closed","template":"","meta":{"footnotes":""},"class_list":["post-491","page","type-page","status-publish","hentry"],"_links":{"self":[{"href":"https:\/\/gradient-benchmark.com\/fi\/wp-json\/wp\/v2\/pages\/491","targetHints":{"allow":["GET"]}}],"collection":[{"href":"https:\/\/gradient-benchmark.com\/fi\/wp-json\/wp\/v2\/pages"}],"about":[{"href":"https:\/\/gradient-benchmark.com\/fi\/wp-json\/wp\/v2\/types\/page"}],"author":[{"embeddable":true,"href":"https:\/\/gradient-benchmark.com\/fi\/wp-json\/wp\/v2\/users\/1"}],"replies":[{"embeddable":true,"href":"https:\/\/gradient-benchmark.com\/fi\/wp-json\/wp\/v2\/comments?post=491"}],"version-history":[{"count":8,"href":"https:\/\/gradient-benchmark.com\/fi\/wp-json\/wp\/v2\/pages\/491\/revisions"}],"predecessor-version":[{"id":791,"href":"https:\/\/gradient-benchmark.com\/fi\/wp-json\/wp\/v2\/pages\/491\/revisions\/791"}],"wp:attachment":[{"href":"https:\/\/gradient-benchmark.com\/fi\/wp-json\/wp\/v2\/media?parent=491"}],"curies":[{"name":"wp","href":"https:\/\/api.w.org\/{rel}","templated":true}]}}