{"id":493,"date":"2025-02-21T18:56:31","date_gmt":"2025-02-21T17:56:31","guid":{"rendered":"https:\/\/gradient.webgiantdemo.se\/servicehandel\/"},"modified":"2025-11-20T14:20:43","modified_gmt":"2025-11-20T13:20:43","slug":"servicehandel","status":"publish","type":"page","link":"https:\/\/gradient-benchmark.com\/fi\/servicehandel\/","title":{"rendered":"Convenience"},"content":{"rendered":"<h1>CONVENIENCE-KANAVA<\/h1>\n<h2>Tutustu tarkemmin palveluihimme eri markkina-alueilla<\/h2>\n<ul>\n<li>\n        <a href=\"\/fi\/Dagligvaruhandel\">CONVENIENCE-KANAVA<\/a>\n    <\/li>\n<li>\n        <a href=\"\/fi\/Servicehandel\">Convenience<\/a>\n    <\/li>\n<li>\n        <a href=\"\/fi\/restaurang-storhushall\">Foodservice<\/a>\n    <\/li>\n<li>\n        <a href=\"\/fi\/Fackhandel\">Erikoiskauppa<\/a>\n    <\/li>\n<\/ul>\n<div>\n<p>Siin\u00e4 miss\u00e4 p\u00e4ivitt\u00e4istavarakauppa koostuu muutamista suurista ruokaketjuista, convenience-kanavalla on vaihtelevampi rakenne, johon kuuluu monenlaisia toimijoita \u2013 ketjuja, itsen\u00e4isi\u00e4 kauppoja ja kioskeja.<\/p>\n<p>Huolimatta alan laajasta ketjuuntumisesta convenience-kanavassa on useita itsen\u00e4isi\u00e4 kauppiaita ja sill\u00e4 on erilaiset k\u00e4yt\u00e4nn\u00f6t esimerkiksi valikoiman, hinnan ja varastoinnin suhteen verrattuna p\u00e4ivitt\u00e4istavarakauppaan.<\/p>\n<p>Siksi on t\u00e4rke\u00e4\u00e4, ett\u00e4 tavarantoimittajilla on mahdollisuus saada puolueetonta ja laadukasta tietoa yksitt\u00e4isten convenience-kanavan kauppiaiden, ketjujen ja tukkuliikkeiden tarpeista ja asenteista toimittajia kohtaan.<\/p>\n<p>Siksi on t\u00e4rke\u00e4\u00e4, ett\u00e4 tavarantoimittajilla on mahdollisuus saada puolueetonta ja laadukasta tietoa yksitt\u00e4isten convenience-kanavan kauppiaiden, ketjujen ja tukkuliikkeiden tarpeista ja asenteista toimittajia kohtaan.<\/p>\n<p>Ota meihin yhteytt\u00e4 saadaksesi tarkempaa tietoa tutkimuksistamme palvelukaupassa.<\/p>\n<\/div>\n<p><img decoding=\"async\" src=\"\/wp-content\/uploads\/photo-1517048676732-d65bc937f952-scaled.jpg\" alt=\"\"><\/p>\n<p><!--more--><br \/>\n<!-- {\"type\":\"layout\",\"children\":[{\"type\":\"section\",\"props\":{\"animation\":\"slide-bottom-small\",\"animation_delay\":\"100\",\"image_position\":\"center-center\",\"style\":\"default\",\"title_breakpoint\":\"xl\",\"title_position\":\"top-left\",\"title_rotation\":\"left\",\"vertical_align\":\"middle\",\"width\":\"large\"},\"children\":[{\"type\":\"row\",\"children\":[{\"type\":\"column\",\"props\":{\"class\":\"wg-card-default\",\"css\":\".el-column .uk-card{\\n\\tpadding-bottom: 0;\\n}\",\"image_position\":\"center-center\",\"position_sticky_breakpoint\":\"m\",\"style\":\"card-default\"},\"children\":[{\"type\":\"headline\",\"props\":{\"content\":\"CONVENIENCE-KANAVA\",\"title_element\":\"h1\"}},{\"type\":\"headline\",\"props\":{\"content\":\"Tutustu tarkemmin palveluihimme eri markkina-alueilla\",\"title_element\":\"h2\",\"title_style\":\"h3\"}},{\"name\":\"Subnav Style Pill\",\"type\":\"subnav\",\"children\":[{\"type\":\"subnav_item\",\"props\":{\"active\":false,\"content\":\"CONVENIENCE-KANAVA\",\"link\":\"\\\/fi\\\/Dagligvaruhandel\"}},{\"type\":\"subnav_item\",\"props\":{\"active\":true,\"content\":\"Convenience\",\"link\":\"\\\/fi\\\/Servicehandel\"}},{\"type\":\"subnav_item\",\"props\":{\"content\":\"Foodservice\",\"link\":\"\\\/fi\\\/restaurang-storhushall\"}},{\"type\":\"subnav_item\",\"props\":{\"content\":\"Erikoiskauppa\",\"link\":\"\\\/fi\\\/Fackhandel\"}}],\"props\":{\"margin\":\"default\",\"subnav_style\":\"pill\"}},{\"type\":\"text\",\"props\":{\"column_breakpoint\":\"m\",\"content\":\"\n\n<p>Siin\\u00e4 miss\\u00e4 p\\u00e4ivitt\\u00e4istavarakauppa koostuu muutamista suurista ruokaketjuista, convenience-kanavalla on vaihtelevampi rakenne, johon kuuluu monenlaisia toimijoita \\u2013 ketjuja, itsen\\u00e4isi\\u00e4 kauppoja ja kioskeja.<\\\/p>\\n\n\n<p>Huolimatta alan laajasta ketjuuntumisesta convenience-kanavassa on useita itsen\\u00e4isi\\u00e4 kauppiaita ja sill\\u00e4 on erilaiset k\\u00e4yt\\u00e4nn\\u00f6t esimerkiksi valikoiman, hinnan ja varastoinnin suhteen verrattuna p\\u00e4ivitt\\u00e4istavarakauppaan.<\\\/p>\\n\n\n<p>Siksi on t\\u00e4rke\\u00e4\\u00e4, ett\\u00e4 tavarantoimittajilla on mahdollisuus saada puolueetonta ja laadukasta tietoa yksitt\\u00e4isten convenience-kanavan kauppiaiden, ketjujen ja tukkuliikkeiden tarpeista ja asenteista toimittajia kohtaan.<\\\/p>\\n\n\n<p>Siksi on t\\u00e4rke\\u00e4\\u00e4, ett\\u00e4 tavarantoimittajilla on mahdollisuus saada puolueetonta ja laadukasta tietoa yksitt\\u00e4isten convenience-kanavan kauppiaiden, ketjujen ja tukkuliikkeiden tarpeista ja asenteista toimittajia kohtaan.<\\\/p>\\n\n\n<p>Ota meihin yhteytt\\u00e4 saadaksesi tarkempaa tietoa tutkimuksistamme palvelukaupassa.<\\\/p>\",\"margin\":\"default\",\"text_color\":\"emphasis\"}},{\"type\":\"image\",\"props\":{\"css\":\".el-element img{\\n\\tborder-radius: 0 40px 0 0;\\n}\\n\",\"image\":\"wp-content\\\/uploads\\\/photo-1517048676732-d65bc937f952-scaled.jpg\",\"image_border\":\"rounded\",\"image_height\":800,\"image_svg_color\":\"emphasis\",\"image_width\":1920,\"margin\":\"default\"}}]}]}]}],\"version\":\"4.5.6\"} --><\/p>\n","protected":false},"excerpt":{"rendered":"<p>CONVENIENCE-KANAVA Tutustu tarkemmin palveluihimme eri markkina-alueilla CONVENIENCE-KANAVA Convenience Foodservice Erikoiskauppa Siin\u00e4 miss\u00e4 p\u00e4ivitt\u00e4istavarakauppa koostuu muutamista suurista ruokaketjuista, convenience-kanavalla on vaihtelevampi rakenne, johon kuuluu monenlaisia toimijoita \u2013 ketjuja, itsen\u00e4isi\u00e4 kauppoja ja kioskeja. Huolimatta alan laajasta ketjuuntumisesta convenience-kanavassa on useita itsen\u00e4isi\u00e4 kauppiaita ja sill\u00e4 on erilaiset k\u00e4yt\u00e4nn\u00f6t esimerkiksi valikoiman, hinnan ja varastoinnin suhteen verrattuna p\u00e4ivitt\u00e4istavarakauppaan. Siksi on [&hellip;]<\/p>\n","protected":false},"author":1,"featured_media":0,"parent":0,"menu_order":0,"comment_status":"closed","ping_status":"closed","template":"","meta":{"footnotes":""},"class_list":["post-493","page","type-page","status-publish","hentry"],"_links":{"self":[{"href":"https:\/\/gradient-benchmark.com\/fi\/wp-json\/wp\/v2\/pages\/493","targetHints":{"allow":["GET"]}}],"collection":[{"href":"https:\/\/gradient-benchmark.com\/fi\/wp-json\/wp\/v2\/pages"}],"about":[{"href":"https:\/\/gradient-benchmark.com\/fi\/wp-json\/wp\/v2\/types\/page"}],"author":[{"embeddable":true,"href":"https:\/\/gradient-benchmark.com\/fi\/wp-json\/wp\/v2\/users\/1"}],"replies":[{"embeddable":true,"href":"https:\/\/gradient-benchmark.com\/fi\/wp-json\/wp\/v2\/comments?post=493"}],"version-history":[{"count":11,"href":"https:\/\/gradient-benchmark.com\/fi\/wp-json\/wp\/v2\/pages\/493\/revisions"}],"predecessor-version":[{"id":790,"href":"https:\/\/gradient-benchmark.com\/fi\/wp-json\/wp\/v2\/pages\/493\/revisions\/790"}],"wp:attachment":[{"href":"https:\/\/gradient-benchmark.com\/fi\/wp-json\/wp\/v2\/media?parent=493"}],"curies":[{"name":"wp","href":"https:\/\/api.w.org\/{rel}","templated":true}]}}