{"id":495,"date":"2025-02-21T18:56:22","date_gmt":"2025-02-21T17:56:22","guid":{"rendered":"https:\/\/gradient.webgiantdemo.se\/dagligvaruhandel\/"},"modified":"2025-11-20T14:18:31","modified_gmt":"2025-11-20T13:18:31","slug":"dagligvaruhandel","status":"publish","type":"page","link":"https:\/\/gradient-benchmark.com\/fi\/dagligvaruhandel\/","title":{"rendered":"P\u00e4ivitt\u00e4istavarakauppa"},"content":{"rendered":"<h1>P\u00c4IVITT\u00c4ISTAVARAKAUPPA<\/h1>\n<h2>Tutustu tarkemmin palveluihimme eri markkina-alueilla<\/h2>\n<ul>\n<li>\n        <a href=\"\/fi\/Dagligvaruhandel\">P\u00c4IVITT\u00c4ISTAVARAKAUPPA<\/a>\n    <\/li>\n<li>\n        <a href=\"\/fi\/Servicehandel\">Convenience<\/a>\n    <\/li>\n<li>\n        <a href=\"\/fi\/restaurang-storhushall\">Foodservice<\/a>\n    <\/li>\n<li>\n        <a href=\"\/fi\/Fackhandel\">Erikoiskauppa<\/a>\n    <\/li>\n<\/ul>\n<div>\n<p>P\u00e4ivitt\u00e4istavarakauppa on suuri ja keskeinen kaupan ala, jossa on kova kilpailu. Alalla on muutama suuri ruokaketju ja paljon tavarantoimittajia useassa eri tuotekategoriassa.<\/p>\n<p>P\u00e4ivitt\u00e4istavarakaupan ala on dynaaminen, siin\u00e4 on laajat valikoimat, kehittyneet myynti- ja markkinointitoiminnot, monimutkaiset logistiikkaratkaisut ja vahva keskittyminen kuluttajan tarpeisiin, kuten hinnoitteluun ja tuotekehitykseen.<\/p>\n<p>Uniikin ja vakiintuneen verrokkitutkimusmallimme avulla autamme tavarantoimittajia ja v\u00e4hitt\u00e4iskaupan toimijoita saamaan \u2013 monimutkaisesta markkinakuvasta huolimatta \u2013 selke\u00e4n k\u00e4sityksen toistensa tarpeista ja prioriteeteista sek\u00e4 siit\u00e4, miten omaa toimintaa arvioidaan n\u00e4ihin n\u00e4hden. T\u00e4m\u00e4 tehd\u00e4\u00e4n konkreettisella ja yksitt\u00e4iselle toimijalle suoraan sovellettavalla tavalla.<\/p>\n<p>Tutkimuksemme kattavat tavarantoimittajien sek\u00e4 ketjujen, kauppojen, logistiikkaorganisaatioiden ja myyntiorganisaatioiden v\u00e4liset suhteet.<\/p>\n<p>Ota meihin yhteytt\u00e4 saadaksesi tarkempaa tietoa tutkimuksistamme p\u00e4ivitt\u00e4istavarakaupassa.<\/p>\n<\/div>\n<p><img decoding=\"async\" src=\"\/wp-content\/uploads\/yJl7OB3sSpOdEIpHhZhd_DSC_1929_1.jpg-scaled.jpg\" alt=\"\"><\/p>\n<p><!--more--><br \/>\n<!-- {\"type\":\"layout\",\"children\":[{\"type\":\"section\",\"props\":{\"animation\":\"slide-bottom-small\",\"animation_delay\":\"100\",\"image_position\":\"center-center\",\"style\":\"default\",\"title_breakpoint\":\"xl\",\"title_position\":\"top-left\",\"title_rotation\":\"left\",\"vertical_align\":\"middle\",\"width\":\"large\"},\"children\":[{\"type\":\"row\",\"children\":[{\"type\":\"column\",\"props\":{\"class\":\"wg-card-default\",\"css\":\".el-column .uk-card{\\n\\tpadding-bottom: 0;\\n}\",\"image_position\":\"center-center\",\"position_sticky_breakpoint\":\"m\",\"style\":\"card-default\"},\"children\":[{\"type\":\"headline\",\"props\":{\"content\":\"P\\u00c4IVITT\\u00c4ISTAVARAKAUPPA\",\"title_element\":\"h1\"}},{\"type\":\"headline\",\"props\":{\"content\":\"Tutustu tarkemmin palveluihimme eri markkina-alueilla\",\"title_element\":\"h2\",\"title_style\":\"h3\"}},{\"name\":\"Subnav Style Pill\",\"type\":\"subnav\",\"children\":[{\"type\":\"subnav_item\",\"props\":{\"active\":true,\"content\":\"P\\u00c4IVITT\\u00c4ISTAVARAKAUPPA\",\"link\":\"\\\/fi\\\/Dagligvaruhandel\"}},{\"type\":\"subnav_item\",\"props\":{\"content\":\"Convenience\",\"link\":\"\\\/fi\\\/Servicehandel\"}},{\"type\":\"subnav_item\",\"props\":{\"content\":\"Foodservice\",\"link\":\"\\\/fi\\\/restaurang-storhushall\"}},{\"type\":\"subnav_item\",\"props\":{\"content\":\"Erikoiskauppa\",\"link\":\"\\\/fi\\\/Fackhandel\"}}],\"props\":{\"margin\":\"default\",\"subnav_style\":\"pill\"}},{\"type\":\"text\",\"props\":{\"column_breakpoint\":\"m\",\"content\":\"\n\n<p>P\\u00e4ivitt\\u00e4istavarakauppa on suuri ja keskeinen kaupan ala, jossa on kova kilpailu. Alalla on muutama suuri ruokaketju ja paljon tavarantoimittajia useassa eri tuotekategoriassa.<\\\/p>\\n\n\n<p>P\\u00e4ivitt\\u00e4istavarakaupan ala on dynaaminen, siin\\u00e4 on laajat valikoimat, kehittyneet myynti- ja markkinointitoiminnot, monimutkaiset logistiikkaratkaisut ja vahva keskittyminen kuluttajan tarpeisiin, kuten hinnoitteluun ja tuotekehitykseen.<\\\/p>\\n\n\n<p>Uniikin ja vakiintuneen verrokkitutkimusmallimme avulla autamme tavarantoimittajia ja v\\u00e4hitt\\u00e4iskaupan toimijoita saamaan \\u2013 monimutkaisesta markkinakuvasta huolimatta \\u2013 selke\\u00e4n k\\u00e4sityksen toistensa tarpeista ja prioriteeteista sek\\u00e4 siit\\u00e4, miten omaa toimintaa arvioidaan n\\u00e4ihin n\\u00e4hden. T\\u00e4m\\u00e4 tehd\\u00e4\\u00e4n konkreettisella ja yksitt\\u00e4iselle toimijalle suoraan sovellettavalla tavalla.<\\\/p>\\n\n\n<p>Tutkimuksemme kattavat tavarantoimittajien sek\\u00e4 ketjujen, kauppojen, logistiikkaorganisaatioiden ja myyntiorganisaatioiden v\\u00e4liset suhteet.<\\\/p>\\n\n\n<p>Ota meihin yhteytt\\u00e4 saadaksesi tarkempaa tietoa tutkimuksistamme p\\u00e4ivitt\\u00e4istavarakaupassa.<\\\/p>\",\"margin\":\"default\",\"text_color\":\"emphasis\"}},{\"type\":\"image\",\"props\":{\"css\":\".el-element img{\\n\\tborder-radius: 0 40px 0 0;\\n}\\n\",\"image\":\"wp-content\\\/uploads\\\/yJl7OB3sSpOdEIpHhZhd_DSC_1929_1.jpg-scaled.jpg\",\"image_border\":\"rounded\",\"image_height\":800,\"image_svg_color\":\"emphasis\",\"image_width\":1920,\"margin\":\"default\"}}]}]}]}],\"version\":\"4.5.6\"} --><\/p>\n","protected":false},"excerpt":{"rendered":"<p>P\u00c4IVITT\u00c4ISTAVARAKAUPPA Tutustu tarkemmin palveluihimme eri markkina-alueilla P\u00c4IVITT\u00c4ISTAVARAKAUPPA Convenience Foodservice Erikoiskauppa P\u00e4ivitt\u00e4istavarakauppa on suuri ja keskeinen kaupan ala, jossa on kova kilpailu. Alalla on muutama suuri ruokaketju ja paljon tavarantoimittajia useassa eri tuotekategoriassa. P\u00e4ivitt\u00e4istavarakaupan ala on dynaaminen, siin\u00e4 on laajat valikoimat, kehittyneet myynti- ja markkinointitoiminnot, monimutkaiset logistiikkaratkaisut ja vahva keskittyminen kuluttajan tarpeisiin, kuten hinnoitteluun ja tuotekehitykseen. [&hellip;]<\/p>\n","protected":false},"author":1,"featured_media":0,"parent":0,"menu_order":0,"comment_status":"closed","ping_status":"closed","template":"","meta":{"footnotes":""},"class_list":["post-495","page","type-page","status-publish","hentry"],"_links":{"self":[{"href":"https:\/\/gradient-benchmark.com\/fi\/wp-json\/wp\/v2\/pages\/495","targetHints":{"allow":["GET"]}}],"collection":[{"href":"https:\/\/gradient-benchmark.com\/fi\/wp-json\/wp\/v2\/pages"}],"about":[{"href":"https:\/\/gradient-benchmark.com\/fi\/wp-json\/wp\/v2\/types\/page"}],"author":[{"embeddable":true,"href":"https:\/\/gradient-benchmark.com\/fi\/wp-json\/wp\/v2\/users\/1"}],"replies":[{"embeddable":true,"href":"https:\/\/gradient-benchmark.com\/fi\/wp-json\/wp\/v2\/comments?post=495"}],"version-history":[{"count":8,"href":"https:\/\/gradient-benchmark.com\/fi\/wp-json\/wp\/v2\/pages\/495\/revisions"}],"predecessor-version":[{"id":788,"href":"https:\/\/gradient-benchmark.com\/fi\/wp-json\/wp\/v2\/pages\/495\/revisions\/788"}],"wp:attachment":[{"href":"https:\/\/gradient-benchmark.com\/fi\/wp-json\/wp\/v2\/media?parent=495"}],"curies":[{"name":"wp","href":"https:\/\/api.w.org\/{rel}","templated":true}]}}