{"id":501,"date":"2025-02-21T18:55:44","date_gmt":"2025-02-21T17:55:44","guid":{"rendered":"https:\/\/gradient.webgiantdemo.se\/om-oss\/"},"modified":"2026-04-08T10:22:05","modified_gmt":"2026-04-08T09:22:05","slug":"om-oss","status":"publish","type":"page","link":"https:\/\/gradient-benchmark.com\/fi\/om-oss\/","title":{"rendered":"Meist\u00e4"},"content":{"rendered":"<h1>Meist\u00e4<\/h1>\n<div>\n<p>Gradient Benchmark auttaa yrityst\u00e4nne lis\u00e4\u00e4m\u00e4\u00e4n asiakkaiden sitoutumista ja kehitt\u00e4m\u00e4\u00e4n parempaa yhteisty\u00f6t\u00e4 datan, oivallusten ja toimenpidesuunnittelun avulla.<\/p>\n<\/div>\n<p><img decoding=\"async\" src=\"\/wp-content\/uploads\/photo-1551590192-8070a16d9f67-scaled.jpg\" alt=\"\"><\/p>\n<div>\n<p>Mallimme on ollut k\u00e4yt\u00f6ss\u00e4 Pohjoismaiden markkinoilla 90-luvulta l\u00e4htien ja olemme nyky\u00e4\u00e4n Pohjoismaiden johtava toimija v\u00e4hitt\u00e4iskaupan verrokkitutkimuksessa. Tutkimuksistamme saatujen oivallusten avulla sek\u00e4 kaupan toimijat ett\u00e4 tavarantoimittajat kehitt\u00e4v\u00e4t liiketoimintasuhteitaan ja yhteisty\u00f6t\u00e4\u00e4n!<\/p>\n<p>Miksi Gradient Benchmark?<\/p>\n<p>Ulkoinen n\u00e4k\u00f6kulma \u2013 Siihen, miten suoriudumme eri alueilla.<\/p>\n<p>Benchmark \u2013 Miten suhteudumme \u201dluokan parhaisiin\u201d.<\/p>\n<p>Priorisointi \u2013 Varmistaa keskittymisen siihen, mit\u00e4 asiakkaamme pit\u00e4v\u00e4t t\u00e4rkeimp\u00e4n\u00e4.<\/p>\n<p>Seuranta ajan my\u00f6t\u00e4 \u2013 Seuraa kehityst\u00e4 ja luo jatkuvia parannuksia! <\/p>\n<p>Toimimme kaikissa Pohjoismaissa useilla eri kaupan sektoreilla ja toteutamme vuosittain noin 70 erilaista tutkimusta. Asiakkaitamme ovat oivaltavat tavarantoimittajayritykset, sek\u00e4 kansalliset ett\u00e4 kansainv\u00e4liset, suuret ja pienet.<\/p>\n<p>Verrokkitutkimuksemme sis\u00e4lt\u00e4v\u00e4t jo tietoa sadoista eri tavarantoimittajasta v\u00e4hitt\u00e4iskaupan yrityksist\u00e4 useilla eri sektoreilla, kuten p\u00e4ivitt\u00e4istavarakaupassa, Foodservice-alalla, apteekkialalla, kulutuselektroniikassa ja rakennustarvikekaupassa.<\/p>\n<\/div>\n<p><p>\n        <a href=\"\/fi\/kontakt\/\">Yhteystiedot<\/a>\n    <\/p>\n<\/p>\n<p><!--more--><br \/>\n<!-- {\"type\":\"layout\",\"children\":[{\"type\":\"section\",\"props\":{\"animation\":\"slide-bottom-small\",\"animation_delay\":\"100\",\"image_position\":\"center-center\",\"style\":\"default\",\"title_breakpoint\":\"xl\",\"title_position\":\"top-left\",\"title_rotation\":\"left\",\"vertical_align\":\"middle\",\"width\":\"large\"},\"children\":[{\"type\":\"row\",\"children\":[{\"type\":\"column\",\"props\":{\"class\":\"wg-card-default\",\"css\":\".el-column .uk-card{\\n\\tpadding-bottom: 0;\\n}\",\"image_position\":\"center-center\",\"position_sticky_breakpoint\":\"m\",\"style\":\"card-default\"},\"children\":[{\"type\":\"headline\",\"props\":{\"content\":\"Meist\\u00e4\",\"title_element\":\"h1\"}},{\"type\":\"text\",\"props\":{\"column_breakpoint\":\"m\",\"content\":\"\n\n<p>Gradient Benchmark auttaa yrityst\\u00e4nne lis\\u00e4\\u00e4m\\u00e4\\u00e4n asiakkaiden sitoutumista ja kehitt\\u00e4m\\u00e4\\u00e4n parempaa yhteisty\\u00f6t\\u00e4 datan, oivallusten ja toimenpidesuunnittelun avulla.<\\\/p>\",\"margin\":\"default\",\"text_color\":\"emphasis\"}},{\"type\":\"image\",\"props\":{\"css\":\".el-element img{\\n\\tborder-radius: 0 40px 0 0;\\n}\\n\",\"image\":\"wp-content\\\/uploads\\\/photo-1551590192-8070a16d9f67-scaled.jpg\",\"image_border\":\"rounded\",\"image_height\":800,\"image_svg_color\":\"emphasis\",\"image_width\":1920,\"margin\":\"default\"}}]}]}]},{\"type\":\"section\",\"props\":{\"animation\":\"slide-top-small\",\"animation_delay\":\"100\",\"image_position\":\"center-center\",\"padding\":\"small\",\"padding_remove_bottom\":false,\"padding_remove_top\":true,\"style\":\"default\",\"title_breakpoint\":\"xl\",\"title_position\":\"top-left\",\"title_rotation\":\"left\",\"vertical_align\":\"middle\",\"width\":\"large\"},\"children\":[{\"type\":\"row\",\"children\":[{\"type\":\"column\",\"props\":{\"image_position\":\"center-center\",\"position_sticky_breakpoint\":\"m\"},\"children\":[{\"type\":\"text\",\"props\":{\"column_breakpoint\":\"m\",\"content\":\"\n\n<p>Mallimme on ollut k\\u00e4yt\\u00f6ss\\u00e4 Pohjoismaiden markkinoilla 90-luvulta l\\u00e4htien ja olemme nyky\\u00e4\\u00e4n Pohjoismaiden johtava toimija v\\u00e4hitt\\u00e4iskaupan verrokkitutkimuksessa. Tutkimuksistamme saatujen oivallusten avulla sek\\u00e4 kaupan toimijat ett\\u00e4 tavarantoimittajat kehitt\\u00e4v\\u00e4t liiketoimintasuhteitaan ja yhteisty\\u00f6t\\u00e4\\u00e4n!<br \\\/><br \\\/>Miksi Gradient Benchmark?<br \\\/><br \\\/>Ulkoinen n\\u00e4k\\u00f6kulma \\u2013 Siihen, miten suoriudumme eri alueilla.<br \\\/><br \\\/>Benchmark \\u2013 Miten suhteudumme \\u201dluokan parhaisiin\\u201d.<br \\\/><br \\\/>Priorisointi \\u2013 Varmistaa keskittymisen siihen, mit\\u00e4 asiakkaamme pit\\u00e4v\\u00e4t t\\u00e4rkeimp\\u00e4n\\u00e4.<br \\\/><br \\\/>Seuranta ajan my\\u00f6t\\u00e4 \\u2013 Seuraa kehityst\\u00e4 ja luo jatkuvia parannuksia! <br \\\/><br \\\/>Toimimme kaikissa Pohjoismaissa useilla eri kaupan sektoreilla ja toteutamme vuosittain noin 70 erilaista tutkimusta. Asiakkaitamme ovat oivaltavat tavarantoimittajayritykset, sek\\u00e4 kansalliset ett\\u00e4 kansainv\\u00e4liset, suuret ja pienet.<br \\\/><br \\\/>Verrokkitutkimuksemme sis\\u00e4lt\\u00e4v\\u00e4t jo tietoa sadoista eri tavarantoimittajasta v\\u00e4hitt\\u00e4iskaupan yrityksist\\u00e4 useilla eri sektoreilla, kuten p\\u00e4ivitt\\u00e4istavarakaupassa, Foodservice-alalla, apteekkialalla, kulutuselektroniikassa ja rakennustarvikekaupassa.<\\\/p>\",\"margin\":\"default\",\"text_style\":\"large\"}},{\"type\":\"button\",\"props\":{\"grid_column_gap\":\"small\",\"grid_row_gap\":\"small\",\"margin\":\"medium\"},\"children\":[{\"type\":\"button_item\",\"props\":{\"button_style\":\"primary\",\"content\":\"Yhteystiedot\",\"dialog_layout\":\"modal\",\"dialog_offcanvas_flip\":true,\"icon_align\":\"left\",\"link\":\"\\\/fi\\\/kontakt\\\/\"}}]}]}]}]}],\"version\":\"4.5.6\"} --><\/p>\n","protected":false},"excerpt":{"rendered":"<p>Meist\u00e4 Gradient Benchmark auttaa yrityst\u00e4nne lis\u00e4\u00e4m\u00e4\u00e4n asiakkaiden sitoutumista ja kehitt\u00e4m\u00e4\u00e4n parempaa yhteisty\u00f6t\u00e4 datan, oivallusten ja toimenpidesuunnittelun avulla. Mallimme on ollut k\u00e4yt\u00f6ss\u00e4 Pohjoismaiden markkinoilla 90-luvulta l\u00e4htien ja olemme nyky\u00e4\u00e4n Pohjoismaiden johtava toimija v\u00e4hitt\u00e4iskaupan verrokkitutkimuksessa. Tutkimuksistamme saatujen oivallusten avulla sek\u00e4 kaupan toimijat ett\u00e4 tavarantoimittajat kehitt\u00e4v\u00e4t liiketoimintasuhteitaan ja yhteisty\u00f6t\u00e4\u00e4n! Miksi Gradient Benchmark? Ulkoinen n\u00e4k\u00f6kulma \u2013 Siihen, miten suoriudumme [&hellip;]<\/p>\n","protected":false},"author":1,"featured_media":0,"parent":0,"menu_order":0,"comment_status":"closed","ping_status":"closed","template":"","meta":{"footnotes":""},"class_list":["post-501","page","type-page","status-publish","hentry"],"_links":{"self":[{"href":"https:\/\/gradient-benchmark.com\/fi\/wp-json\/wp\/v2\/pages\/501","targetHints":{"allow":["GET"]}}],"collection":[{"href":"https:\/\/gradient-benchmark.com\/fi\/wp-json\/wp\/v2\/pages"}],"about":[{"href":"https:\/\/gradient-benchmark.com\/fi\/wp-json\/wp\/v2\/types\/page"}],"author":[{"embeddable":true,"href":"https:\/\/gradient-benchmark.com\/fi\/wp-json\/wp\/v2\/users\/1"}],"replies":[{"embeddable":true,"href":"https:\/\/gradient-benchmark.com\/fi\/wp-json\/wp\/v2\/comments?post=501"}],"version-history":[{"count":5,"href":"https:\/\/gradient-benchmark.com\/fi\/wp-json\/wp\/v2\/pages\/501\/revisions"}],"predecessor-version":[{"id":812,"href":"https:\/\/gradient-benchmark.com\/fi\/wp-json\/wp\/v2\/pages\/501\/revisions\/812"}],"wp:attachment":[{"href":"https:\/\/gradient-benchmark.com\/fi\/wp-json\/wp\/v2\/media?parent=501"}],"curies":[{"name":"wp","href":"https:\/\/api.w.org\/{rel}","templated":true}]}}