{"id":505,"date":"2025-02-21T18:55:18","date_gmt":"2025-02-21T17:55:18","guid":{"rendered":"https:\/\/gradient.webgiantdemo.se\/benchmarking\/"},"modified":"2025-11-20T14:31:42","modified_gmt":"2025-11-20T13:31:42","slug":"benchmarking","status":"publish","type":"page","link":"https:\/\/gradient-benchmark.com\/fi\/benchmarking\/","title":{"rendered":"Vertailuanalyysi"},"content":{"rendered":"<h1>Vertailuanalyysi<\/h1>\n<div>Ota meihin yhteytt\u00e4 saadaksesi tarkempaa tietoa tutkimuksistamme erikoiskaupassa.<\/div>\n<p><img decoding=\"async\" src=\"\/wp-content\/uploads\/pexels-photo-7948063-scaled.jpeg\" alt=\"\"><\/p>\n<div>\n<p>Verrokkitutkimuksen avulla voitte verrata yrityksenne suorituskyky\u00e4 alan muihin toimijoihin.<\/p>\n<\/p>\n<p>Tutkimus auttaa tunnistamaan vahvuutenne ja kehitysalueenne<\/p>\n<\/p>\n<p>Tutkimus antaa kuvan asiakassuhteenne tuottavuudesta, tehokkuudesta ja kilpailueduistanne<\/p>\n<\/div>\n<p><p>\n        <a href=\"\/fi\/kontakt\/\">Kontakt<\/a>\n    <\/p>\n<\/p>\n<p><img decoding=\"async\" src=\"\/wp-content\/uploads\/photo-1614028674026-a65e31bfd27c-scaled.jpg\" alt=\"\"><\/p>\n<div>\n<p>Huolellisesti valituilla v\u00e4itt\u00e4mill\u00e4mme pyrit\u00e4\u00e4n mittaamaan sek\u00e4 asiakastyytyv\u00e4isyytt\u00e4 ett\u00e4 asiakassitoutumista, jotka ovat kaksi erillist\u00e4, mutta vahvasti toisiinsa liittyv\u00e4\u00e4 k\u00e4sitett\u00e4, joita usein sekoitetaan tai k\u00e4sitell\u00e4\u00e4n synonyymein\u00e4.<\/p>\n<ul>\n<li>Tyytyv\u00e4isyys on v\u00e4ltt\u00e4m\u00e4t\u00f6nt\u00e4, mutta ei riitt\u00e4v\u00e4\u00e4 \u2013 kukaan ei rakenna vahvaa br\u00e4ndi\u00e4 pelk\u00e4st\u00e4\u00e4n &#8221;virheiden v\u00e4ltt\u00e4misen&#8221; varaan.<\/li>\n<li>Sitoutuminen on kilpailukyvyn perusta \u2013 se luo kest\u00e4v\u00e4n asiakassuhteen, jota esimerkiksi hinta tai satunnaiset virheet eiv\u00e4t helposti horjuta.<\/li>\n<\/ul>\n<p>Strateginen merkitys: Tyytyv\u00e4isyys on hygieniaa, sitoutuminen erottautumista<\/p>\n<\/p>\n<\/div>\n<p><!--more--><br \/>\n<!-- {\"type\":\"layout\",\"children\":[{\"type\":\"section\",\"props\":{\"animation\":\"slide-bottom-small\",\"animation_delay\":\"100\",\"image_position\":\"center-center\",\"style\":\"default\",\"title_breakpoint\":\"xl\",\"title_position\":\"top-left\",\"title_rotation\":\"left\",\"vertical_align\":\"middle\",\"width\":\"large\"},\"children\":[{\"type\":\"row\",\"children\":[{\"type\":\"column\",\"props\":{\"class\":\"wg-card-default\",\"css\":\".el-column .uk-card{\\n\\tpadding-bottom: 0;\\n}\",\"image_position\":\"center-center\",\"position_sticky_breakpoint\":\"m\",\"style\":\"card-default\"},\"children\":[{\"type\":\"headline\",\"props\":{\"content\":\"Vertailuanalyysi\",\"title_element\":\"h1\"}},{\"type\":\"text\",\"props\":{\"column_breakpoint\":\"m\",\"content\":\"Ota meihin yhteytt\\u00e4 saadaksesi tarkempaa tietoa tutkimuksistamme erikoiskaupassa.\",\"margin\":\"default\",\"text_color\":\"emphasis\"}},{\"type\":\"image\",\"props\":{\"css\":\".el-element img{\\n\\tborder-radius: 0 40px 0 0;\\n}\\n\",\"image\":\"wp-content\\\/uploads\\\/pexels-photo-7948063-scaled.jpeg\",\"image_border\":\"rounded\",\"image_height\":800,\"image_svg_color\":\"emphasis\",\"image_width\":1920,\"margin\":\"default\"}}]}]}]},{\"type\":\"section\",\"props\":{\"animation\":\"fade\",\"animation_delay\":\"100\",\"image_position\":\"center-center\",\"padding\":\"small\",\"padding_remove_bottom\":false,\"padding_remove_top\":true,\"style\":\"default\",\"title_breakpoint\":\"xl\",\"title_position\":\"top-left\",\"title_rotation\":\"left\",\"vertical_align\":\"middle\",\"width\":\"large\"},\"children\":[{\"type\":\"row\",\"children\":[{\"type\":\"column\",\"props\":{\"image_position\":\"center-center\",\"position_sticky_breakpoint\":\"m\"},\"children\":[{\"type\":\"text\",\"props\":{\"column_breakpoint\":\"m\",\"content\":\"\n\n<p>Verrokkitutkimuksen avulla voitte verrata yrityksenne suorituskyky\\u00e4 alan muihin toimijoihin.<\\\/p>\\n\n\n<p><\\\/p>\\n\n\n<p>Tutkimus auttaa tunnistamaan vahvuutenne ja kehitysalueenne<\\\/p>\\n\n\n<p><\\\/p>\\n\n\n<p>Tutkimus antaa kuvan asiakassuhteenne tuottavuudesta, tehokkuudesta ja kilpailueduistanne<\\\/p>\",\"margin\":\"default\",\"text_style\":\"large\"}},{\"type\":\"button\",\"props\":{\"grid_column_gap\":\"small\",\"grid_row_gap\":\"small\",\"margin\":\"medium\"},\"children\":[{\"type\":\"button_item\",\"props\":{\"button_style\":\"primary\",\"content\":\"Kontakt\",\"dialog_layout\":\"modal\",\"dialog_offcanvas_flip\":true,\"icon_align\":\"left\",\"link\":\"\\\/fi\\\/kontakt\\\/\"}}]}]}]}]},{\"type\":\"section\",\"props\":{\"animation\":\"slide-bottom-small\",\"animation_delay\":\"100\",\"image_position\":\"center-center\",\"style\":\"default\",\"title_breakpoint\":\"xl\",\"title_position\":\"top-left\",\"title_rotation\":\"left\",\"vertical_align\":\"middle\",\"width\":\"large\"},\"children\":[{\"type\":\"row\",\"children\":[{\"type\":\"column\",\"props\":{\"class\":\"wg-card-default\",\"image_position\":\"center-center\",\"padding\":\"large\",\"position_sticky_breakpoint\":\"m\",\"style\":\"card-primary\"},\"children\":[{\"type\":\"fragment\",\"props\":{\"margin\":\"default\"},\"children\":[{\"type\":\"row\",\"props\":{\"layout\":\"1-2,1-2\"},\"children\":[{\"type\":\"column\",\"props\":{\"image_position\":\"center-center\",\"position_sticky_breakpoint\":\"m\",\"width_medium\":\"1-2\"},\"children\":[{\"type\":\"image\",\"props\":{\"image\":\"wp-content\\\/uploads\\\/photo-1614028674026-a65e31bfd27c-scaled.jpg\",\"image_border\":\"rounded\",\"image_height\":500,\"image_svg_color\":\"emphasis\",\"image_width\":540,\"margin\":\"default\",\"text_align\":\"left\",\"text_align_breakpoint\":\"s\",\"text_align_fallback\":\"center\"}}]},{\"type\":\"column\",\"props\":{\"image_position\":\"center-center\",\"position_sticky_breakpoint\":\"m\",\"vertical_align\":\"middle\",\"width_medium\":\"1-2\"},\"children\":[{\"type\":\"text\",\"props\":{\"class\":\"wg-p-text-color\",\"column_breakpoint\":\"m\",\"content\":\"\n\n<p>Huolellisesti valituilla v\\u00e4itt\\u00e4mill\\u00e4mme pyrit\\u00e4\\u00e4n mittaamaan sek\\u00e4 asiakastyytyv\\u00e4isyytt\\u00e4 ett\\u00e4 asiakassitoutumista, jotka ovat kaksi erillist\\u00e4, mutta vahvasti toisiinsa liittyv\\u00e4\\u00e4 k\\u00e4sitett\\u00e4, joita usein sekoitetaan tai k\\u00e4sitell\\u00e4\\u00e4n synonyymein\\u00e4.<\\\/p>\\n\n\n<ul>\\n\n\n<li>Tyytyv\\u00e4isyys on v\\u00e4ltt\\u00e4m\\u00e4t\\u00f6nt\\u00e4, mutta ei riitt\\u00e4v\\u00e4\\u00e4 \\u2013 kukaan ei rakenna vahvaa br\\u00e4ndi\\u00e4 pelk\\u00e4st\\u00e4\\u00e4n \\\"virheiden v\\u00e4ltt\\u00e4misen\\\" varaan.<\\\/li>\\n\n\n<li>Sitoutuminen on kilpailukyvyn perusta \\u2013 se luo kest\\u00e4v\\u00e4n asiakassuhteen, jota esimerkiksi hinta tai satunnaiset virheet eiv\\u00e4t helposti horjuta.<\\\/li>\\n<\\\/ul>\\n\n\n<p>Strateginen merkitys: Tyytyv\\u00e4isyys on hygieniaa, sitoutuminen erottautumista<\\\/p>\\n\n\n<p><\\\/p>\",\"margin\":\"medium\",\"text_color\":\"emphasis\"}}]}]}]}]}]}],\"name\":\"INFO\"},{\"type\":\"section\",\"props\":{\"animation\":\"slide-bottom-small\",\"animation_delay\":\"100\",\"image_position\":\"center-center\",\"style\":\"default\",\"title_breakpoint\":\"xl\",\"title_position\":\"top-left\",\"title_rotation\":\"left\",\"vertical_align\":\"middle\",\"width\":\"large\"},\"children\":[{\"type\":\"row\",\"children\":[{\"type\":\"column\",\"props\":{\"image_position\":\"center-center\",\"position_sticky_breakpoint\":\"m\"}}]},{\"type\":\"row\",\"props\":{\"layout\":\"1-2,1-2\",\"row_gap\":\"large\"},\"children\":[{\"type\":\"column\",\"props\":{\"image_position\":\"center-center\",\"position_sticky_breakpoint\":\"m\",\"width_medium\":\"1-2\"}},{\"type\":\"column\",\"props\":{\"image_position\":\"center-center\",\"position_sticky_breakpoint\":\"m\",\"width_medium\":\"1-2\"}}]},{\"type\":\"row\",\"children\":[{\"type\":\"column\",\"props\":{\"image_position\":\"center-center\",\"position_sticky_breakpoint\":\"m\"}}]}]}],\"version\":\"4.5.6\"} --><\/p>\n","protected":false},"excerpt":{"rendered":"<p>Vertailuanalyysi Ota meihin yhteytt\u00e4 saadaksesi tarkempaa tietoa tutkimuksistamme erikoiskaupassa. Verrokkitutkimuksen avulla voitte verrata yrityksenne suorituskyky\u00e4 alan muihin toimijoihin. Tutkimus auttaa tunnistamaan vahvuutenne ja kehitysalueenne Tutkimus antaa kuvan asiakassuhteenne tuottavuudesta, tehokkuudesta ja kilpailueduistanne Kontakt Huolellisesti valituilla v\u00e4itt\u00e4mill\u00e4mme pyrit\u00e4\u00e4n mittaamaan sek\u00e4 asiakastyytyv\u00e4isyytt\u00e4 ett\u00e4 asiakassitoutumista, jotka ovat kaksi erillist\u00e4, mutta vahvasti toisiinsa liittyv\u00e4\u00e4 k\u00e4sitett\u00e4, joita usein sekoitetaan tai [&hellip;]<\/p>\n","protected":false},"author":1,"featured_media":0,"parent":0,"menu_order":0,"comment_status":"closed","ping_status":"closed","template":"","meta":{"footnotes":""},"class_list":["post-505","page","type-page","status-publish","hentry"],"_links":{"self":[{"href":"https:\/\/gradient-benchmark.com\/fi\/wp-json\/wp\/v2\/pages\/505","targetHints":{"allow":["GET"]}}],"collection":[{"href":"https:\/\/gradient-benchmark.com\/fi\/wp-json\/wp\/v2\/pages"}],"about":[{"href":"https:\/\/gradient-benchmark.com\/fi\/wp-json\/wp\/v2\/types\/page"}],"author":[{"embeddable":true,"href":"https:\/\/gradient-benchmark.com\/fi\/wp-json\/wp\/v2\/users\/1"}],"replies":[{"embeddable":true,"href":"https:\/\/gradient-benchmark.com\/fi\/wp-json\/wp\/v2\/comments?post=505"}],"version-history":[{"count":12,"href":"https:\/\/gradient-benchmark.com\/fi\/wp-json\/wp\/v2\/pages\/505\/revisions"}],"predecessor-version":[{"id":793,"href":"https:\/\/gradient-benchmark.com\/fi\/wp-json\/wp\/v2\/pages\/505\/revisions\/793"}],"wp:attachment":[{"href":"https:\/\/gradient-benchmark.com\/fi\/wp-json\/wp\/v2\/media?parent=505"}],"curies":[{"name":"wp","href":"https:\/\/api.w.org\/{rel}","templated":true}]}}