{"id":14,"date":"2025-02-21T18:55:44","date_gmt":"2025-02-21T17:55:44","guid":{"rendered":"https:\/\/gradient.webgiantdemo.se\/?page_id=14"},"modified":"2025-08-14T08:56:33","modified_gmt":"2025-08-14T07:56:33","slug":"om-oss","status":"publish","type":"page","link":"https:\/\/gradient-benchmark.com\/sv\/om-oss\/","title":{"rendered":"Om oss"},"content":{"rendered":"<h1>Om oss<\/h1>\n<div>\n<p>Gradient Benchmark hj\u00e4lper ditt f\u00f6retag att \u00f6ka engagemanget i era aff\u00e4rsrelationer och utveckla b\u00e4ttre samarbeten genom data, insikter och \u00e5tg\u00e4rdsplanering<\/p>\n<\/div>\n<p><img decoding=\"async\" src=\"\/wp-content\/uploads\/photo-1551590192-8070a16d9f67-scaled.jpg\" alt=\"\"><\/p>\n<div>\n<p>V\u00e5r modell har varit etablerad i den nordiska marknaden sedan 90 talet och vi \u00e4r idag \u00a0ledande i Norden inom det vi kallar &#8221;customer benchmarking&#8221;, och med hj\u00e4lp av insikterna fr\u00e5n v\u00e5ra utv\u00e4rderingar utvecklar b\u00e5de handelsakt\u00f6rerna och leverant\u00f6rerna sina aff\u00e4rsrelationer och sina samarbeten!<\/p>\n<p>Varf\u00f6r Gradient Benchmark?<\/p>\n<p>Externt perspektiv &#8211; P\u00e5 hur vi presterar inom olika omr\u00e5den.<\/p>\n<p>Benchmark &#8211; \u00d6ver hur vi f\u00f6rh\u00e5ller oss till &#8221;de b\u00e4sta i klassen&#8221;.<\/p>\n<p>Prioritering &#8211; Trygga fokus p\u00e5 det som v\u00e5ra kunder tycker \u00e4r viktigast.<\/p>\n<p>F\u00f6lj upp \u00f6ver tid &#8211; F\u00f6lj upp \u00f6ver tid och skapa st\u00e4ndiga f\u00f6rb\u00e4ttringar! <\/p>\n<p>Vi \u00e4r verksamma i alla nordiska l\u00e4nder inom flera olika handelssektorer och genomf\u00f6r varje \u00e5r ett 70-tal olika typer av utv\u00e4rderingar. V\u00e5ra kunder \u00e4r insiktsfulla leverant\u00f6rsf\u00f6retag, b\u00e5de nationella och internationella, stora som sm\u00e5.<\/p>\n<p>V\u00e5ra &#8221;Benchmark&#8221;-grupper inneh\u00e5ller redan data f\u00f6r hundratals olika leverant\u00f6rs- och handelsf\u00f6retag inom flera olika sektorer, till exempel dagligvaruhandeln, HORECA, apoteket, konsumentelektroniken och byggvaruhandeln.<\/p>\n<\/div>\n<p><p>\n        <a href=\"\/index.php\/kontakt\/\">Kontakt<\/a>\n    <\/p>\n<\/p>\n<p><!--more--><br \/>\n<!-- {\"type\":\"layout\",\"children\":[{\"type\":\"section\",\"props\":{\"animation\":\"slide-bottom-small\",\"animation_delay\":\"100\",\"image_position\":\"center-center\",\"style\":\"default\",\"title_breakpoint\":\"xl\",\"title_position\":\"top-left\",\"title_rotation\":\"left\",\"vertical_align\":\"middle\",\"width\":\"large\"},\"children\":[{\"type\":\"row\",\"children\":[{\"type\":\"column\",\"props\":{\"class\":\"wg-card-default\",\"css\":\".el-column .uk-card{\\n\\tpadding-bottom: 0;\\n}\",\"image_position\":\"center-center\",\"position_sticky_breakpoint\":\"m\",\"style\":\"card-default\"},\"children\":[{\"type\":\"headline\",\"props\":{\"content\":\"Om oss\",\"title_element\":\"h1\"}},{\"type\":\"text\",\"props\":{\"column_breakpoint\":\"m\",\"content\":\"\n\n<p>Gradient Benchmark hj\\u00e4lper ditt f\\u00f6retag att \\u00f6ka engagemanget i era aff\\u00e4rsrelationer och utveckla b\\u00e4ttre samarbeten genom data, insikter och \\u00e5tg\\u00e4rdsplanering<\\\/p>\",\"margin\":\"default\",\"text_color\":\"emphasis\"}},{\"type\":\"image\",\"props\":{\"css\":\".el-element img{\\n\\tborder-radius: 0 40px 0 0;\\n}\\n\",\"image\":\"wp-content\\\/uploads\\\/photo-1551590192-8070a16d9f67-scaled.jpg\",\"image_border\":\"rounded\",\"image_height\":800,\"image_svg_color\":\"emphasis\",\"image_width\":1920,\"margin\":\"default\"}}]}]}]},{\"type\":\"section\",\"props\":{\"animation\":\"slide-top-small\",\"animation_delay\":\"100\",\"image_position\":\"center-center\",\"padding\":\"small\",\"padding_remove_bottom\":false,\"padding_remove_top\":true,\"style\":\"default\",\"title_breakpoint\":\"xl\",\"title_position\":\"top-left\",\"title_rotation\":\"left\",\"vertical_align\":\"middle\",\"width\":\"large\"},\"children\":[{\"type\":\"row\",\"children\":[{\"type\":\"column\",\"props\":{\"image_position\":\"center-center\",\"position_sticky_breakpoint\":\"m\"},\"children\":[{\"type\":\"text\",\"props\":{\"column_breakpoint\":\"m\",\"content\":\"\n\n<p>V\\u00e5r modell har varit etablerad i den nordiska marknaden sedan 90 talet och vi \\u00e4r idag \\u00a0ledande i Norden inom det vi kallar \\\"customer benchmarking\\\", och med hj\\u00e4lp av insikterna fr\\u00e5n v\\u00e5ra utv\\u00e4rderingar utvecklar b\\u00e5de handelsakt\\u00f6rerna och leverant\\u00f6rerna sina aff\\u00e4rsrelationer och sina samarbeten!<br \\\/><br \\\/>Varf\\u00f6r Gradient Benchmark?<br \\\/><br \\\/>Externt perspektiv - P\\u00e5 hur vi presterar inom olika omr\\u00e5den.<br \\\/><br \\\/>Benchmark - \\u00d6ver hur vi f\\u00f6rh\\u00e5ller oss till \\\"de b\\u00e4sta i klassen\\\".<br \\\/><br \\\/>Prioritering - Trygga fokus p\\u00e5 det som v\\u00e5ra kunder tycker \\u00e4r viktigast.<br \\\/><br \\\/>F\\u00f6lj upp \\u00f6ver tid - F\\u00f6lj upp \\u00f6ver tid och skapa st\\u00e4ndiga f\\u00f6rb\\u00e4ttringar! <br \\\/><br \\\/>Vi \\u00e4r verksamma i alla nordiska l\\u00e4nder inom flera olika handelssektorer och genomf\\u00f6r varje \\u00e5r ett 70-tal olika typer av utv\\u00e4rderingar. V\\u00e5ra kunder \\u00e4r insiktsfulla leverant\\u00f6rsf\\u00f6retag, b\\u00e5de nationella och internationella, stora som sm\\u00e5.<br \\\/><br \\\/>V\\u00e5ra \\\"Benchmark\\\"-grupper inneh\\u00e5ller redan data f\\u00f6r hundratals olika leverant\\u00f6rs- och handelsf\\u00f6retag inom flera olika sektorer, till exempel dagligvaruhandeln, HORECA, apoteket, konsumentelektroniken och byggvaruhandeln.<\\\/p>\",\"margin\":\"default\",\"text_style\":\"large\"}},{\"type\":\"button\",\"props\":{\"grid_column_gap\":\"small\",\"grid_row_gap\":\"small\",\"margin\":\"medium\"},\"children\":[{\"type\":\"button_item\",\"props\":{\"button_style\":\"primary\",\"content\":\"Kontakt\",\"dialog_layout\":\"modal\",\"dialog_offcanvas_flip\":true,\"icon_align\":\"left\",\"link\":\"index.php\\\/kontakt\\\/\"}}]}]}]}]}],\"version\":\"4.5.6\"} --><\/p>\n","protected":false},"excerpt":{"rendered":"<p>Om oss Gradient Benchmark hj\u00e4lper ditt f\u00f6retag att \u00f6ka engagemanget i era aff\u00e4rsrelationer och utveckla b\u00e4ttre samarbeten genom data, insikter och \u00e5tg\u00e4rdsplanering V\u00e5r modell har varit etablerad i den nordiska marknaden sedan 90 talet och vi \u00e4r idag \u00a0ledande i Norden inom det vi kallar &#8221;customer benchmarking&#8221;, och med hj\u00e4lp av insikterna fr\u00e5n v\u00e5ra utv\u00e4rderingar [&hellip;]<\/p>\n","protected":false},"author":1,"featured_media":0,"parent":0,"menu_order":0,"comment_status":"closed","ping_status":"closed","template":"","meta":{"footnotes":""},"class_list":["post-14","page","type-page","status-publish","hentry"],"_links":{"self":[{"href":"https:\/\/gradient-benchmark.com\/sv\/wp-json\/wp\/v2\/pages\/14","targetHints":{"allow":["GET"]}}],"collection":[{"href":"https:\/\/gradient-benchmark.com\/sv\/wp-json\/wp\/v2\/pages"}],"about":[{"href":"https:\/\/gradient-benchmark.com\/sv\/wp-json\/wp\/v2\/types\/page"}],"author":[{"embeddable":true,"href":"https:\/\/gradient-benchmark.com\/sv\/wp-json\/wp\/v2\/users\/1"}],"replies":[{"embeddable":true,"href":"https:\/\/gradient-benchmark.com\/sv\/wp-json\/wp\/v2\/comments?post=14"}],"version-history":[{"count":10,"href":"https:\/\/gradient-benchmark.com\/sv\/wp-json\/wp\/v2\/pages\/14\/revisions"}],"predecessor-version":[{"id":592,"href":"https:\/\/gradient-benchmark.com\/sv\/wp-json\/wp\/v2\/pages\/14\/revisions\/592"}],"wp:attachment":[{"href":"https:\/\/gradient-benchmark.com\/sv\/wp-json\/wp\/v2\/media?parent=14"}],"curies":[{"name":"wp","href":"https:\/\/api.w.org\/{rel}","templated":true}]}}