{"id":18,"date":"2025-02-21T18:56:02","date_gmt":"2025-02-21T17:56:02","guid":{"rendered":"https:\/\/gradient.webgiantdemo.se\/?page_id=18"},"modified":"2026-04-09T09:11:41","modified_gmt":"2026-04-09T08:11:41","slug":"behandling-av-personuppgifter","status":"publish","type":"page","link":"https:\/\/gradient-benchmark.com\/sv\/behandling-av-personuppgifter\/","title":{"rendered":"Behandling av personuppgifter"},"content":{"rendered":"<h1>Behandling av personuppgifter<\/h1>\n<div>Vi erbjuder B2B Kundbenchmarking inom samtliga stora Retail-sektorer i Norden.<\/div>\n<div>\n<p><strong>Personuppgiftspolicy \u2013 Gradient Benchmark<\/strong><\/p>\n<p><strong>Gradient Benchmarks behandling av dina personuppgifter<\/strong><\/p>\n<p>I samband med att du och ditt f\u00f6retag kommer i kontakt med oss p\u00e5 Gradient Benchmark med anledning av de tj\u00e4nster vi erbjuder, s\u00e5 behandlar vi personuppgifter om dig i egenskap av kontaktperson och kund.<\/p>\n<p>I den h\u00e4r personuppgiftspolicyn beskriver vi hur och varf\u00f6r Gradient Benchmark behandlar dina personuppgifter, vilka slags uppgifter om dig som behandlas samt vilka r\u00e4ttigheter du har som registrerad och vilket ansvar vi har.<\/p>\n<\/p>\n<p><strong>Vilka personuppgifter behandlar vi om dig?<\/strong><\/p>\n<p>Vi behandlar personuppgifter om dig s\u00e5som namn, e-postadress, telefonnummer samt uppgift om vilket f\u00f6retag du arbetar p\u00e5 och information om din yrkesroll. Personuppgifterna tillhandah\u00e5lls av dig i samband med att<\/p>\n<ul>\n<li>kundrelation diskuteras, inleds eller uppr\u00e4tth\u00e5lls p\u00e5 olika s\u00e4tt, till exempel genom att ni fyller i v\u00e5rt kontaktformul\u00e4r, anger faktureringsinformation eller anger referenser i din organisation.<\/li>\n<li>genom att du registreras av ditt f\u00f6retag som anv\u00e4ndare p\u00e5 n\u00e5gon av v\u00e5ra kundportaler<\/li>\n<li>genom att du nomineras som relevant respondent i v\u00e5ra utv\u00e4rderingar av n\u00e5got f\u00f6retag som du samarbetar med i din yrkesroll<\/li>\n<li>via telefonsamtal eller maildialog med n\u00e5gon av v\u00e5ra medarbetare<\/li>\n<li>n\u00e4r du p\u00e5 annat s\u00e4tt kommer i kontakt med Gradient Benchmark samt i samband med offert.<\/li>\n<\/ul>\n<p><strong>Personuppgiftsansvarig<\/strong><\/p>\n<p>Gradient Benchmark AB \u00e4r personuppgiftsansvarig f\u00f6r den behandling av personuppgifter som beskrivs i denna personuppgiftspolicy (Gradient Benchmark Nordic AB (org. nr. 559399-4105)<br \/>\nc\/o ARENA SKRAPAN, Box 38 G\u00f6tgatan 78, 118 30 Stockholm). Vid fr\u00e5gor, kontakta g\u00e4rna info@gradient-benchmark.se<\/p>\n<\/p>\n<p><strong>Varf\u00f6r behandlar vi dina personuppgifter?<\/strong><\/p>\n<p>Innan kundf\u00f6rh\u00e5llande inleds behandlar vi dina personuppgifter i din roll som kontaktperson, f\u00f6r att kunna diskutera uppdrag och samarbete samt f\u00f6r att informera dig om v\u00e5ra tj\u00e4nster. Du \u00e4r inte skyldig att tillhandah\u00e5lla dina personuppgifter med det kan kr\u00e4vas om du vill utnyttja v\u00e5ra tj\u00e4nster.<\/p>\n<p>Om du \u00e4r kund hos oss behandlar vi de personuppgifter du tillhandah\u00e5ller f\u00f6r att kunna leverera de tj\u00e4nster du best\u00e4ller samt f\u00f6r att i \u00f6vrigt uppfylla v\u00e5ra \u00e5taganden gentemot er. Detta innefattar \u00e4ven kontakter med dig i fr\u00e5gor som r\u00f6r den tj\u00e4nst ni utnyttjar, andra tj\u00e4nster vi erbjuder, tillg\u00e5ng till v\u00e5ra kundportaler samt f\u00f6r fakturering och uppf\u00f6ljning.<\/p>\n<p>Gradient Benchmark behandlar ocks\u00e5 dina personuppgifter f\u00f6r att n\u00e5 ut med information och marknadsf\u00f6ring som vi tror \u00e4r av intresse f\u00f6r dig och ditt f\u00f6retag. Om du inte vill motta direktmarknadsf\u00f6ring eller personlig kontakt med oss kommer vi p\u00e5 din beg\u00e4ran upph\u00f6ra med detta. Vill du avst\u00e5 marknadsf\u00f6ringsutskick g\u00f6r du det enklast via e-post till info@gradient-benchmark.se<\/p>\n<\/p>\n<p><strong>R\u00e4ttslig grund f\u00f6r personuppgiftsbehandling<\/strong><\/p>\n<p>Den behandling av dina personuppgifter som sker innan du \u00e4r kund hos oss st\u00f6ds p\u00e5 en intresseavv\u00e4gning. Marknadsf\u00f6ring kan ske via e-post, telefon och \u00e4ven i postala utskick. I denna del har Gradient Benchmarks ber\u00e4ttigade intresse av att n\u00e5 ut &#8211; med information och marknadsf\u00f6ring av v\u00e5ra tj\u00e4nster och av att kontakta potentiella kunder \u2013 v\u00e4gts mot det vi vet och rimligen kan anta om dina intressen i sammanhanget samt dina grundl\u00e4ggande r\u00e4ttigheter och friheter g\u00e4llande personlig integritet.<\/p>\n<p>I denna intresseavv\u00e4gning har vi funnit att Gradient Benchmark kan motivera behandling av dina personuppgifter, d\u00e5 dina intressen, fri- och r\u00e4ttigheter i detta sammanhang inte v\u00e4ger tyngre och inte kr\u00e4ver skydd av dina personuppgifter. I denna avv\u00e4gning har vi s\u00e4rskilt beaktat att du representerar ett f\u00f6retag som har visat intresse f\u00f6r v\u00e5ra tj\u00e4nster &#8211; eller \u00e4r en kund eller samarbetspartner med oss &#8211; och att du som f\u00f6retagsrepresentant kan f\u00f6rv\u00e4nta dig att dina publika och i aff\u00e4rsverksamhet anv\u00e4nda kontaktuppgifter och andra personuppgifter kan anv\u00e4ndas av tj\u00e4nsteleverant\u00f6rer och andra f\u00f6retag.<\/p>\n<p>Om du \u00e4r kund hos oss behandlas dina personuppgifter av Gradient Benchmark f\u00f6r att kunna fullg\u00f6ra avtal med er, innefattande tillhandah\u00e5llandet av de tj\u00e4nster ni best\u00e4llt, samt f\u00f6r att i samband med detta avtal fullg\u00f6ra de skyldigheter och r\u00e4ttigheter som finns mellan Gradient Benchmark och det f\u00f6retag du \u00e4r kontaktperson f\u00f6r. Personuppgiftsbehandling i denna del st\u00f6ds allts\u00e5 p\u00e5 n\u00f6dv\u00e4ndighet att fullg\u00f6ra avtal d\u00e4r du \u00e4r part. F\u00f6r det fall ditt namn f\u00f6rekommer i fakturor och andra handlingar behandlas dina uppgifter f\u00f6r detta \u00e4ndam\u00e5l och med st\u00f6d av bokf\u00f6ringsr\u00e4ttsliga f\u00f6rpliktelser.<\/p>\n<p>Vi informerar ocks\u00e5 kring de situationer d\u00e5 personuppgifter hanteras i verksamheten och ger d\u00e5 ocks\u00e5 m\u00f6jlighet att ange inst\u00e4llning kring samtycke.<\/p>\n<\/p>\n<p><strong>Hur l\u00e4nge sparas dina personuppgifter?<\/strong><\/p>\n<p>Den personuppgiftsbehandling som sker f\u00f6r att fullg\u00f6ra avtal med f\u00f6retag du \u00e4r kontaktperson f\u00f6r, eller representeras, fortg\u00e5r under avtalsperioden eller tills du av ditt f\u00f6retag ers\u00e4tts som kontaktperson eller firmatecknare. D\u00e4refter upph\u00f6r personuppgiftsbehandlingen f\u00f6r detta \u00e4ndam\u00e5l.<\/p>\n<p>Efter avslutat kundf\u00f6rh\u00e5llande behandlar Gradient Benchmark fortsatt s\u00e5dana personuppgifter som f\u00f6rekommer i v\u00e5rt r\u00e4kenskapsmaterial. Detta d\u00e5 vi enligt bokf\u00f6ringsregler sparar r\u00e4kenskapsmaterial i upp till sju \u00e5r efter r\u00e4kenskaps\u00e5rets utg\u00e5ng. Denna r\u00e4ttsliga f\u00f6rpliktelse g\u00f6r att vi forts\u00e4ttningsvis m\u00e5ste behandla dina personuppgifter i detta syfte.<\/p>\n<p>De kontaktuppgifter som vi erh\u00e5llit fr\u00e5n dig r\u00f6rande respondenter i andra organisationer utg\u00f6r en del av den specifikation om tj\u00e4nstens utf\u00f6rande som vi erh\u00e5ller fr\u00e5n ditt f\u00f6retag inom ramen f\u00f6r det leverant\u00f6rsf\u00f6rh\u00e5llande som vi uppr\u00e4tth\u00e5ller. I det fallet utg\u00f6r vi ett Personuppgiftsbitr\u00e4de \u00e5t ditt f\u00f6retag, vilket regleras av ett s.k. Bitr\u00e4desavtal med din organisation. Dessa personuppgifter sparas s\u00e5 l\u00e4nge som beh\u00f6vs f\u00f6r att fullg\u00f6ra tj\u00e4nsten, dock h\u00f6gst ett \u00e5r efter att projektet slutf\u00f6rts och levererats till ditt f\u00f6retag.<\/p>\n<p>\u00a0<\/p>\n<p>Gradient Benchmark kan behandla dina personuppgifter f\u00f6r att n\u00e5 ut med information och marknadsf\u00f6ring som vi tror \u00e4r av intresse f\u00f6r dig och ditt f\u00f6retag i upp till tre \u00e5r efter den senaste kontakten med dig som kund. D\u00e4refter upph\u00f6r personuppgiftsbehandling f\u00f6r detta \u00e4ndam\u00e5l. Vill du avst\u00e5 utskick eller fortsatt kontakt g\u00f6r du det enklast via e-post till info@gradient-benchmark.se<\/p>\n<\/p>\n<p><strong>Mottagare av personuppgifter<\/strong><\/p>\n<p>Gradient Benchmark delar dina personuppgifter med IT-underleverant\u00f6rer samt tillhandah\u00e5llare av st\u00f6dfunktioner inom datainsamling, datalagring, databearbetning och visualisering samt ekonomi, som vi anlitar f\u00f6r att kunna tillhandah\u00e5lla v\u00e5ra tj\u00e4nster. Gradient Benchmark har i s\u00e5dana fall personuppgiftsbitr\u00e4desavtal med de externa akt\u00f6rer som behandlar dina personuppgifter f\u00f6r v\u00e5r r\u00e4kning.<\/p>\n<p>F\u00f6r det fall det f\u00f6retag du representerar inte \u00e4r kund hos oss, eller om kundf\u00f6rh\u00e5llande avslutats, kan dina uppgifter anv\u00e4ndas f\u00f6r att kommunicera med dig i fall d\u00e4r du kvarst\u00e5r som kundkontakt.<\/p>\n<p>Vi kan komma att dela dina personuppgifter med tredje part, f\u00f6rutsatt att vi \u00e4r skyldiga att g\u00f6ra s\u00e5 enligt lag. D\u00e4remot kommer vi inte \u00f6verf\u00f6ra dina uppgifter till ett land utanf\u00f6r EU eller det Europeiska samarbetsomr\u00e5det och vi kommer heller inte att l\u00e4mna ut dina personuppgifter f\u00f6r direktmarknadsf\u00f6ring av tredje part.<\/p>\n<\/p>\n<p><strong>Dina r\u00e4ttigheter<\/strong><\/p>\n<p>Du har r\u00e4tt att ta del av vilka uppgifter vi behandlar om dig genom att beg\u00e4ra ut ett registerutdrag. Du har \u00e4ven r\u00e4tt att beg\u00e4ra r\u00e4ttelse (att vi korrigerar felaktiga uppgifter), radering (att vi tar bort personuppgifter som inte l\u00e4ngre ska eller beh\u00f6ver behandlas), begr\u00e4nsning (att vi i n\u00e5gon del upph\u00f6r med behandling av dina personuppgifter) samt r\u00e4tt att f\u00e5 de uppgifter vi behandlar om dig \u00f6verflyttade i ett strukturerat, allm\u00e4nt anv\u00e4nt maskinl\u00e4sbart format om du vill \u00f6verf\u00f6ra dessa till annan akt\u00f6r.<\/p>\n<p>Du ut\u00f6var dina r\u00e4ttigheter ovan kostnadsfritt, enklast genom att kontakta oss info@gradient-benchmark.se<\/p>\n<\/p>\n<p><strong>Automatiserat beslutsfattande<\/strong><\/p>\n<p>Gradient Benchmark till\u00e4mpar inte automatiserat beslutsfattande eller profilering i behandling av dina uppgifter.<\/p>\n<\/p>\n<p><strong>Klagom\u00e5l<\/strong><\/p>\n<p>Om du har klagom\u00e5l g\u00e4llande v\u00e5r behandling av dina personuppgifter \u00e4r du v\u00e4lkommen att kontakta oss via info@gradient-benchmark.se, s\u00e5 hj\u00e4lper vi dig efter b\u00e4sta f\u00f6rm\u00e5ga.<\/p>\n<p>Du har dessutom r\u00e4tt att framf\u00f6ra klagom\u00e5l g\u00e4llande v\u00e5r personuppgiftsbehandling till tillsynsmyndigheten Integritetsskyddsmyndigheten (Box 8114, 104 20 Stockholm, e-post imy@imy.se, telefon 06-657 61 00, www.imy.se)<\/p>\n<\/div>\n<p><p>\n        <a href=\"\/index.php\/kontakt\/\">Kontakt<\/a>\n    <\/p>\n<\/p>\n<p><!--more--><br \/>\n<!-- {\"type\":\"layout\",\"children\":[{\"type\":\"section\",\"props\":{\"animation\":\"slide-bottom-small\",\"animation_delay\":\"100\",\"image_position\":\"center-center\",\"style\":\"default\",\"title_breakpoint\":\"xl\",\"title_position\":\"top-left\",\"title_rotation\":\"left\",\"vertical_align\":\"middle\",\"width\":\"large\"},\"children\":[{\"type\":\"row\",\"children\":[{\"type\":\"column\",\"props\":{\"class\":\"wg-card-default\",\"css\":\".el-column .uk-card{\\n\\tpadding-bottom: 0;\\n}\",\"image_position\":\"center-center\",\"position_sticky_breakpoint\":\"m\",\"style\":\"card-default\"},\"children\":[{\"type\":\"headline\",\"props\":{\"content\":\"Behandling av personuppgifter\",\"title_element\":\"h1\"}},{\"type\":\"text\",\"props\":{\"column_breakpoint\":\"m\",\"content\":\"Vi erbjuder B2B Kundbenchmarking inom samtliga stora Retail-sektorer i Norden.\",\"margin\":\"default\",\"text_color\":\"emphasis\"}},{\"type\":\"text\",\"props\":{\"column_breakpoint\":\"m\",\"content\":\"\n\n<p><strong>Personuppgiftspolicy \\u2013 Gradient Benchmark<\\\/strong><\\\/p>\\n\n\n<p><strong>Gradient Benchmarks behandling av dina personuppgifter<\\\/strong><\\\/p>\\n\n\n<p>I samband med att du och ditt f\\u00f6retag kommer i kontakt med oss p\\u00e5 Gradient Benchmark med anledning av de tj\\u00e4nster vi erbjuder, s\\u00e5 behandlar vi personuppgifter om dig i egenskap av kontaktperson och kund.<\\\/p>\\n\n\n<p>I den h\\u00e4r personuppgiftspolicyn beskriver vi hur och varf\\u00f6r Gradient Benchmark behandlar dina personuppgifter, vilka slags uppgifter om dig som behandlas samt vilka r\\u00e4ttigheter du har som registrerad och vilket ansvar vi har.<\\\/p>\\n\n\n<p><\\\/p>\\n\n\n<p><strong>Vilka personuppgifter behandlar vi om dig?<\\\/strong><\\\/p>\\n\n\n<p>Vi behandlar personuppgifter om dig s\\u00e5som namn, e-postadress, telefonnummer samt uppgift om vilket f\\u00f6retag du arbetar p\\u00e5 och information om din yrkesroll. Personuppgifterna tillhandah\\u00e5lls av dig i samband med att<\\\/p>\\n\n\n<ul>\\n\n\n<li>kundrelation diskuteras, inleds eller uppr\\u00e4tth\\u00e5lls p\\u00e5 olika s\\u00e4tt, till exempel genom att ni fyller i v\\u00e5rt kontaktformul\\u00e4r, anger faktureringsinformation eller anger referenser i din organisation.<\\\/li>\\n\n\n<li>genom att du registreras av ditt f\\u00f6retag som anv\\u00e4ndare p\\u00e5 n\\u00e5gon av v\\u00e5ra kundportaler<\\\/li>\\n\n\n<li>genom att du nomineras som relevant respondent i v\\u00e5ra utv\\u00e4rderingar av n\\u00e5got f\\u00f6retag som du samarbetar med i din yrkesroll<\\\/li>\\n\n\n<li>via telefonsamtal eller maildialog med n\\u00e5gon av v\\u00e5ra medarbetare<\\\/li>\\n\n\n<li>n\\u00e4r du p\\u00e5 annat s\\u00e4tt kommer i kontakt med Gradient Benchmark samt i samband med offert.<\\\/li>\\n<\\\/ul>\\n\n\n<p><\\\/p>\\n\n\n<p><strong>Personuppgiftsansvarig<\\\/strong><\\\/p>\\n\n\n<p>Gradient Benchmark AB \\u00e4r personuppgiftsansvarig f\\u00f6r den behandling av personuppgifter som beskrivs i denna personuppgiftspolicy (Gradient Benchmark Nordic AB (org. nr. 559399-4105) \\nc\\\/o ARENA SKRAPAN, Box 38 G\\u00f6tgatan 78, 118 30 Stockholm). Vid fr\\u00e5gor, kontakta g\\u00e4rna info@gradient-benchmark.se<\\\/p>\\n\n\n<p><\\\/p>\\n\n\n<p><strong>Varf\\u00f6r behandlar vi dina personuppgifter?<\\\/strong><\\\/p>\\n\n\n<p>Innan kundf\\u00f6rh\\u00e5llande inleds behandlar vi dina personuppgifter i din roll som kontaktperson, f\\u00f6r att kunna diskutera uppdrag och samarbete samt f\\u00f6r att informera dig om v\\u00e5ra tj\\u00e4nster. Du \\u00e4r inte skyldig att tillhandah\\u00e5lla dina personuppgifter med det kan kr\\u00e4vas om du vill utnyttja v\\u00e5ra tj\\u00e4nster.<\\\/p>\\n\n\n<p>Om du \\u00e4r kund hos oss behandlar vi de personuppgifter du tillhandah\\u00e5ller f\\u00f6r att kunna leverera de tj\\u00e4nster du best\\u00e4ller samt f\\u00f6r att i \\u00f6vrigt uppfylla v\\u00e5ra \\u00e5taganden gentemot er. Detta innefattar \\u00e4ven kontakter med dig i fr\\u00e5gor som r\\u00f6r den tj\\u00e4nst ni utnyttjar, andra tj\\u00e4nster vi erbjuder, tillg\\u00e5ng till v\\u00e5ra kundportaler samt f\\u00f6r fakturering och uppf\\u00f6ljning.<\\\/p>\\n\n\n<p>Gradient Benchmark behandlar ocks\\u00e5 dina personuppgifter f\\u00f6r att n\\u00e5 ut med information och marknadsf\\u00f6ring som vi tror \\u00e4r av intresse f\\u00f6r dig och ditt f\\u00f6retag. Om du inte vill motta direktmarknadsf\\u00f6ring eller personlig kontakt med oss kommer vi p\\u00e5 din beg\\u00e4ran upph\\u00f6ra med detta. Vill du avst\\u00e5 marknadsf\\u00f6ringsutskick g\\u00f6r du det enklast via e-post till info@gradient-benchmark.se<\\\/p>\\n\n\n<p><\\\/p>\\n\n\n<p><strong>R\\u00e4ttslig grund f\\u00f6r personuppgiftsbehandling<\\\/strong><\\\/p>\\n\n\n<p>Den behandling av dina personuppgifter som sker innan du \\u00e4r kund hos oss st\\u00f6ds p\\u00e5 en intresseavv\\u00e4gning. Marknadsf\\u00f6ring kan ske via e-post, telefon och \\u00e4ven i postala utskick. I denna del har Gradient Benchmarks ber\\u00e4ttigade intresse av att n\\u00e5 ut - med information och marknadsf\\u00f6ring av v\\u00e5ra tj\\u00e4nster och av att kontakta potentiella kunder \\u2013 v\\u00e4gts mot det vi vet och rimligen kan anta om dina intressen i sammanhanget samt dina grundl\\u00e4ggande r\\u00e4ttigheter och friheter g\\u00e4llande personlig integritet.<\\\/p>\\n\n\n<p>I denna intresseavv\\u00e4gning har vi funnit att Gradient Benchmark kan motivera behandling av dina personuppgifter, d\\u00e5 dina intressen, fri- och r\\u00e4ttigheter i detta sammanhang inte v\\u00e4ger tyngre och inte kr\\u00e4ver skydd av dina personuppgifter. I denna avv\\u00e4gning har vi s\\u00e4rskilt beaktat att du representerar ett f\\u00f6retag som har visat intresse f\\u00f6r v\\u00e5ra tj\\u00e4nster - eller \\u00e4r en kund eller samarbetspartner med oss - och att du som f\\u00f6retagsrepresentant kan f\\u00f6rv\\u00e4nta dig att dina publika och i aff\\u00e4rsverksamhet anv\\u00e4nda kontaktuppgifter och andra personuppgifter kan anv\\u00e4ndas av tj\\u00e4nsteleverant\\u00f6rer och andra f\\u00f6retag.<\\\/p>\\n\n\n<p>Om du \\u00e4r kund hos oss behandlas dina personuppgifter av Gradient Benchmark f\\u00f6r att kunna fullg\\u00f6ra avtal med er, innefattande tillhandah\\u00e5llandet av de tj\\u00e4nster ni best\\u00e4llt, samt f\\u00f6r att i samband med detta avtal fullg\\u00f6ra de skyldigheter och r\\u00e4ttigheter som finns mellan Gradient Benchmark och det f\\u00f6retag du \\u00e4r kontaktperson f\\u00f6r. Personuppgiftsbehandling i denna del st\\u00f6ds allts\\u00e5 p\\u00e5 n\\u00f6dv\\u00e4ndighet att fullg\\u00f6ra avtal d\\u00e4r du \\u00e4r part. F\\u00f6r det fall ditt namn f\\u00f6rekommer i fakturor och andra handlingar behandlas dina uppgifter f\\u00f6r detta \\u00e4ndam\\u00e5l och med st\\u00f6d av bokf\\u00f6ringsr\\u00e4ttsliga f\\u00f6rpliktelser.<\\\/p>\\n\n\n<p>Vi informerar ocks\\u00e5 kring de situationer d\\u00e5 personuppgifter hanteras i verksamheten och ger d\\u00e5 ocks\\u00e5 m\\u00f6jlighet att ange inst\\u00e4llning kring samtycke.<\\\/p>\\n\n\n<p><\\\/p>\\n\n\n<p><strong>Hur l\\u00e4nge sparas dina personuppgifter?<\\\/strong><\\\/p>\\n\n\n<p>Den personuppgiftsbehandling som sker f\\u00f6r att fullg\\u00f6ra avtal med f\\u00f6retag du \\u00e4r kontaktperson f\\u00f6r, eller representeras, fortg\\u00e5r under avtalsperioden eller tills du av ditt f\\u00f6retag ers\\u00e4tts som kontaktperson eller firmatecknare. D\\u00e4refter upph\\u00f6r personuppgiftsbehandlingen f\\u00f6r detta \\u00e4ndam\\u00e5l.<\\\/p>\\n\n\n<p>Efter avslutat kundf\\u00f6rh\\u00e5llande behandlar Gradient Benchmark fortsatt s\\u00e5dana personuppgifter som f\\u00f6rekommer i v\\u00e5rt r\\u00e4kenskapsmaterial. Detta d\\u00e5 vi enligt bokf\\u00f6ringsregler sparar r\\u00e4kenskapsmaterial i upp till sju \\u00e5r efter r\\u00e4kenskaps\\u00e5rets utg\\u00e5ng. Denna r\\u00e4ttsliga f\\u00f6rpliktelse g\\u00f6r att vi forts\\u00e4ttningsvis m\\u00e5ste behandla dina personuppgifter i detta syfte.<\\\/p>\\n\n\n<p>De kontaktuppgifter som vi erh\\u00e5llit fr\\u00e5n dig r\\u00f6rande respondenter i andra organisationer utg\\u00f6r en del av den specifikation om tj\\u00e4nstens utf\\u00f6rande som vi erh\\u00e5ller fr\\u00e5n ditt f\\u00f6retag inom ramen f\\u00f6r det leverant\\u00f6rsf\\u00f6rh\\u00e5llande som vi uppr\\u00e4tth\\u00e5ller. I det fallet utg\\u00f6r vi ett Personuppgiftsbitr\\u00e4de \\u00e5t ditt f\\u00f6retag, vilket regleras av ett s.k. Bitr\\u00e4desavtal med din organisation. Dessa personuppgifter sparas s\\u00e5 l\\u00e4nge som beh\\u00f6vs f\\u00f6r att fullg\\u00f6ra tj\\u00e4nsten, dock h\\u00f6gst ett \\u00e5r efter att projektet slutf\\u00f6rts och levererats till ditt f\\u00f6retag.<br \\\/><br \\\/>\\u00a0<\\\/p>\\n\n\n<p>Gradient Benchmark kan behandla dina personuppgifter f\\u00f6r att n\\u00e5 ut med information och marknadsf\\u00f6ring som vi tror \\u00e4r av intresse f\\u00f6r dig och ditt f\\u00f6retag i upp till tre \\u00e5r efter den senaste kontakten med dig som kund. D\\u00e4refter upph\\u00f6r personuppgiftsbehandling f\\u00f6r detta \\u00e4ndam\\u00e5l. Vill du avst\\u00e5 utskick eller fortsatt kontakt g\\u00f6r du det enklast via e-post till info@gradient-benchmark.se<\\\/p>\\n\n\n<p><\\\/p>\\n\n\n<p><strong>Mottagare av personuppgifter<\\\/strong><\\\/p>\\n\n\n<p>Gradient Benchmark delar dina personuppgifter med IT-underleverant\\u00f6rer samt tillhandah\\u00e5llare av st\\u00f6dfunktioner inom datainsamling, datalagring, databearbetning och visualisering samt ekonomi, som vi anlitar f\\u00f6r att kunna tillhandah\\u00e5lla v\\u00e5ra tj\\u00e4nster. Gradient Benchmark har i s\\u00e5dana fall personuppgiftsbitr\\u00e4desavtal med de externa akt\\u00f6rer som behandlar dina personuppgifter f\\u00f6r v\\u00e5r r\\u00e4kning.<\\\/p>\\n\n\n<p>F\\u00f6r det fall det f\\u00f6retag du representerar inte \\u00e4r kund hos oss, eller om kundf\\u00f6rh\\u00e5llande avslutats, kan dina uppgifter anv\\u00e4ndas f\\u00f6r att kommunicera med dig i fall d\\u00e4r du kvarst\\u00e5r som kundkontakt.<\\\/p>\\n\n\n<p>Vi kan komma att dela dina personuppgifter med tredje part, f\\u00f6rutsatt att vi \\u00e4r skyldiga att g\\u00f6ra s\\u00e5 enligt lag. D\\u00e4remot kommer vi inte \\u00f6verf\\u00f6ra dina uppgifter till ett land utanf\\u00f6r EU eller det Europeiska samarbetsomr\\u00e5det och vi kommer heller inte att l\\u00e4mna ut dina personuppgifter f\\u00f6r direktmarknadsf\\u00f6ring av tredje part.<\\\/p>\\n\n\n<p><\\\/p>\\n\n\n<p><strong>Dina r\\u00e4ttigheter<\\\/strong><\\\/p>\\n\n\n<p>Du har r\\u00e4tt att ta del av vilka uppgifter vi behandlar om dig genom att beg\\u00e4ra ut ett registerutdrag. Du har \\u00e4ven r\\u00e4tt att beg\\u00e4ra r\\u00e4ttelse (att vi korrigerar felaktiga uppgifter), radering (att vi tar bort personuppgifter som inte l\\u00e4ngre ska eller beh\\u00f6ver behandlas), begr\\u00e4nsning (att vi i n\\u00e5gon del upph\\u00f6r med behandling av dina personuppgifter) samt r\\u00e4tt att f\\u00e5 de uppgifter vi behandlar om dig \\u00f6verflyttade i ett strukturerat, allm\\u00e4nt anv\\u00e4nt maskinl\\u00e4sbart format om du vill \\u00f6verf\\u00f6ra dessa till annan akt\\u00f6r.<\\\/p>\\n\n\n<p>Du ut\\u00f6var dina r\\u00e4ttigheter ovan kostnadsfritt, enklast genom att kontakta oss info@gradient-benchmark.se<\\\/p>\\n\n\n<p><\\\/p>\\n\n\n<p><strong>Automatiserat beslutsfattande<\\\/strong><\\\/p>\\n\n\n<p>Gradient Benchmark till\\u00e4mpar inte automatiserat beslutsfattande eller profilering i behandling av dina uppgifter.<\\\/p>\\n\n\n<p><\\\/p>\\n\n\n<p><strong>Klagom\\u00e5l<\\\/strong><\\\/p>\\n\n\n<p>Om du har klagom\\u00e5l g\\u00e4llande v\\u00e5r behandling av dina personuppgifter \\u00e4r du v\\u00e4lkommen att kontakta oss via info@gradient-benchmark.se, s\\u00e5 hj\\u00e4lper vi dig efter b\\u00e4sta f\\u00f6rm\\u00e5ga.<\\\/p>\\n\n\n<p>Du har dessutom r\\u00e4tt att framf\\u00f6ra klagom\\u00e5l g\\u00e4llande v\\u00e5r personuppgiftsbehandling till tillsynsmyndigheten Integritetsskyddsmyndigheten (Box 8114, 104 20 Stockholm, e-post imy@imy.se, telefon 06-657 61 00, www.imy.se)<\\\/p>\",\"margin\":\"default\"}},{\"type\":\"button\",\"props\":{\"grid_column_gap\":\"small\",\"grid_row_gap\":\"small\",\"margin\":\"medium\"},\"children\":[{\"type\":\"button_item\",\"props\":{\"button_style\":\"primary\",\"content\":\"Kontakt\",\"dialog_layout\":\"modal\",\"dialog_offcanvas_flip\":true,\"icon_align\":\"left\",\"link\":\"index.php\\\/kontakt\\\/\"}}]}]}]}]},{\"type\":\"section\",\"props\":{\"image_position\":\"center-center\",\"padding\":\"small\",\"padding_remove_bottom\":false,\"padding_remove_top\":true,\"style\":\"default\",\"title_breakpoint\":\"xl\",\"title_position\":\"top-left\",\"title_rotation\":\"left\",\"vertical_align\":\"middle\",\"width\":\"large\"},\"children\":[{\"type\":\"row\",\"children\":[{\"type\":\"column\",\"props\":{\"image_position\":\"center-center\",\"position_sticky_breakpoint\":\"m\"}}]}]}],\"version\":\"4.5.6\"} --><\/p>\n","protected":false},"excerpt":{"rendered":"<p>Behandling av personuppgifter Vi erbjuder B2B Kundbenchmarking inom samtliga stora Retail-sektorer i Norden. Personuppgiftspolicy \u2013 Gradient Benchmark Gradient Benchmarks behandling av dina personuppgifter I samband med att du och ditt f\u00f6retag kommer i kontakt med oss p\u00e5 Gradient Benchmark med anledning av de tj\u00e4nster vi erbjuder, s\u00e5 behandlar vi personuppgifter om dig i egenskap av [&hellip;]<\/p>\n","protected":false},"author":1,"featured_media":0,"parent":0,"menu_order":0,"comment_status":"closed","ping_status":"closed","template":"","meta":{"footnotes":""},"class_list":["post-18","page","type-page","status-publish","hentry"],"_links":{"self":[{"href":"https:\/\/gradient-benchmark.com\/sv\/wp-json\/wp\/v2\/pages\/18","targetHints":{"allow":["GET"]}}],"collection":[{"href":"https:\/\/gradient-benchmark.com\/sv\/wp-json\/wp\/v2\/pages"}],"about":[{"href":"https:\/\/gradient-benchmark.com\/sv\/wp-json\/wp\/v2\/types\/page"}],"author":[{"embeddable":true,"href":"https:\/\/gradient-benchmark.com\/sv\/wp-json\/wp\/v2\/users\/1"}],"replies":[{"embeddable":true,"href":"https:\/\/gradient-benchmark.com\/sv\/wp-json\/wp\/v2\/comments?post=18"}],"version-history":[{"count":6,"href":"https:\/\/gradient-benchmark.com\/sv\/wp-json\/wp\/v2\/pages\/18\/revisions"}],"predecessor-version":[{"id":818,"href":"https:\/\/gradient-benchmark.com\/sv\/wp-json\/wp\/v2\/pages\/18\/revisions\/818"}],"wp:attachment":[{"href":"https:\/\/gradient-benchmark.com\/sv\/wp-json\/wp\/v2\/media?parent=18"}],"curies":[{"name":"wp","href":"https:\/\/api.w.org\/{rel}","templated":true}]}}