{"id":2,"date":"2025-02-21T16:23:29","date_gmt":"2025-02-21T16:23:29","guid":{"rendered":"https:\/\/gradient.webgiantdemo.se\/?page_id=2"},"modified":"2025-11-11T13:28:47","modified_gmt":"2025-11-11T12:28:47","slug":"sample-page","status":"publish","type":"page","link":"https:\/\/gradient-benchmark.com\/sv\/","title":{"rendered":"Hem"},"content":{"rendered":"<h1>Ledande inom \u201dCustomer Benchmarking\u201d i Norden<\/h1>\n<div>\n<p>Gradient Benchmark \u00e4r ledande inom \u201dcustomer benchmarking\u201d i Norden och hj\u00e4lper ditt f\u00f6retag att s\u00e4kerst\u00e4lla n\u00f6jda kunder och d\u00e4rifr\u00e5n \u00f6ka engagemanget i era aff\u00e4rsrelationer och utveckla b\u00e4ttre och starkare samarbeten genom data, insikter och \u00e5tg\u00e4rdsplanering.<\/p>\n<\/div>\n<p><p>\n        <a href=\"\/index.php\/kontakt\/\">Kontakt<\/a>\n    <\/p>\n<\/p>\n<p><img decoding=\"async\" src=\"\/wp-content\/uploads\/2025\/11\/Team-Rynkeby-sponsor-bannere-2026-1348x260px_Gold_SE.jpg\" alt=\"\"><\/p>\n<div><span class=\"uk-text-primary\">Med v\u00e5r djupa branschkunskap och avancerade analyser av b\u00e5de interna och externa data, hj\u00e4lper vi dig att f\u00f6rst\u00e5 hur du ligger till i f\u00f6rh\u00e5llande till konkurrenter och branschstandarder. Genom att identifiera styrkor och utvecklingsm\u00f6jligheter,<\/span> ger vi dig de insikter du beh\u00f6ver f\u00f6r att effektivisera processer, optimera resurser och f\u00f6rb\u00e4ttra kundupplevelsen. Med v\u00e5r expertis inom benchmarking kan du snabbt och enkelt identifiera f\u00f6rb\u00e4ttringsomr\u00e5den och s\u00e4tta strategiska \u00e5tg\u00e4rder f\u00f6r att uppn\u00e5 dina aff\u00e4rsm\u00e5l. Ta kontakt med oss idag f\u00f6r att uppt\u00e4cka hur vi kan st\u00f6dja din resa mot h\u00f6gre prestation och konkurrensf\u00f6rdelar!<\/div>\n<p><p>\n        <a href=\"\/index.php\/kontakt\/\">Kontakt<\/a>\n    <\/p>\n<\/p>\n<p><img decoding=\"async\" src=\"\/wp-content\/uploads\/2025\/02\/img_hand.png\" alt=\"\"><\/p>\n<h2>Attitudes Impact Business<\/h2>\n<div>\n<p>En faktabaserad kunskap om f\u00f6rh\u00e5llandet mellan handelsakt\u00f6r och leverant\u00f6r \u00e4r en viktig f\u00f6ruts\u00e4ttning f\u00f6r att uppr\u00e4tth\u00e5lla och ut\u00f6ka samarbetet effektivt. Relationer pr\u00e4glas av uppfattningar och attityder &#8211; och det \u00e4r n\u00f6dv\u00e4ndigt att k\u00e4nna till uppfattningarna f\u00f6r att kunna f\u00f6r\u00e4ndra dem i \u00f6nskad riktning.<\/p>\n<p>Att l\u00e4sa av ett f\u00f6rs\u00e4ljningsutfall i verksamheten ger bara svar p\u00e5 vad som h\u00e4nt \u2013 men inte varf\u00f6r det h\u00e4nt. Med v\u00e5r modell f\u00f6r kundbenchmarking f\u00e5r varje akt\u00f6r sina unika svar p\u00e5 de bakomliggande f\u00f6rklaringsfaktorerna i deras samarbete med handeln\/leverant\u00f6rerna.<\/p>\n<p>Genom att besvara unders\u00f6kningarna &#8211; fritt och fullst\u00e4ndigt &#8211; ger man sina samarbetsakt\u00f6rer en feedback som g\u00f6r att de kan forts\u00e4tta med r\u00e4tt satsningar, och samtidigt \u00e5tg\u00e4rda de brister som kan finnas i samarbetet.<\/p>\n<p>Det kommer alla att vinna p\u00e5. Och de \u00f6msesidiga utv\u00e4rderingarna ger motsvarande feedback tillbaka<\/p>\n<\/div>\n<h2>Integritet och hantering<br \/> av information<\/h2>\n<p><p>\n        <a href=\"\/index.php\/kontakt\/\">Kontakt<\/a>\n    <\/p>\n<\/p>\n<div>\n<p><span class=\"uk-text-primary\">Att verka som en oberoende akt\u00f6r mellan handels- och leverant\u00f6rsled \u00e4r ett<\/span> uppdrag som f\u00f6rpliktar.<\/p>\n<p>V\u00e5r omfattande erfarenhet och \u00f6verblick ger unik m\u00f6jlighet att r\u00e5dgiva olika akt\u00f6rer kring resultaten i utv\u00e4rderingarna. Samtidigt tummar vi aldrig p\u00e5 v\u00e5r integritet kring den enskilda akt\u00f6rens resultat och situation. Alla svar behandlas strikt anonymt och konfidentiellt. Ingen enskild person eller f\u00f6retag kan identifieras eller knytas till de svar som man l\u00e4mnat.<\/p>\n<\/div>\n<p><!--more--><br \/>\n<!-- {\"type\":\"layout\",\"children\":[{\"type\":\"section\",\"props\":{\"animation\":\"fade\",\"animation_delay\":\"100\",\"css\":\".el-section .uk-background-cover{\\n\\tbackground-position: center -2px ;\\n    background-color: #0E1419;\\n}\",\"height\":\"viewport\",\"height_viewport\":80,\"image\":\"wp-content\\\/uploads\\\/2025\\\/02\\\/img_hero_bg.png\",\"image_position\":\"top-center\",\"image_size\":\"cover\",\"style\":\"default\",\"text_color\":\"light\",\"title_breakpoint\":\"xl\",\"title_position\":\"top-left\",\"title_rotation\":\"left\",\"vertical_align\":\"middle\",\"width\":\"default\"},\"children\":[{\"type\":\"row\",\"children\":[{\"type\":\"column\",\"props\":{\"image_position\":\"center-center\",\"position_sticky_breakpoint\":\"m\"},\"children\":[{\"type\":\"headline\",\"props\":{\"content\":\"Ledande inom \\u201dCustomer Benchmarking\\u201d i Norden\",\"text_align\":\"center\",\"title_element\":\"h1\"}},{\"type\":\"text\",\"props\":{\"block_align\":\"center\",\"column_breakpoint\":\"m\",\"content\":\"\n\n<p>Gradient Benchmark \\u00e4r ledande inom \\u201dcustomer benchmarking\\u201d i Norden och hj\\u00e4lper ditt f\\u00f6retag att s\\u00e4kerst\\u00e4lla n\\u00f6jda kunder och d\\u00e4rifr\\u00e5n \\u00f6ka engagemanget i era aff\\u00e4rsrelationer och utveckla b\\u00e4ttre och starkare samarbeten genom data, insikter och \\u00e5tg\\u00e4rdsplanering.<\\\/p>\",\"margin\":\"default\",\"maxwidth\":\"xlarge\",\"text_align\":\"center\"}},{\"type\":\"button\",\"props\":{\"grid_column_gap\":\"small\",\"grid_row_gap\":\"small\",\"margin\":\"default\",\"text_align\":\"center\"},\"children\":[{\"type\":\"button_item\",\"props\":{\"button_style\":\"primary\",\"content\":\"Kontakt\",\"dialog_layout\":\"modal\",\"dialog_offcanvas_flip\":true,\"icon_align\":\"left\",\"link\":\"index.php\\\/kontakt\\\/\"}}]},{\"type\":\"image\",\"props\":{\"image\":\"wp-content\\\/uploads\\\/2025\\\/11\\\/Team-Rynkeby-sponsor-bannere-2026-1348x260px_Gold_SE.jpg\",\"image_border\":\"pill\",\"image_svg_color\":\"emphasis\",\"image_width\":500,\"margin\":\"default\",\"position\":\"relative\",\"position_left\":\"330\"}}]}]}]},{\"type\":\"section\",\"props\":{\"animation\":\"slide-bottom-small\",\"animation_delay\":\"200\",\"image_position\":\"center-center\",\"style\":\"default\",\"title_breakpoint\":\"xl\",\"title_position\":\"top-left\",\"title_rotation\":\"left\",\"vertical_align\":\"middle\",\"width\":\"large\"},\"children\":[{\"type\":\"row\",\"props\":{\"layout\":\"5-6,1-6|4-5,1-5\"},\"children\":[{\"type\":\"column\",\"props\":{\"image_position\":\"center-center\",\"position_sticky_breakpoint\":\"m\",\"width_medium\":\"5-6\",\"width_small\":\"4-5\"},\"children\":[{\"type\":\"text\",\"props\":{\"column_breakpoint\":\"m\",\"content\":\"<span class=\\\"uk-text-primary\\\">Med v\\u00e5r djupa branschkunskap och avancerade analyser av b\\u00e5de interna och externa data, hj\\u00e4lper vi dig att f\\u00f6rst\\u00e5 hur du ligger till i f\\u00f6rh\\u00e5llande till konkurrenter och branschstandarder. Genom att identifiera styrkor och utvecklingsm\\u00f6jligheter,<\\\/span> ger vi dig de insikter du beh\\u00f6ver f\\u00f6r att effektivisera processer, optimera resurser och f\\u00f6rb\\u00e4ttra kundupplevelsen. Med v\\u00e5r expertis inom benchmarking kan du snabbt och enkelt identifiera f\\u00f6rb\\u00e4ttringsomr\\u00e5den och s\\u00e4tta strategiska \\u00e5tg\\u00e4rder f\\u00f6r att uppn\\u00e5 dina aff\\u00e4rsm\\u00e5l. Ta kontakt med oss idag f\\u00f6r att uppt\\u00e4cka hur vi kan st\\u00f6dja din resa mot h\\u00f6gre prestation och konkurrensf\\u00f6rdelar!\",\"margin\":\"default\",\"text_style\":\"large\"}},{\"type\":\"button\",\"props\":{\"grid_column_gap\":\"small\",\"grid_row_gap\":\"small\",\"margin\":\"medium\"},\"children\":[{\"type\":\"button_item\",\"props\":{\"button_style\":\"primary\",\"content\":\"Kontakt\",\"dialog_layout\":\"modal\",\"dialog_offcanvas_flip\":true,\"icon_align\":\"left\",\"link\":\"index.php\\\/kontakt\\\/\"}}]}]},{\"type\":\"column\",\"props\":{\"image_position\":\"center-center\",\"position_sticky_breakpoint\":\"m\",\"width_medium\":\"1-6\",\"width_small\":\"1-5\"}}]}]},{\"type\":\"section\",\"props\":{\"animation\":\"slide-bottom-small\",\"animation_delay\":\"100\",\"image_position\":\"center-center\",\"style\":\"default\",\"title_breakpoint\":\"xl\",\"title_position\":\"top-left\",\"title_rotation\":\"left\",\"vertical_align\":\"middle\",\"width\":\"large\"},\"children\":[{\"type\":\"row\",\"children\":[{\"type\":\"column\",\"props\":{\"class\":\"wg-card-default\",\"image_position\":\"center-center\",\"padding\":\"large\",\"position_sticky_breakpoint\":\"m\",\"style\":\"card-default\"},\"children\":[{\"type\":\"fragment\",\"props\":{\"margin\":\"default\"},\"children\":[{\"type\":\"row\",\"props\":{\"layout\":\"1-2,1-2\"},\"children\":[{\"type\":\"column\",\"props\":{\"image_position\":\"center-center\",\"position_sticky_breakpoint\":\"m\",\"width_medium\":\"1-2\"},\"children\":[{\"type\":\"image\",\"props\":{\"image\":\"wp-content\\\/uploads\\\/2025\\\/02\\\/img_hand.png\",\"image_border\":\"rounded\",\"image_svg_color\":\"emphasis\",\"image_width\":540,\"margin\":\"default\",\"text_align\":\"left\",\"text_align_breakpoint\":\"s\",\"text_align_fallback\":\"center\"}}]},{\"type\":\"column\",\"props\":{\"image_position\":\"center-center\",\"position_sticky_breakpoint\":\"m\",\"width_medium\":\"1-2\"},\"children\":[{\"type\":\"headline\",\"props\":{\"content\":\"Attitudes Impact Business\",\"margin\":\"default\",\"margin_remove_top\":false,\"title_element\":\"h2\"}},{\"type\":\"text\",\"props\":{\"class\":\"wg-p-text-color\",\"column_breakpoint\":\"m\",\"content\":\"\n\n<p>En faktabaserad kunskap om f\\u00f6rh\\u00e5llandet mellan handelsakt\\u00f6r och leverant\\u00f6r \\u00e4r en viktig f\\u00f6ruts\\u00e4ttning f\\u00f6r att uppr\\u00e4tth\\u00e5lla och ut\\u00f6ka samarbetet effektivt. Relationer pr\\u00e4glas av uppfattningar och attityder - och det \\u00e4r n\\u00f6dv\\u00e4ndigt att k\\u00e4nna till uppfattningarna f\\u00f6r att kunna f\\u00f6r\\u00e4ndra dem i \\u00f6nskad riktning.<\\\/p>\\n\n\n<p>Att l\\u00e4sa av ett f\\u00f6rs\\u00e4ljningsutfall i verksamheten ger bara svar p\\u00e5 vad som h\\u00e4nt \\u2013 men inte varf\\u00f6r det h\\u00e4nt. Med v\\u00e5r modell f\\u00f6r kundbenchmarking f\\u00e5r varje akt\\u00f6r sina unika svar p\\u00e5 de bakomliggande f\\u00f6rklaringsfaktorerna i deras samarbete med handeln\\\/leverant\\u00f6rerna.<\\\/p>\\n\n\n<p>Genom att besvara unders\\u00f6kningarna - fritt och fullst\\u00e4ndigt - ger man sina samarbetsakt\\u00f6rer en feedback som g\\u00f6r att de kan forts\\u00e4tta med r\\u00e4tt satsningar, och samtidigt \\u00e5tg\\u00e4rda de brister som kan finnas i samarbetet.<\\\/p>\\n\n\n<p>Det kommer alla att vinna p\\u00e5. Och de \\u00f6msesidiga utv\\u00e4rderingarna ger motsvarande feedback tillbaka<\\\/p>\",\"margin\":\"medium\"}}]}]}]}]}]}],\"name\":\"Attitude\"},{\"type\":\"section\",\"props\":{\"animation\":\"slide-right-medium\",\"animation_delay\":\"100\",\"image_position\":\"center-center\",\"style\":\"default\",\"title_breakpoint\":\"xl\",\"title_position\":\"top-left\",\"title_rotation\":\"left\",\"vertical_align\":\"middle\",\"width\":\"large\"},\"children\":[{\"type\":\"row\",\"props\":{\"layout\":\"1-2,1-2\"},\"children\":[{\"type\":\"column\",\"props\":{\"image_position\":\"center-center\",\"position_sticky_breakpoint\":\"m\",\"width_medium\":\"1-2\"},\"children\":[{\"type\":\"headline\",\"props\":{\"content\":\"Integritet och hantering<br\\\/> av information\",\"title_element\":\"h2\"}},{\"type\":\"button\",\"props\":{\"grid_column_gap\":\"small\",\"grid_row_gap\":\"small\",\"margin\":\"medium\"},\"children\":[{\"type\":\"button_item\",\"props\":{\"button_style\":\"primary\",\"content\":\"Kontakt\",\"dialog_layout\":\"modal\",\"dialog_offcanvas_flip\":true,\"icon_align\":\"left\",\"link\":\"index.php\\\/kontakt\\\/\"}}]}]},{\"type\":\"column\",\"props\":{\"image_position\":\"center-center\",\"position_sticky_breakpoint\":\"m\",\"width_medium\":\"1-2\"},\"children\":[{\"type\":\"text\",\"props\":{\"column_breakpoint\":\"m\",\"content\":\"\n\n<p><span class=\\\"uk-text-primary\\\">Att verka som en oberoende akt\\u00f6r mellan handels- och leverant\\u00f6rsled \\u00e4r ett<\\\/span> uppdrag som f\\u00f6rpliktar.<\\\/p>\\n\n\n<p>V\\u00e5r omfattande erfarenhet och \\u00f6verblick ger unik m\\u00f6jlighet att r\\u00e5dgiva olika akt\\u00f6rer kring resultaten i utv\\u00e4rderingarna. Samtidigt tummar vi aldrig p\\u00e5 v\\u00e5r integritet kring den enskilda akt\\u00f6rens resultat och situation. Alla svar behandlas strikt anonymt och konfidentiellt. Ingen enskild person eller f\\u00f6retag kan identifieras eller knytas till de svar som man l\\u00e4mnat.<\\\/p>\",\"margin\":\"default\",\"text_style\":\"large\"}}]}]}]}],\"version\":\"4.5.6\"} --><\/p>\n","protected":false},"excerpt":{"rendered":"<p>Ledande inom \u201dCustomer Benchmarking\u201d i Norden Gradient Benchmark \u00e4r ledande inom \u201dcustomer benchmarking\u201d i Norden och hj\u00e4lper ditt f\u00f6retag att s\u00e4kerst\u00e4lla n\u00f6jda kunder och d\u00e4rifr\u00e5n \u00f6ka engagemanget i era aff\u00e4rsrelationer och utveckla b\u00e4ttre och starkare samarbeten genom data, insikter och \u00e5tg\u00e4rdsplanering. Kontakt Med v\u00e5r djupa branschkunskap och avancerade analyser av b\u00e5de interna och externa data, [&hellip;]<\/p>\n","protected":false},"author":1,"featured_media":0,"parent":0,"menu_order":0,"comment_status":"closed","ping_status":"open","template":"","meta":{"footnotes":""},"class_list":["post-2","page","type-page","status-publish","hentry"],"_links":{"self":[{"href":"https:\/\/gradient-benchmark.com\/sv\/wp-json\/wp\/v2\/pages\/2","targetHints":{"allow":["GET"]}}],"collection":[{"href":"https:\/\/gradient-benchmark.com\/sv\/wp-json\/wp\/v2\/pages"}],"about":[{"href":"https:\/\/gradient-benchmark.com\/sv\/wp-json\/wp\/v2\/types\/page"}],"author":[{"embeddable":true,"href":"https:\/\/gradient-benchmark.com\/sv\/wp-json\/wp\/v2\/users\/1"}],"replies":[{"embeddable":true,"href":"https:\/\/gradient-benchmark.com\/sv\/wp-json\/wp\/v2\/comments?post=2"}],"version-history":[{"count":149,"href":"https:\/\/gradient-benchmark.com\/sv\/wp-json\/wp\/v2\/pages\/2\/revisions"}],"predecessor-version":[{"id":769,"href":"https:\/\/gradient-benchmark.com\/sv\/wp-json\/wp\/v2\/pages\/2\/revisions\/769"}],"wp:attachment":[{"href":"https:\/\/gradient-benchmark.com\/sv\/wp-json\/wp\/v2\/media?parent=2"}],"curies":[{"name":"wp","href":"https:\/\/api.w.org\/{rel}","templated":true}]}}