{"id":20,"date":"2025-02-21T18:56:22","date_gmt":"2025-02-21T17:56:22","guid":{"rendered":"https:\/\/gradient.webgiantdemo.se\/?page_id=20"},"modified":"2025-02-27T20:48:02","modified_gmt":"2025-02-27T19:48:02","slug":"dagligvaruhandel","status":"publish","type":"page","link":"https:\/\/gradient-benchmark.com\/sv\/dagligvaruhandel\/","title":{"rendered":"Dagligvaruhandel"},"content":{"rendered":"<h1>Dagligvaruhandel<\/h1>\n<h2>Se mer om v\u00e5ra tj\u00e4nster inom olika marknadsomr\u00e5den<\/h2>\n<ul>\n<li>\n        <a href=\"\/Dagligvaruhandel\">Dagligvaruhandel<\/a>\n    <\/li>\n<li>\n        <a href=\"\/Servicehandel\">Servicehandel<\/a>\n    <\/li>\n<li>\n        <a href=\"\/restaurang-storhushall\">Restaurang &#038; Storhush\u00e5ll<\/a>\n    <\/li>\n<li>\n        <a href=\"\/Fackhandel\">Fackhandel<\/a>\n    <\/li>\n<\/ul>\n<div>\n<p>Dagligvaruhandel \u00e4r en stor och central handelssektor med tuff konkurrens och komplexa samarbeten. Sektorn pr\u00e4glas av ett f\u00e5tal st\u00f6rre matkedjor, och en stor m\u00e4ngd leverant\u00f6rer inom ett stort antal varuomr\u00e5den.<\/p>\n<p>Dagligvaruhandelssektorn \u00e4r dynamisk med breda produktsortiment, h\u00f6gt utvecklad s\u00e4lj och marknadsbearbetning, komplexa logistikl\u00f6sningar och ett starkt fokus p\u00e5 konsumentens behov kring t ex priss\u00e4ttning och produktutveckling.<\/p>\n<p>Genom v\u00e5r unika och v\u00e4letablerade modell f\u00f6r kundbenchmarking hj\u00e4lper vi leverant\u00f6rer och handelsakt\u00f6rer att &#8211; trots den komplexa marknadsbilden &#8211; f\u00e5 en tydlig f\u00f6rst\u00e5else f\u00f6r varandras behov och prioriteringar, och hur den egna verksamheten utv\u00e4rderas i f\u00f6rh\u00e5llande till dessa &#8211; p\u00e5 ett s\u00e4tt som \u00e4r konkret och direkt till\u00e4mpbart f\u00f6r den enskilda akt\u00f6ren.<\/p>\n<p>V\u00e5ra olika utv\u00e4rderingar t\u00e4cker relationen mellan leverant\u00f6rerna samt kedjorna, butikerna, logistikorganisationerna och s\u00e4ljorganisationerna.<\/p>\n<p>Kontakta oss g\u00e4rna f\u00f6r mer detaljerad information om v\u00e5ra unders\u00f6kningar f\u00f6r dagligvaruhandeln.<\/p>\n<\/div>\n<p><img decoding=\"async\" src=\"\/wp-content\/uploads\/yJl7OB3sSpOdEIpHhZhd_DSC_1929_1.jpg-scaled.jpg\" alt=\"\"><\/p>\n<p><!--more--><br \/>\n<!-- {\"type\":\"layout\",\"children\":[{\"type\":\"section\",\"props\":{\"animation\":\"slide-bottom-small\",\"animation_delay\":\"100\",\"image_position\":\"center-center\",\"style\":\"default\",\"title_breakpoint\":\"xl\",\"title_position\":\"top-left\",\"title_rotation\":\"left\",\"vertical_align\":\"middle\",\"width\":\"large\"},\"children\":[{\"type\":\"row\",\"children\":[{\"type\":\"column\",\"props\":{\"class\":\"wg-card-default\",\"css\":\".el-column .uk-card{\\n\\tpadding-bottom: 0;\\n}\",\"image_position\":\"center-center\",\"position_sticky_breakpoint\":\"m\",\"style\":\"card-default\"},\"children\":[{\"type\":\"headline\",\"props\":{\"content\":\"Dagligvaruhandel\",\"title_element\":\"h1\"}},{\"type\":\"headline\",\"props\":{\"content\":\"Se mer om v\\u00e5ra tj\\u00e4nster inom olika marknadsomr\\u00e5den\",\"title_element\":\"h2\",\"title_style\":\"h3\"}},{\"name\":\"Subnav Style Pill\",\"type\":\"subnav\",\"children\":[{\"type\":\"subnav_item\",\"props\":{\"active\":true,\"content\":\"Dagligvaruhandel\",\"link\":\"\\\/Dagligvaruhandel\"}},{\"type\":\"subnav_item\",\"props\":{\"content\":\"Servicehandel\",\"link\":\"\\\/Servicehandel\"}},{\"type\":\"subnav_item\",\"props\":{\"content\":\"Restaurang & Storhush\\u00e5ll\",\"link\":\"\\\/restaurang-storhushall\"}},{\"type\":\"subnav_item\",\"props\":{\"content\":\"Fackhandel\",\"link\":\"\\\/Fackhandel\"}}],\"props\":{\"margin\":\"default\",\"subnav_style\":\"pill\"}},{\"type\":\"text\",\"props\":{\"column_breakpoint\":\"m\",\"content\":\"\n\n<p>Dagligvaruhandel \\u00e4r en stor och central handelssektor med tuff konkurrens och komplexa samarbeten. Sektorn pr\\u00e4glas av ett f\\u00e5tal st\\u00f6rre matkedjor, och en stor m\\u00e4ngd leverant\\u00f6rer inom ett stort antal varuomr\\u00e5den.<\\\/p>\\n\n\n<p>Dagligvaruhandelssektorn \\u00e4r dynamisk med breda produktsortiment, h\\u00f6gt utvecklad s\\u00e4lj och marknadsbearbetning, komplexa logistikl\\u00f6sningar och ett starkt fokus p\\u00e5 konsumentens behov kring t ex priss\\u00e4ttning och produktutveckling.<\\\/p>\\n\n\n<p>Genom v\\u00e5r unika och v\\u00e4letablerade modell f\\u00f6r kundbenchmarking hj\\u00e4lper vi leverant\\u00f6rer och handelsakt\\u00f6rer att - trots den komplexa marknadsbilden - f\\u00e5 en tydlig f\\u00f6rst\\u00e5else f\\u00f6r varandras behov och prioriteringar, och hur den egna verksamheten utv\\u00e4rderas i f\\u00f6rh\\u00e5llande till dessa - p\\u00e5 ett s\\u00e4tt som \\u00e4r konkret och direkt till\\u00e4mpbart f\\u00f6r den enskilda akt\\u00f6ren.<\\\/p>\\n\n\n<p>V\\u00e5ra olika utv\\u00e4rderingar t\\u00e4cker relationen mellan leverant\\u00f6rerna samt kedjorna, butikerna, logistikorganisationerna och s\\u00e4ljorganisationerna.<\\\/p>\\n\n\n<p>Kontakta oss g\\u00e4rna f\\u00f6r mer detaljerad information om v\\u00e5ra unders\\u00f6kningar f\\u00f6r dagligvaruhandeln.<\\\/p>\",\"margin\":\"default\",\"text_color\":\"emphasis\"}},{\"type\":\"image\",\"props\":{\"css\":\".el-element img{\\n\\tborder-radius: 0 40px 0 0;\\n}\\n\",\"image\":\"wp-content\\\/uploads\\\/yJl7OB3sSpOdEIpHhZhd_DSC_1929_1.jpg-scaled.jpg\",\"image_border\":\"rounded\",\"image_height\":800,\"image_svg_color\":\"emphasis\",\"image_width\":1920,\"margin\":\"default\"}}]}]}]}],\"version\":\"4.5.6\"} --><\/p>\n","protected":false},"excerpt":{"rendered":"<p>Dagligvaruhandel Se mer om v\u00e5ra tj\u00e4nster inom olika marknadsomr\u00e5den Dagligvaruhandel Servicehandel Restaurang &#038; Storhush\u00e5ll Fackhandel Dagligvaruhandel \u00e4r en stor och central handelssektor med tuff konkurrens och komplexa samarbeten. Sektorn pr\u00e4glas av ett f\u00e5tal st\u00f6rre matkedjor, och en stor m\u00e4ngd leverant\u00f6rer inom ett stort antal varuomr\u00e5den. Dagligvaruhandelssektorn \u00e4r dynamisk med breda produktsortiment, h\u00f6gt utvecklad s\u00e4lj och [&hellip;]<\/p>\n","protected":false},"author":1,"featured_media":0,"parent":0,"menu_order":0,"comment_status":"closed","ping_status":"closed","template":"","meta":{"footnotes":""},"class_list":["post-20","page","type-page","status-publish","hentry"],"_links":{"self":[{"href":"https:\/\/gradient-benchmark.com\/sv\/wp-json\/wp\/v2\/pages\/20","targetHints":{"allow":["GET"]}}],"collection":[{"href":"https:\/\/gradient-benchmark.com\/sv\/wp-json\/wp\/v2\/pages"}],"about":[{"href":"https:\/\/gradient-benchmark.com\/sv\/wp-json\/wp\/v2\/types\/page"}],"author":[{"embeddable":true,"href":"https:\/\/gradient-benchmark.com\/sv\/wp-json\/wp\/v2\/users\/1"}],"replies":[{"embeddable":true,"href":"https:\/\/gradient-benchmark.com\/sv\/wp-json\/wp\/v2\/comments?post=20"}],"version-history":[{"count":6,"href":"https:\/\/gradient-benchmark.com\/sv\/wp-json\/wp\/v2\/pages\/20\/revisions"}],"predecessor-version":[{"id":529,"href":"https:\/\/gradient-benchmark.com\/sv\/wp-json\/wp\/v2\/pages\/20\/revisions\/529"}],"wp:attachment":[{"href":"https:\/\/gradient-benchmark.com\/sv\/wp-json\/wp\/v2\/media?parent=20"}],"curies":[{"name":"wp","href":"https:\/\/api.w.org\/{rel}","templated":true}]}}