{"id":22,"date":"2025-02-21T18:56:31","date_gmt":"2025-02-21T17:56:31","guid":{"rendered":"https:\/\/gradient.webgiantdemo.se\/?page_id=22"},"modified":"2025-02-27T20:51:37","modified_gmt":"2025-02-27T19:51:37","slug":"servicehandel","status":"publish","type":"page","link":"https:\/\/gradient-benchmark.com\/sv\/servicehandel\/","title":{"rendered":"Servicehandel"},"content":{"rendered":"<h1>Servicehandel<\/h1>\n<h2>Se mer om v\u00e5ra tj\u00e4nster inom olika marknadsomr\u00e5den<\/h2>\n<ul>\n<li>\n        <a href=\"\/Dagligvaruhandel\">Dagligvaruhandel<\/a>\n    <\/li>\n<li>\n        <a href=\"\/Servicehandel\">Servicehandel<\/a>\n    <\/li>\n<li>\n        <a href=\"\/restaurang-storhushall\">Restaurang &#038; Storhush\u00e5ll<\/a>\n    <\/li>\n<li>\n        <a href=\"\/Fackhandel\">Fackhandel<\/a>\n    <\/li>\n<\/ul>\n<div>\n<p>Medan dagligvaruhandeln best\u00e5r av n\u00e5gra f\u00e5 stora matkedjor, har servicehandeln en mer varierad struktur d\u00e4r m\u00e5nga olika sorters akt\u00f6rer &#8211; kedjor, s\u00e5v\u00e4l som frist\u00e5ende butiker och kiosker &#8211; ing\u00e5r.<\/p>\n<p>Trots omfattande kedjefiering av sektorn bedrivs servicehandel fortfarande i stor utstr\u00e4ckning av frist\u00e5ende handlare, och har andra f\u00f6ruts\u00e4ttningar bland annat f\u00f6r sortiment, pris och lagerh\u00e5llning j\u00e4mf\u00f6rt med dagligvaruhandeln.<\/p>\n<p>D\u00e4rmed \u00e4r det viktigt att leverant\u00f6rer ges m\u00f6jlighet att f\u00e5 opartisk och kvalitativ information om b\u00e5de de enskilda servicehandlarnas, kedjornas och grossisternas behov och attityder gentemot leverant\u00f6rer.<\/p>\n<p>V\u00e5ra olika utv\u00e4rderingar t\u00e4cker relationen mellan leverant\u00f6rerna samt butikerna, kedjorna, servicehandelsgrossisterna och s\u00e4ljorganisationerna.<\/p>\n<p>Kontakta oss g\u00e4rna f\u00f6r mer detaljerad information om v\u00e5ra unders\u00f6kningar f\u00f6r servicehandeln.<\/p>\n<\/div>\n<p><img decoding=\"async\" src=\"\/wp-content\/uploads\/photo-1517048676732-d65bc937f952-scaled.jpg\" alt=\"\"><\/p>\n<p><!--more--><br \/>\n<!-- {\"type\":\"layout\",\"children\":[{\"type\":\"section\",\"props\":{\"animation\":\"slide-bottom-small\",\"animation_delay\":\"100\",\"image_position\":\"center-center\",\"style\":\"default\",\"title_breakpoint\":\"xl\",\"title_position\":\"top-left\",\"title_rotation\":\"left\",\"vertical_align\":\"middle\",\"width\":\"large\"},\"children\":[{\"type\":\"row\",\"children\":[{\"type\":\"column\",\"props\":{\"class\":\"wg-card-default\",\"css\":\".el-column .uk-card{\\n\\tpadding-bottom: 0;\\n}\",\"image_position\":\"center-center\",\"position_sticky_breakpoint\":\"m\",\"style\":\"card-default\"},\"children\":[{\"type\":\"headline\",\"props\":{\"content\":\"Servicehandel\",\"title_element\":\"h1\"}},{\"type\":\"headline\",\"props\":{\"content\":\"Se mer om v\\u00e5ra tj\\u00e4nster inom olika marknadsomr\\u00e5den\",\"title_element\":\"h2\",\"title_style\":\"h3\"}},{\"name\":\"Subnav Style Pill\",\"type\":\"subnav\",\"children\":[{\"type\":\"subnav_item\",\"props\":{\"active\":false,\"content\":\"Dagligvaruhandel\",\"link\":\"\\\/Dagligvaruhandel\"}},{\"type\":\"subnav_item\",\"props\":{\"active\":true,\"content\":\"Servicehandel\",\"link\":\"\\\/Servicehandel\"}},{\"type\":\"subnav_item\",\"props\":{\"content\":\"Restaurang & Storhush\\u00e5ll\",\"link\":\"\\\/restaurang-storhushall\"}},{\"type\":\"subnav_item\",\"props\":{\"content\":\"Fackhandel\",\"link\":\"\\\/Fackhandel\"}}],\"props\":{\"margin\":\"default\",\"subnav_style\":\"pill\"}},{\"type\":\"text\",\"props\":{\"column_breakpoint\":\"m\",\"content\":\"\n\n<p>Medan dagligvaruhandeln best\\u00e5r av n\\u00e5gra f\\u00e5 stora matkedjor, har servicehandeln en mer varierad struktur d\\u00e4r m\\u00e5nga olika sorters akt\\u00f6rer - kedjor, s\\u00e5v\\u00e4l som frist\\u00e5ende butiker och kiosker - ing\\u00e5r.<\\\/p>\\n\n\n<p>Trots omfattande kedjefiering av sektorn bedrivs servicehandel fortfarande i stor utstr\\u00e4ckning av frist\\u00e5ende handlare, och har andra f\\u00f6ruts\\u00e4ttningar bland annat f\\u00f6r sortiment, pris och lagerh\\u00e5llning j\\u00e4mf\\u00f6rt med dagligvaruhandeln.<\\\/p>\\n\n\n<p>D\\u00e4rmed \\u00e4r det viktigt att leverant\\u00f6rer ges m\\u00f6jlighet att f\\u00e5 opartisk och kvalitativ information om b\\u00e5de de enskilda servicehandlarnas, kedjornas och grossisternas behov och attityder gentemot leverant\\u00f6rer.<\\\/p>\\n\n\n<p>V\\u00e5ra olika utv\\u00e4rderingar t\\u00e4cker relationen mellan leverant\\u00f6rerna samt butikerna, kedjorna, servicehandelsgrossisterna och s\\u00e4ljorganisationerna.<\\\/p>\\n\n\n<p>Kontakta oss g\\u00e4rna f\\u00f6r mer detaljerad information om v\\u00e5ra unders\\u00f6kningar f\\u00f6r servicehandeln.<\\\/p>\",\"margin\":\"default\",\"text_color\":\"emphasis\"}},{\"type\":\"image\",\"props\":{\"css\":\".el-element img{\\n\\tborder-radius: 0 40px 0 0;\\n}\\n\",\"image\":\"wp-content\\\/uploads\\\/photo-1517048676732-d65bc937f952-scaled.jpg\",\"image_border\":\"rounded\",\"image_height\":800,\"image_svg_color\":\"emphasis\",\"image_width\":1920,\"margin\":\"default\"}}]}]}]}],\"version\":\"4.5.6\"} --><\/p>\n","protected":false},"excerpt":{"rendered":"<p>Servicehandel Se mer om v\u00e5ra tj\u00e4nster inom olika marknadsomr\u00e5den Dagligvaruhandel Servicehandel Restaurang &#038; Storhush\u00e5ll Fackhandel Medan dagligvaruhandeln best\u00e5r av n\u00e5gra f\u00e5 stora matkedjor, har servicehandeln en mer varierad struktur d\u00e4r m\u00e5nga olika sorters akt\u00f6rer &#8211; kedjor, s\u00e5v\u00e4l som frist\u00e5ende butiker och kiosker &#8211; ing\u00e5r. Trots omfattande kedjefiering av sektorn bedrivs servicehandel fortfarande i stor utstr\u00e4ckning [&hellip;]<\/p>\n","protected":false},"author":1,"featured_media":0,"parent":0,"menu_order":0,"comment_status":"closed","ping_status":"closed","template":"","meta":{"footnotes":""},"class_list":["post-22","page","type-page","status-publish","hentry"],"_links":{"self":[{"href":"https:\/\/gradient-benchmark.com\/sv\/wp-json\/wp\/v2\/pages\/22","targetHints":{"allow":["GET"]}}],"collection":[{"href":"https:\/\/gradient-benchmark.com\/sv\/wp-json\/wp\/v2\/pages"}],"about":[{"href":"https:\/\/gradient-benchmark.com\/sv\/wp-json\/wp\/v2\/types\/page"}],"author":[{"embeddable":true,"href":"https:\/\/gradient-benchmark.com\/sv\/wp-json\/wp\/v2\/users\/1"}],"replies":[{"embeddable":true,"href":"https:\/\/gradient-benchmark.com\/sv\/wp-json\/wp\/v2\/comments?post=22"}],"version-history":[{"count":7,"href":"https:\/\/gradient-benchmark.com\/sv\/wp-json\/wp\/v2\/pages\/22\/revisions"}],"predecessor-version":[{"id":559,"href":"https:\/\/gradient-benchmark.com\/sv\/wp-json\/wp\/v2\/pages\/22\/revisions\/559"}],"wp:attachment":[{"href":"https:\/\/gradient-benchmark.com\/sv\/wp-json\/wp\/v2\/media?parent=22"}],"curies":[{"name":"wp","href":"https:\/\/api.w.org\/{rel}","templated":true}]}}