{"id":24,"date":"2025-02-21T18:56:49","date_gmt":"2025-02-21T17:56:49","guid":{"rendered":"https:\/\/gradient.webgiantdemo.se\/?page_id=24"},"modified":"2025-02-27T20:51:09","modified_gmt":"2025-02-27T19:51:09","slug":"restaurang-storhushall","status":"publish","type":"page","link":"https:\/\/gradient-benchmark.com\/sv\/restaurang-storhushall\/","title":{"rendered":"Restaurang &amp; Storhush\u00e5ll"},"content":{"rendered":"<h1>Restaurang &amp; Storhush\u00e5ll<\/h1>\n<h2>Se mer om v\u00e5ra tj\u00e4nster inom olika marknadsomr\u00e5den<\/h2>\n<ul>\n<li>\n        <a href=\"\/Dagligvaruhandel\">Dagligvaruhandel<\/a>\n    <\/li>\n<li>\n        <a href=\"\/Servicehandel\">Servicehandel<\/a>\n    <\/li>\n<li>\n        <a href=\"\/restaurang-storhushall\">Restaurang &#038; Storhush\u00e5ll<\/a>\n    <\/li>\n<li>\n        <a href=\"\/Fackhandel\">Fackhandel<\/a>\n    <\/li>\n<\/ul>\n<div>\n<p>Kundernas behov och prioriteringar skiljer sig markant inom restaurang &amp; storhush\u00e5llssektor j\u00e4mf\u00f6rt med dagligvaruhandeln. Offentlig sektor &#8211; kommuner och landsting &#8211; har ett stort inflytande och st\u00e4ller specifika krav p\u00e5 produkter och tj\u00e4nster. Restauranger efterfr\u00e5gar inspiration f\u00f6r sina menyer och beh\u00f6ver st\u00f6d i ber\u00e4kning av l\u00f6nsamhet av en viss r\u00e4tt eller meny.<\/p>\n<p>Vi hj\u00e4lper leverant\u00f6rer, restauranggrossister, restaurangkedjor samt kommuner och landsting att f\u00e5 en b\u00e4ttre f\u00f6rst\u00e5else f\u00f6r varandras specifika behov och prioriteringar, p\u00e5 ett s\u00e4tt som \u00e4r konkret och direkt till\u00e4mpbart f\u00f6r den enskilda akt\u00f6ren.<\/p>\n<p>V\u00e5ra olika utv\u00e4rderingar t\u00e4cker relationen mellan leverant\u00f6rerna samt restauranggrossisterna, restaurangkedjorna, kost- och anbudsansvariga inom kommun och landsting, samt de enskilda restaurangenheterna och barerna i marknaden.<\/p>\n<p>Kontakta oss g\u00e4rna f\u00f6r mer detaljerad information om v\u00e5ra unders\u00f6kningar f\u00f6r restaurang &amp; storhush\u00e5ll.<\/p>\n<\/div>\n<p><img decoding=\"async\" src=\"\/wp-content\/uploads\/photo-1556741533-974f8e62a92d-scaled.jpg\" alt=\"\"><\/p>\n<p><!--more--><br \/>\n<!-- {\"type\":\"layout\",\"children\":[{\"type\":\"section\",\"props\":{\"animation\":\"slide-bottom-small\",\"animation_delay\":\"100\",\"image_position\":\"center-center\",\"style\":\"default\",\"title_breakpoint\":\"xl\",\"title_position\":\"top-left\",\"title_rotation\":\"left\",\"vertical_align\":\"middle\",\"width\":\"large\"},\"children\":[{\"type\":\"row\",\"children\":[{\"type\":\"column\",\"props\":{\"class\":\"wg-card-default\",\"css\":\".el-column .uk-card{\\n\\tpadding-bottom: 0;\\n}\",\"image_position\":\"center-center\",\"position_sticky_breakpoint\":\"m\",\"style\":\"card-default\"},\"children\":[{\"type\":\"headline\",\"props\":{\"content\":\"Restaurang &amp; Storhush\\u00e5ll\",\"title_element\":\"h1\"}},{\"type\":\"headline\",\"props\":{\"content\":\"Se mer om v\\u00e5ra tj\\u00e4nster inom olika marknadsomr\\u00e5den\",\"title_element\":\"h2\",\"title_style\":\"h3\"}},{\"name\":\"Subnav Style Pill\",\"type\":\"subnav\",\"children\":[{\"type\":\"subnav_item\",\"props\":{\"active\":false,\"content\":\"Dagligvaruhandel\",\"link\":\"\\\/Dagligvaruhandel\"}},{\"type\":\"subnav_item\",\"props\":{\"content\":\"Servicehandel\",\"link\":\"\\\/Servicehandel\"}},{\"type\":\"subnav_item\",\"props\":{\"active\":true,\"content\":\"Restaurang & Storhush\\u00e5ll\",\"link\":\"\\\/restaurang-storhushall\"}},{\"type\":\"subnav_item\",\"props\":{\"content\":\"Fackhandel\",\"link\":\"\\\/Fackhandel\"}}],\"props\":{\"margin\":\"default\",\"subnav_style\":\"pill\"}},{\"type\":\"text\",\"props\":{\"column_breakpoint\":\"m\",\"content\":\"\n\n<p>Kundernas behov och prioriteringar skiljer sig markant inom restaurang &amp; storhush\\u00e5llssektor j\\u00e4mf\\u00f6rt med dagligvaruhandeln. Offentlig sektor - kommuner och landsting - har ett stort inflytande och st\\u00e4ller specifika krav p\\u00e5 produkter och tj\\u00e4nster. Restauranger efterfr\\u00e5gar inspiration f\\u00f6r sina menyer och beh\\u00f6ver st\\u00f6d i ber\\u00e4kning av l\\u00f6nsamhet av en viss r\\u00e4tt eller meny.<\\\/p>\\n\n\n<p>Vi hj\\u00e4lper leverant\\u00f6rer, restauranggrossister, restaurangkedjor samt kommuner och landsting att f\\u00e5 en b\\u00e4ttre f\\u00f6rst\\u00e5else f\\u00f6r varandras specifika behov och prioriteringar, p\\u00e5 ett s\\u00e4tt som \\u00e4r konkret och direkt till\\u00e4mpbart f\\u00f6r den enskilda akt\\u00f6ren.<\\\/p>\\n\n\n<p>V\\u00e5ra olika utv\\u00e4rderingar t\\u00e4cker relationen mellan leverant\\u00f6rerna samt restauranggrossisterna, restaurangkedjorna, kost- och anbudsansvariga inom kommun och landsting, samt de enskilda restaurangenheterna och barerna i marknaden.<\\\/p>\\n\n\n<p>Kontakta oss g\\u00e4rna f\\u00f6r mer detaljerad information om v\\u00e5ra unders\\u00f6kningar f\\u00f6r restaurang &amp; storhush\\u00e5ll.<\\\/p>\",\"margin\":\"default\",\"text_color\":\"emphasis\"}},{\"type\":\"image\",\"props\":{\"css\":\".el-element img{\\n\\tborder-radius: 0 40px 0 0;\\n}\\n\",\"image\":\"wp-content\\\/uploads\\\/photo-1556741533-974f8e62a92d-scaled.jpg\",\"image_border\":\"rounded\",\"image_height\":800,\"image_svg_color\":\"emphasis\",\"image_width\":1920,\"margin\":\"default\"}}]}]}]}],\"version\":\"4.5.6\"} --><\/p>\n","protected":false},"excerpt":{"rendered":"<p>Restaurang &amp; Storhush\u00e5ll Se mer om v\u00e5ra tj\u00e4nster inom olika marknadsomr\u00e5den Dagligvaruhandel Servicehandel Restaurang &#038; Storhush\u00e5ll Fackhandel Kundernas behov och prioriteringar skiljer sig markant inom restaurang &amp; storhush\u00e5llssektor j\u00e4mf\u00f6rt med dagligvaruhandeln. Offentlig sektor &#8211; kommuner och landsting &#8211; har ett stort inflytande och st\u00e4ller specifika krav p\u00e5 produkter och tj\u00e4nster. Restauranger efterfr\u00e5gar inspiration f\u00f6r sina [&hellip;]<\/p>\n","protected":false},"author":1,"featured_media":0,"parent":0,"menu_order":0,"comment_status":"closed","ping_status":"closed","template":"","meta":{"footnotes":""},"class_list":["post-24","page","type-page","status-publish","hentry"],"_links":{"self":[{"href":"https:\/\/gradient-benchmark.com\/sv\/wp-json\/wp\/v2\/pages\/24","targetHints":{"allow":["GET"]}}],"collection":[{"href":"https:\/\/gradient-benchmark.com\/sv\/wp-json\/wp\/v2\/pages"}],"about":[{"href":"https:\/\/gradient-benchmark.com\/sv\/wp-json\/wp\/v2\/types\/page"}],"author":[{"embeddable":true,"href":"https:\/\/gradient-benchmark.com\/sv\/wp-json\/wp\/v2\/users\/1"}],"replies":[{"embeddable":true,"href":"https:\/\/gradient-benchmark.com\/sv\/wp-json\/wp\/v2\/comments?post=24"}],"version-history":[{"count":7,"href":"https:\/\/gradient-benchmark.com\/sv\/wp-json\/wp\/v2\/pages\/24\/revisions"}],"predecessor-version":[{"id":553,"href":"https:\/\/gradient-benchmark.com\/sv\/wp-json\/wp\/v2\/pages\/24\/revisions\/553"}],"wp:attachment":[{"href":"https:\/\/gradient-benchmark.com\/sv\/wp-json\/wp\/v2\/media?parent=24"}],"curies":[{"name":"wp","href":"https:\/\/api.w.org\/{rel}","templated":true}]}}