{"id":26,"date":"2025-02-21T18:56:59","date_gmt":"2025-02-21T17:56:59","guid":{"rendered":"https:\/\/gradient.webgiantdemo.se\/?page_id=26"},"modified":"2025-02-27T20:48:22","modified_gmt":"2025-02-27T19:48:22","slug":"fackhandel","status":"publish","type":"page","link":"https:\/\/gradient-benchmark.com\/sv\/fackhandel\/","title":{"rendered":"Fackhandel"},"content":{"rendered":"<h1>Fackhandel<\/h1>\n<h2>Se mer om v\u00e5ra tj\u00e4nster inom olika marknadsomr\u00e5den<\/h2>\n<ul>\n<li>\n        <a href=\"\/Dagligvaruhandel\">Dagligvaruhandel<\/a>\n    <\/li>\n<li>\n        <a href=\"\/Servicehandel\">Servicehandel<\/a>\n    <\/li>\n<li>\n        <a href=\"\/restaurang-storhushall\">Restaurang &#038; Storhush\u00e5ll<\/a>\n    <\/li>\n<li>\n        <a href=\"\/Fackhandel\">Fackhandel<\/a>\n    <\/li>\n<\/ul>\n<div>\n<p>Fackhandeln best\u00e5r av m\u00e5nga olika varugrupper s\u00e5som konsumentelektronik, kl\u00e4der, sportartiklar, och l\u00e4kemedel. Samarbetsformerna, och hur kedjorna, butikerna och leverant\u00f6rerna kommunicerar med varandra, varierar bland de olika sektorerna.<\/p>\n<p>Vi t\u00e4cker idag bland annat konsumentelektronik, bygg och apotekssektorerna.<\/p>\n<p>Kontakta oss g\u00e4rna f\u00f6r mer detaljerad information om v\u00e5ra unders\u00f6kningar f\u00f6r fackhandeln.<\/p>\n<\/div>\n<p><img decoding=\"async\" src=\"\/wp-content\/uploads\/photo-1491438590914-bc09fcaaf77a-scaled.jpg\" alt=\"\"><\/p>\n<p><!--more--><br \/>\n<!-- {\"type\":\"layout\",\"children\":[{\"type\":\"section\",\"props\":{\"animation\":\"slide-bottom-small\",\"animation_delay\":\"100\",\"image_position\":\"center-center\",\"style\":\"default\",\"title_breakpoint\":\"xl\",\"title_position\":\"top-left\",\"title_rotation\":\"left\",\"vertical_align\":\"middle\",\"width\":\"large\"},\"children\":[{\"type\":\"row\",\"children\":[{\"type\":\"column\",\"props\":{\"class\":\"wg-card-default\",\"css\":\".el-column .uk-card{\\n\\tpadding-bottom: 0;\\n}\",\"image_position\":\"center-center\",\"position_sticky_breakpoint\":\"m\",\"style\":\"card-default\"},\"children\":[{\"type\":\"headline\",\"props\":{\"content\":\"Fackhandel\",\"title_element\":\"h1\"}},{\"type\":\"headline\",\"props\":{\"content\":\"Se mer om v\\u00e5ra tj\\u00e4nster inom olika marknadsomr\\u00e5den\",\"title_element\":\"h2\",\"title_style\":\"h3\"}},{\"name\":\"Subnav Style Pill\",\"type\":\"subnav\",\"children\":[{\"type\":\"subnav_item\",\"props\":{\"active\":false,\"content\":\"Dagligvaruhandel\",\"link\":\"\\\/Dagligvaruhandel\"}},{\"type\":\"subnav_item\",\"props\":{\"content\":\"Servicehandel\",\"link\":\"\\\/Servicehandel\"}},{\"type\":\"subnav_item\",\"props\":{\"content\":\"Restaurang & Storhush\\u00e5ll\",\"link\":\"\\\/restaurang-storhushall\"}},{\"type\":\"subnav_item\",\"props\":{\"active\":true,\"content\":\"Fackhandel\",\"link\":\"\\\/Fackhandel\"}}],\"props\":{\"margin\":\"default\",\"subnav_style\":\"pill\"}},{\"type\":\"text\",\"props\":{\"column_breakpoint\":\"m\",\"content\":\"\n\n<p>Fackhandeln best\\u00e5r av m\\u00e5nga olika varugrupper s\\u00e5som konsumentelektronik, kl\\u00e4der, sportartiklar, och l\\u00e4kemedel. Samarbetsformerna, och hur kedjorna, butikerna och leverant\\u00f6rerna kommunicerar med varandra, varierar bland de olika sektorerna.<\\\/p>\\n\n\n<p>Vi t\\u00e4cker idag bland annat konsumentelektronik, bygg och apotekssektorerna.<\\\/p>\\n\n\n<p>Kontakta oss g\\u00e4rna f\\u00f6r mer detaljerad information om v\\u00e5ra unders\\u00f6kningar f\\u00f6r fackhandeln.<\\\/p>\",\"margin\":\"default\",\"text_color\":\"emphasis\"}},{\"type\":\"image\",\"props\":{\"css\":\".el-element img{\\n\\tborder-radius: 0 40px 0 0;\\n}\\n\",\"image\":\"wp-content\\\/uploads\\\/photo-1491438590914-bc09fcaaf77a-scaled.jpg\",\"image_border\":\"rounded\",\"image_height\":800,\"image_svg_color\":\"emphasis\",\"image_width\":1920,\"margin\":\"default\"}}]}]}]}],\"version\":\"4.5.6\"} --><\/p>\n","protected":false},"excerpt":{"rendered":"<p>Fackhandel Se mer om v\u00e5ra tj\u00e4nster inom olika marknadsomr\u00e5den Dagligvaruhandel Servicehandel Restaurang &#038; Storhush\u00e5ll Fackhandel Fackhandeln best\u00e5r av m\u00e5nga olika varugrupper s\u00e5som konsumentelektronik, kl\u00e4der, sportartiklar, och l\u00e4kemedel. Samarbetsformerna, och hur kedjorna, butikerna och leverant\u00f6rerna kommunicerar med varandra, varierar bland de olika sektorerna. Vi t\u00e4cker idag bland annat konsumentelektronik, bygg och apotekssektorerna. Kontakta oss g\u00e4rna f\u00f6r [&hellip;]<\/p>\n","protected":false},"author":1,"featured_media":0,"parent":0,"menu_order":0,"comment_status":"closed","ping_status":"closed","template":"","meta":{"footnotes":""},"class_list":["post-26","page","type-page","status-publish","hentry"],"_links":{"self":[{"href":"https:\/\/gradient-benchmark.com\/sv\/wp-json\/wp\/v2\/pages\/26","targetHints":{"allow":["GET"]}}],"collection":[{"href":"https:\/\/gradient-benchmark.com\/sv\/wp-json\/wp\/v2\/pages"}],"about":[{"href":"https:\/\/gradient-benchmark.com\/sv\/wp-json\/wp\/v2\/types\/page"}],"author":[{"embeddable":true,"href":"https:\/\/gradient-benchmark.com\/sv\/wp-json\/wp\/v2\/users\/1"}],"replies":[{"embeddable":true,"href":"https:\/\/gradient-benchmark.com\/sv\/wp-json\/wp\/v2\/comments?post=26"}],"version-history":[{"count":7,"href":"https:\/\/gradient-benchmark.com\/sv\/wp-json\/wp\/v2\/pages\/26\/revisions"}],"predecessor-version":[{"id":532,"href":"https:\/\/gradient-benchmark.com\/sv\/wp-json\/wp\/v2\/pages\/26\/revisions\/532"}],"wp:attachment":[{"href":"https:\/\/gradient-benchmark.com\/sv\/wp-json\/wp\/v2\/media?parent=26"}],"curies":[{"name":"wp","href":"https:\/\/api.w.org\/{rel}","templated":true}]}}