{"id":8,"date":"2025-02-21T18:54:58","date_gmt":"2025-02-21T17:54:58","guid":{"rendered":"https:\/\/gradient.webgiantdemo.se\/?page_id=8"},"modified":"2025-08-14T10:00:28","modified_gmt":"2025-08-14T09:00:28","slug":"marknadsomraden","status":"publish","type":"page","link":"https:\/\/gradient-benchmark.com\/sv\/marknadsomraden\/","title":{"rendered":"V\u00e5r expertis"},"content":{"rendered":"<h1>V\u00e5r expertis<\/h1>\n<h2>Se mer om v\u00e5ra tj\u00e4nster inom olika marknadsomr\u00e5den<\/h2>\n<div>\n<p>Gradient Benchmark hj\u00e4lper ditt f\u00f6retag att s\u00e4kerst\u00e4lla n\u00f6jda kunder och d\u00e4rifr\u00e5n \u00f6ka engagemanget i era aff\u00e4rsrelationer och utveckla b\u00e4ttre och starkare samarbeten genom data, insikter och \u00e5tg\u00e4rdsplanering.<\/p>\n<\/p>\n<p>Vi m\u00e4ter attityder \u2013\u00a0 En <strong>inre inst\u00e4llning<\/strong> eller f\u00f6rh\u00e5llningss\u00e4tt till n\u00e5got (t.ex. personer, id\u00e9er, situationer)<\/p>\n<p>P\u00e5verkar <strong>hur vi t\u00e4nker, k\u00e4nner och agerar<\/strong><\/p>\n<p>Best\u00e5r av tre delar:<\/p>\n<ul>\n<li><strong>K\u00e4nsla<\/strong> (affektiv): Vad vi k\u00e4nner<\/li>\n<li><strong>Tanke<\/strong> (kognitiv): Vad vi tror<\/li>\n<li><strong>Handling<\/strong> (beteende): Hur vi agerar<\/li>\n<\/ul>\n<p>Vad \u201dretailers\u201d tycker, k\u00e4nner och t\u00e4nker, och tv\u00e4rtom. \u00a0ger stor insikt i ditt f\u00f6retags effektivitet och position. De bed\u00f6mer dig och dina konkurrenter varje dag.<\/p>\n<p>Vet du vad de v\u00e4rderar som mest betydelsefullt och hur de ser p\u00e5 just er relation och ert samarbete j\u00e4mf\u00f6rt andra?<\/p>\n<\/p>\n<p>Vi \u00e4r verksamma inom m\u00e5nga olika handelssektorer runt om i Norden, s\u00e5 som dagligvaruhandel, servicehandel, restaurang &amp; storhush\u00e5ll, byggmaterialhandeln, hemelektronik, apotekshandeln<\/p>\n<\/div>\n<ul>\n<li>\n        <a href=\"\/Dagligvaruhandel\">Dagligvaruhandel<\/a>\n    <\/li>\n<li>\n        <a href=\"\/Servicehandel\">Servicehandel<\/a>\n    <\/li>\n<li>\n        <a href=\"\/restaurang-storhushall\">Restaurang &#038; Storhush\u00e5ll<\/a>\n    <\/li>\n<li>\n        <a href=\"\/Fackhandel\">Fackhandel<\/a>\n    <\/li>\n<\/ul>\n<p><img decoding=\"async\" src=\"\/wp-content\/uploads\/photo-1517245386807-bb43f82c33c4-scaled.jpg\" alt=\"\"><\/p>\n<p><!--more--><br \/>\n<!-- {\"type\":\"layout\",\"children\":[{\"type\":\"section\",\"props\":{\"animation\":\"slide-top-small\",\"animation_delay\":\"100\",\"image_position\":\"center-center\",\"style\":\"default\",\"title_breakpoint\":\"xl\",\"title_position\":\"top-left\",\"title_rotation\":\"left\",\"vertical_align\":\"middle\",\"width\":\"large\"},\"children\":[{\"type\":\"row\",\"children\":[{\"type\":\"column\",\"props\":{\"class\":\"wg-card-default\",\"css\":\".el-column .uk-card{\\n\\tpadding-bottom: 0;\\n}\",\"image_position\":\"center-center\",\"position_sticky_breakpoint\":\"m\",\"style\":\"card-default\"},\"children\":[{\"type\":\"headline\",\"props\":{\"content\":\"V\\u00e5r expertis\",\"title_element\":\"h1\"}},{\"type\":\"headline\",\"props\":{\"content\":\"Se mer om v\\u00e5ra tj\\u00e4nster inom olika marknadsomr\\u00e5den\",\"title_element\":\"h2\",\"title_style\":\"h3\"}},{\"type\":\"text\",\"props\":{\"column_breakpoint\":\"m\",\"content\":\"\n\n<p>Gradient Benchmark hj\\u00e4lper ditt f\\u00f6retag att s\\u00e4kerst\\u00e4lla n\\u00f6jda kunder och d\\u00e4rifr\\u00e5n \\u00f6ka engagemanget i era aff\\u00e4rsrelationer och utveckla b\\u00e4ttre och starkare samarbeten genom data, insikter och \\u00e5tg\\u00e4rdsplanering.<\\\/p>\\n\n\n<p><\\\/p>\\n\n\n<p>Vi m\\u00e4ter attityder \\u2013\\u00a0 En <strong>inre inst\\u00e4llning<\\\/strong> eller f\\u00f6rh\\u00e5llningss\\u00e4tt till n\\u00e5got (t.ex. personer, id\\u00e9er, situationer)<\\\/p>\\n\n\n<p>P\\u00e5verkar <strong>hur vi t\\u00e4nker, k\\u00e4nner och agerar<\\\/strong><\\\/p>\\n\n\n<p>Best\\u00e5r av tre delar:<\\\/p>\\n\n\n<ul>\\n\n\n<li><strong>K\\u00e4nsla<\\\/strong> (affektiv): Vad vi k\\u00e4nner<\\\/li>\\n\n\n<li><strong>Tanke<\\\/strong> (kognitiv): Vad vi tror<\\\/li>\\n\n\n<li><strong>Handling<\\\/strong> (beteende): Hur vi agerar<\\\/li>\\n<\\\/ul>\\n\n\n<p><\\\/p>\\n\n\n<p>Vad \\u201dretailers\\u201d tycker, k\\u00e4nner och t\\u00e4nker, och tv\\u00e4rtom. \\u00a0ger stor insikt i ditt f\\u00f6retags effektivitet och position. De bed\\u00f6mer dig och dina konkurrenter varje dag.<\\\/p>\\n\n\n<p>Vet du vad de v\\u00e4rderar som mest betydelsefullt och hur de ser p\\u00e5 just er relation och ert samarbete j\\u00e4mf\\u00f6rt andra?<\\\/p>\\n\n\n<p><\\\/p>\\n\n\n<p><\\\/p>\\n\n\n<p>Vi \\u00e4r verksamma inom m\\u00e5nga olika handelssektorer runt om i Norden, s\\u00e5 som dagligvaruhandel, servicehandel, restaurang &amp; storhush\\u00e5ll, byggmaterialhandeln, hemelektronik, apotekshandeln<\\\/p>\",\"margin\":\"default\",\"text_color\":\"emphasis\"}},{\"name\":\"Subnav Style Pill\",\"type\":\"subnav\",\"children\":[{\"type\":\"subnav_item\",\"props\":{\"active\":true,\"content\":\"Dagligvaruhandel\",\"link\":\"\\\/Dagligvaruhandel\"}},{\"type\":\"subnav_item\",\"props\":{\"active\":true,\"content\":\"Servicehandel\",\"link\":\"\\\/Servicehandel\"}},{\"type\":\"subnav_item\",\"props\":{\"active\":true,\"content\":\"Restaurang & Storhush\\u00e5ll\",\"link\":\"\\\/restaurang-storhushall\"}},{\"type\":\"subnav_item\",\"props\":{\"active\":true,\"content\":\"Fackhandel\",\"link\":\"\\\/Fackhandel\"}}],\"props\":{\"margin\":\"default\",\"subnav_style\":\"pill\"}},{\"type\":\"image\",\"props\":{\"css\":\".el-element img{\\n\\tborder-radius: 0 40px 0 0;\\n}\\n\",\"image\":\"wp-content\\\/uploads\\\/photo-1517245386807-bb43f82c33c4-scaled.jpg\",\"image_border\":\"rounded\",\"image_height\":800,\"image_svg_color\":\"emphasis\",\"image_width\":1920,\"margin\":\"default\"}}]}]}]}],\"version\":\"4.5.6\"} --><\/p>\n","protected":false},"excerpt":{"rendered":"<p>V\u00e5r expertis Se mer om v\u00e5ra tj\u00e4nster inom olika marknadsomr\u00e5den Gradient Benchmark hj\u00e4lper ditt f\u00f6retag att s\u00e4kerst\u00e4lla n\u00f6jda kunder och d\u00e4rifr\u00e5n \u00f6ka engagemanget i era aff\u00e4rsrelationer och utveckla b\u00e4ttre och starkare samarbeten genom data, insikter och \u00e5tg\u00e4rdsplanering. Vi m\u00e4ter attityder \u2013\u00a0 En inre inst\u00e4llning eller f\u00f6rh\u00e5llningss\u00e4tt till n\u00e5got (t.ex. personer, id\u00e9er, situationer) P\u00e5verkar hur vi [&hellip;]<\/p>\n","protected":false},"author":1,"featured_media":0,"parent":0,"menu_order":0,"comment_status":"closed","ping_status":"closed","template":"","meta":{"footnotes":""},"class_list":["post-8","page","type-page","status-publish","hentry"],"_links":{"self":[{"href":"https:\/\/gradient-benchmark.com\/sv\/wp-json\/wp\/v2\/pages\/8","targetHints":{"allow":["GET"]}}],"collection":[{"href":"https:\/\/gradient-benchmark.com\/sv\/wp-json\/wp\/v2\/pages"}],"about":[{"href":"https:\/\/gradient-benchmark.com\/sv\/wp-json\/wp\/v2\/types\/page"}],"author":[{"embeddable":true,"href":"https:\/\/gradient-benchmark.com\/sv\/wp-json\/wp\/v2\/users\/1"}],"replies":[{"embeddable":true,"href":"https:\/\/gradient-benchmark.com\/sv\/wp-json\/wp\/v2\/comments?post=8"}],"version-history":[{"count":19,"href":"https:\/\/gradient-benchmark.com\/sv\/wp-json\/wp\/v2\/pages\/8\/revisions"}],"predecessor-version":[{"id":616,"href":"https:\/\/gradient-benchmark.com\/sv\/wp-json\/wp\/v2\/pages\/8\/revisions\/616"}],"wp:attachment":[{"href":"https:\/\/gradient-benchmark.com\/sv\/wp-json\/wp\/v2\/media?parent=8"}],"curies":[{"name":"wp","href":"https:\/\/api.w.org\/{rel}","templated":true}]}}